{"id":15546,"date":"2025-11-04T14:56:49","date_gmt":"2025-11-04T14:56:49","guid":{"rendered":"https:\/\/dev2.cantalupe.net\/sigloxxi\/libro\/mujeres-2\/"},"modified":"2025-11-04T14:57:05","modified_gmt":"2025-11-04T14:57:05","slug":"mujeres-2","status":"publish","type":"product","link":"https:\/\/dev2.cantalupe.net\/sigloxxi\/libro\/mujeres-2\/","title":{"rendered":"Mujeres"},"content":{"rendered":"<p>Rese\u00f1a de An\u00edbal Malvar<br \/>\nRese\u00f1a en InfoLibre<br \/>\n\t\u00abNo hay tradici\u00f3n cultural que no justifique el monopolio masculino de las armas y de la palabra, ni hay tradici\u00f3n popular que no perpet\u00fae el desprestigio de la mujer o que no la denuncie como peligro.\u00bb<br \/>\n\t\u00a0<br \/>\n\tGaleano ha hecho de la mujer un eje vertebrador de su creaci\u00f3n, para defender, en ella y en su reivindicaci\u00f3n, la dignidad, siempre precaria, del ser humano.<br \/>\nGaleano cuenta la intensidad de personajes femeninos atravesados por el peso de una causa, como Juana de Arco, Rosa Luxemburgo o Rigoberta Mench\u00fa; por su propia hermosura o talento, como Marilyn Monroe o Rita Hayworth, Frida Kahlo o Marie Curie, Camille Claudel o Josephine Baker. Pero tambi\u00e9n cuenta las haza\u00f1as colectivas de mujeres an\u00f3nimas: las que lucharon en la Comuna de Par\u00eds, las guerreras de la revoluci\u00f3n mexicana, las que en un prost\u00edbulo de la Patagonia argentina se negaron a atender a los soldados que hab\u00edan reprimido a los obreros.<br \/>\nComo el personaje que abre el libro, la Sherezade de Las mil y una noches que le cuenta historias al rey para que no la mate, Galeano entrega en cada relato de la presente antolog\u00eda su maestr\u00eda de narrador oral y de artesano del lenguaje, para conjurar el olvido, pero tambi\u00e9n para celebrar la experiencia de las que nunca se resignan.<\/p>\n","protected":false},"excerpt":{"rendered":"<p>Rese\u00f1a de An\u00edbal Malvar<br \/>\nRese\u00f1a en InfoLibre<br \/>\n\t\u00abNo hay tradici\u00f3n cultural que no justifique el monopolio masculino de las armas y de la palabra, ni hay tradici\u00f3n popular que no perpet\u00fae el desprestigio de la mujer o que no la denuncie como peligro.\u00bb<br \/>\n\t\u00a0<br \/>\n\tGaleano ha hecho de la mujer un eje vertebrador de su creaci\u00f3n, para defender, en ella y en su reivindicaci\u00f3n, la dignidad, siempre precaria, del ser humano.<br \/>\nGaleano cuenta la intensidad de personajes femeninos atravesados por el peso de una causa, como Juana de Arco, Rosa Luxemburgo o Rigoberta Mench\u00fa; por su propia hermosura o talento, como Marilyn Monroe o Rita Hayworth, Frida Kahlo o Marie Curie, Camille Claudel o Josephine Baker. Pero tambi\u00e9n cuenta las haza\u00f1as colectivas de mujeres an\u00f3nimas: las que lucharon en la Comuna de Par\u00eds, las guerreras de la revoluci\u00f3n mexicana, las que en un prost\u00edbulo de la Patagonia argentina se negaron a atender a los soldados que hab\u00edan reprimido a los obreros.<br \/>\nComo el personaje que abre el libro, la Sherezade de Las mil y una noches que le cuenta historias al rey para que no la mate, Galeano entrega en cada relato de la presente antolog\u00eda su maestr\u00eda de narrador oral y de artesano del lenguaje, para conjurar el olvido, pero tambi\u00e9n para celebrar la experiencia de las que nunca se resignan.<\/p>\n","protected":false},"featured_media":3832,"comment_status":"closed","ping_status":"open","template":"","meta":{"_acf_changed":false},"materia_nivel_3":[2560],"subtema_nivel_2":[2562],"tema_nivel_1":[2693],"product_brand":[],"product_cat":[15],"product_tag":[],"product_author":[2868],"product_collection":[],"class_list":{"0":"post-15546","1":"product","2":"type-product","3":"status-publish","4":"has-post-thumbnail","6":"materia_nivel_3-narrativa","7":"subtema_nivel_2-lengua-y-literatura","8":"tema_nivel_1-biblioteca-eduardo-galeano","9":"product_cat-uncategorized","10":"product_author-galeano-eduardo","12":"first","13":"instock","14":"purchasable","15":"product-type-simple"},"acf":[],"_links":{"self":[{"href":"https:\/\/dev2.cantalupe.net\/sigloxxi\/wp-json\/wp\/v2\/product\/15546","targetHints":{"allow":["GET"]}}],"collection":[{"href":"https:\/\/dev2.cantalupe.net\/sigloxxi\/wp-json\/wp\/v2\/product"}],"about":[{"href":"https:\/\/dev2.cantalupe.net\/sigloxxi\/wp-json\/wp\/v2\/types\/product"}],"replies":[{"embeddable":true,"href":"https:\/\/dev2.cantalupe.net\/sigloxxi\/wp-json\/wp\/v2\/comments?post=15546"}],"version-history":[{"count":1,"href":"https:\/\/dev2.cantalupe.net\/sigloxxi\/wp-json\/wp\/v2\/product\/15546\/revisions"}],"predecessor-version":[{"id":15547,"href":"https:\/\/dev2.cantalupe.net\/sigloxxi\/wp-json\/wp\/v2\/product\/15546\/revisions\/15547"}],"wp:featuredmedia":[{"embeddable":true,"href":"https:\/\/dev2.cantalupe.net\/sigloxxi\/wp-json\/wp\/v2\/media\/3832"}],"wp:attachment":[{"href":"https:\/\/dev2.cantalupe.net\/sigloxxi\/wp-json\/wp\/v2\/media?parent=15546"}],"wp:term":[{"taxonomy":"materia_nivel_3","embeddable":true,"href":"https:\/\/dev2.cantalupe.net\/sigloxxi\/wp-json\/wp\/v2\/materia_nivel_3?post=15546"},{"taxonomy":"subtema_nivel_2","embeddable":true,"href":"https:\/\/dev2.cantalupe.net\/sigloxxi\/wp-json\/wp\/v2\/subtema_nivel_2?post=15546"},{"taxonomy":"tema_nivel_1","embeddable":true,"href":"https:\/\/dev2.cantalupe.net\/sigloxxi\/wp-json\/wp\/v2\/tema_nivel_1?post=15546"},{"taxonomy":"product_brand","embeddable":true,"href":"https:\/\/dev2.cantalupe.net\/sigloxxi\/wp-json\/wp\/v2\/product_brand?post=15546"},{"taxonomy":"product_cat","embeddable":true,"href":"https:\/\/dev2.cantalupe.net\/sigloxxi\/wp-json\/wp\/v2\/product_cat?post=15546"},{"taxonomy":"product_tag","embeddable":true,"href":"https:\/\/dev2.cantalupe.net\/sigloxxi\/wp-json\/wp\/v2\/product_tag?post=15546"},{"taxonomy":"product_author","embeddable":true,"href":"https:\/\/dev2.cantalupe.net\/sigloxxi\/wp-json\/wp\/v2\/product_author?post=15546"},{"taxonomy":"product_collection","embeddable":true,"href":"https:\/\/dev2.cantalupe.net\/sigloxxi\/wp-json\/wp\/v2\/product_collection?post=15546"}],"curies":[{"name":"wp","href":"https:\/\/api.w.org\/{rel}","templated":true}]}}