{"id":15590,"date":"2025-11-04T14:57:07","date_gmt":"2025-11-04T14:57:07","guid":{"rendered":"https:\/\/dev2.cantalupe.net\/sigloxxi\/libro\/newton-y-la-gravedad\/"},"modified":"2025-11-04T14:57:16","modified_gmt":"2025-11-04T14:57:16","slug":"newton-y-la-gravedad","status":"publish","type":"product","link":"https:\/\/dev2.cantalupe.net\/sigloxxi\/libro\/newton-y-la-gravedad\/","title":{"rendered":"Newton y la gravedad"},"content":{"rendered":"<p>Newton es uno de los cient\u00edficos m\u00e1s influyentes de la historia. No solo desarroll\u00f3 y formul\u00f3 la teor\u00eda de la gravedad, proporcionando a la humanidad un primer atisbo del funcionamiento del universo, sino que, adem\u00e1s, descubri\u00f3 el concepto de fuerza, la naturaleza de la luz y cambi\u00f3 nuestra manera de calcular.\u00a0<br \/>\nLos descubrimientos de Newton transformar\u00edan para siempre la forma en que percibimos el mundo. Newton y la gravedad resume brillantemente la vida y la obra de Newton, y explica, de un modo claro y accesible, el significado y la importancia de los descubrimientos que realiz\u00f3, as\u00ed como la manera en que \u00e9stos han transformado nuestra vida diaria.<\/p>\n","protected":false},"excerpt":{"rendered":"<p>Newton es uno de los cient\u00edficos m\u00e1s influyentes de la historia. No solo desarroll\u00f3 y formul\u00f3 la teor\u00eda de la gravedad, proporcionando a la humanidad un primer atisbo del funcionamiento del universo, sino que, adem\u00e1s, descubri\u00f3 el concepto de fuerza, la naturaleza de la luz y cambi\u00f3 nuestra manera de calcular.\u00a0<br \/>\nLos descubrimientos de Newton transformar\u00edan para siempre la forma en que percibimos el mundo. Newton y la gravedad resume brillantemente la vida y la obra de Newton, y explica, de un modo claro y accesible, el significado y la importancia de los descubrimientos que realiz\u00f3, as\u00ed como la manera en que \u00e9stos han transformado nuestra vida diaria.<\/p>\n","protected":false},"featured_media":3870,"comment_status":"closed","ping_status":"open","template":"","meta":{"_acf_changed":false},"materia_nivel_3":[],"subtema_nivel_2":[3519,2665,2664],"tema_nivel_1":[2663],"product_brand":[],"product_cat":[15],"product_tag":[],"product_author":[2849],"product_collection":[],"class_list":{"0":"post-15590","1":"product","2":"type-product","3":"status-publish","4":"has-post-thumbnail","6":"subtema_nivel_2-astronomia","7":"subtema_nivel_2-fisica-y-quimica","8":"subtema_nivel_2-matematicas","9":"tema_nivel_1-en-90-minutos","10":"product_cat-uncategorized","11":"product_author-strathern-paul","13":"first","14":"instock","15":"purchasable","16":"product-type-simple"},"acf":[],"_links":{"self":[{"href":"https:\/\/dev2.cantalupe.net\/sigloxxi\/wp-json\/wp\/v2\/product\/15590","targetHints":{"allow":["GET"]}}],"collection":[{"href":"https:\/\/dev2.cantalupe.net\/sigloxxi\/wp-json\/wp\/v2\/product"}],"about":[{"href":"https:\/\/dev2.cantalupe.net\/sigloxxi\/wp-json\/wp\/v2\/types\/product"}],"replies":[{"embeddable":true,"href":"https:\/\/dev2.cantalupe.net\/sigloxxi\/wp-json\/wp\/v2\/comments?post=15590"}],"version-history":[{"count":1,"href":"https:\/\/dev2.cantalupe.net\/sigloxxi\/wp-json\/wp\/v2\/product\/15590\/revisions"}],"predecessor-version":[{"id":15591,"href":"https:\/\/dev2.cantalupe.net\/sigloxxi\/wp-json\/wp\/v2\/product\/15590\/revisions\/15591"}],"wp:featuredmedia":[{"embeddable":true,"href":"https:\/\/dev2.cantalupe.net\/sigloxxi\/wp-json\/wp\/v2\/media\/3870"}],"wp:attachment":[{"href":"https:\/\/dev2.cantalupe.net\/sigloxxi\/wp-json\/wp\/v2\/media?parent=15590"}],"wp:term":[{"taxonomy":"materia_nivel_3","embeddable":true,"href":"https:\/\/dev2.cantalupe.net\/sigloxxi\/wp-json\/wp\/v2\/materia_nivel_3?post=15590"},{"taxonomy":"subtema_nivel_2","embeddable":true,"href":"https:\/\/dev2.cantalupe.net\/sigloxxi\/wp-json\/wp\/v2\/subtema_nivel_2?post=15590"},{"taxonomy":"tema_nivel_1","embeddable":true,"href":"https:\/\/dev2.cantalupe.net\/sigloxxi\/wp-json\/wp\/v2\/tema_nivel_1?post=15590"},{"taxonomy":"product_brand","embeddable":true,"href":"https:\/\/dev2.cantalupe.net\/sigloxxi\/wp-json\/wp\/v2\/product_brand?post=15590"},{"taxonomy":"product_cat","embeddable":true,"href":"https:\/\/dev2.cantalupe.net\/sigloxxi\/wp-json\/wp\/v2\/product_cat?post=15590"},{"taxonomy":"product_tag","embeddable":true,"href":"https:\/\/dev2.cantalupe.net\/sigloxxi\/wp-json\/wp\/v2\/product_tag?post=15590"},{"taxonomy":"product_author","embeddable":true,"href":"https:\/\/dev2.cantalupe.net\/sigloxxi\/wp-json\/wp\/v2\/product_author?post=15590"},{"taxonomy":"product_collection","embeddable":true,"href":"https:\/\/dev2.cantalupe.net\/sigloxxi\/wp-json\/wp\/v2\/product_collection?post=15590"}],"curies":[{"name":"wp","href":"https:\/\/api.w.org\/{rel}","templated":true}]}}