{"id":15602,"date":"2025-11-04T14:57:18","date_gmt":"2025-11-04T14:57:18","guid":{"rendered":"https:\/\/dev2.cantalupe.net\/sigloxxi\/libro\/ni-tribunos\/"},"modified":"2025-11-04T14:57:18","modified_gmt":"2025-11-04T14:57:18","slug":"ni-tribunos","status":"publish","type":"product","link":"https:\/\/dev2.cantalupe.net\/sigloxxi\/libro\/ni-tribunos\/","title":{"rendered":"Ni tribunos"},"content":{"rendered":"<p>\u00bfQu\u00e9 tipo de socialismo tras la tragedia proletaria del estalinismo, la ca\u00edda del Muro de Berl\u00edn y la desnaturalizaci\u00f3n de las socialdemocracias occidentales? \u00bfQu\u00e9 clase de democracia tras la crisis de la pol\u00edtica en las democracias liberales? \u00bfQu\u00e9 pol\u00edticas ambientales en la era de la crisis ecol\u00f3gica global? \u00bfQu\u00e9 proyectos de liberaci\u00f3n despu\u00e9s del decretado final de la historia? \u00bfQu\u00e9 \u00e9tica de la resistencia cuando triunfan el imperio \u00fanico, el mercado \u00fanico y el pensamiento \u00fanico? Este libro no tiene la pretensi\u00f3n de ofrecer soluciones cerradas a estos grandes problemas, sino que m\u00e1s bien trata de combinar elementos de an\u00e1lisis, propuestas morales y bases program\u00e1ticas que contribuyan a una reformulaci\u00f3n de los idearios de emancipaci\u00f3n a la altura de nuestro tiempo. A finales del siglo XX, se dice en este nuevo ensayo de Fern\u00e1ndez Buey y Riechmann (que ya colaboraron anteriormente para escribir Redes que dan libertad. Introducci\u00f3n a los nuevos movimientos sociales, Paid\u00f3s), el socialismo tiene que plantear su propia reforma. Jorge Riechmann (Madrid, 1962) es profesor titular de la Universidad de Barcelona, y actualmente dirige el \u00e1rea de medio ambiente de la Fundaci\u00f3n Primero de Mayo (vinculada al sindicato Comisiones Obreras). Entre sus \u00faltimos libros destacan los poemarios Baila con un extranjero y Amarte sin regreso (ambos en eds. Hiperi\u00f3n), y los ensayos Animales y ciudadanos. Indagaci\u00f3n sobre el lugar de los animales en la moral y el derecho de las sociedades industrializadas (en colaboraci\u00f3n con Jes\u00fas Mosterln, ed. Talasa) y Trabajar y compartir. El debate sobre la reducci\u00f3n del tiempo de trabajo (en colaboraci\u00f3n con Albert Recio, ed. Icaria). Francisco Fern\u00e1ndez Buey (Palencia, 1943) es catedr\u00e1tico de la Universidad Pompeu Fabra de Barcelona, en cuya Facultad de Humanidades ense\u00f1a Filosof\u00eda Pol\u00edtica. En los \u00faltimos a\u00f1os ha publish: Discursos para insumisos discretos (Libertarias, 1993), La barbarie: de ellos y de los nuestros (Paid\u00f3s, 1995) y La gran perturbaci\u00f3n. Discurso del indio metropolitano (Destino, 1996).<\/p>\n","protected":false},"excerpt":{"rendered":"<p>\u00bfQu\u00e9 tipo de socialismo tras la tragedia proletaria del estalinismo, la ca\u00edda del Muro de Berl\u00edn y la desnaturalizaci\u00f3n de las socialdemocracias occidentales? \u00bfQu\u00e9 clase de democracia tras la crisis de la pol\u00edtica en las democracias liberales? \u00bfQu\u00e9 pol\u00edticas ambientales en la era de la crisis ecol\u00f3gica global? \u00bfQu\u00e9 proyectos de liberaci\u00f3n despu\u00e9s del decretado final de la historia? \u00bfQu\u00e9 \u00e9tica de la resistencia cuando triunfan el imperio \u00fanico, el mercado \u00fanico y el pensamiento \u00fanico? Este libro no tiene la pretensi\u00f3n de ofrecer soluciones cerradas a estos grandes problemas, sino que m\u00e1s bien trata de combinar elementos de an\u00e1lisis, propuestas morales y bases program\u00e1ticas que contribuyan a una reformulaci\u00f3n de los idearios de emancipaci\u00f3n a la altura de nuestro tiempo. A finales del siglo XX, se dice en este nuevo ensayo de Fern\u00e1ndez Buey y Riechmann (que ya colaboraron anteriormente para escribir Redes que dan libertad. Introducci\u00f3n a los nuevos movimientos sociales, Paid\u00f3s), el socialismo tiene que plantear su propia reforma. Jorge Riechmann (Madrid, 1962) es profesor titular de la Universidad de Barcelona, y actualmente dirige el \u00e1rea de medio ambiente de la Fundaci\u00f3n Primero de Mayo (vinculada al sindicato Comisiones Obreras). Entre sus \u00faltimos libros destacan los poemarios Baila con un extranjero y Amarte sin regreso (ambos en eds. Hiperi\u00f3n), y los ensayos Animales y ciudadanos. Indagaci\u00f3n sobre el lugar de los animales en la moral y el derecho de las sociedades industrializadas (en colaboraci\u00f3n con Jes\u00fas Mosterln, ed. Talasa) y Trabajar y compartir. El debate sobre la reducci\u00f3n del tiempo de trabajo (en colaboraci\u00f3n con Albert Recio, ed. Icaria). Francisco Fern\u00e1ndez Buey (Palencia, 1943) es catedr\u00e1tico de la Universidad Pompeu Fabra de Barcelona, en cuya Facultad de Humanidades ense\u00f1a Filosof\u00eda Pol\u00edtica. En los \u00faltimos a\u00f1os ha publish: Discursos para insumisos discretos (Libertarias, 1993), La barbarie: de ellos y de los nuestros (Paid\u00f3s, 1995) y La gran perturbaci\u00f3n. Discurso del indio metropolitano (Destino, 1996).<\/p>\n","protected":false},"featured_media":3880,"comment_status":"closed","ping_status":"open","template":"","meta":{"_acf_changed":false},"materia_nivel_3":[],"subtema_nivel_2":[2576],"tema_nivel_1":[2570],"product_brand":[],"product_cat":[15],"product_tag":[],"product_author":[4302,4301],"product_collection":[],"class_list":{"0":"post-15602","1":"product","2":"type-product","3":"status-publish","4":"has-post-thumbnail","6":"subtema_nivel_2-politica","7":"tema_nivel_1-ciencias-sociales","8":"product_cat-uncategorized","9":"product_author-fernandez-buey-francisco","10":"product_author-riechmann-jorge","12":"first","13":"instock","14":"purchasable","15":"product-type-simple"},"acf":[],"_links":{"self":[{"href":"https:\/\/dev2.cantalupe.net\/sigloxxi\/wp-json\/wp\/v2\/product\/15602","targetHints":{"allow":["GET"]}}],"collection":[{"href":"https:\/\/dev2.cantalupe.net\/sigloxxi\/wp-json\/wp\/v2\/product"}],"about":[{"href":"https:\/\/dev2.cantalupe.net\/sigloxxi\/wp-json\/wp\/v2\/types\/product"}],"replies":[{"embeddable":true,"href":"https:\/\/dev2.cantalupe.net\/sigloxxi\/wp-json\/wp\/v2\/comments?post=15602"}],"version-history":[{"count":1,"href":"https:\/\/dev2.cantalupe.net\/sigloxxi\/wp-json\/wp\/v2\/product\/15602\/revisions"}],"predecessor-version":[{"id":15603,"href":"https:\/\/dev2.cantalupe.net\/sigloxxi\/wp-json\/wp\/v2\/product\/15602\/revisions\/15603"}],"wp:featuredmedia":[{"embeddable":true,"href":"https:\/\/dev2.cantalupe.net\/sigloxxi\/wp-json\/wp\/v2\/media\/3880"}],"wp:attachment":[{"href":"https:\/\/dev2.cantalupe.net\/sigloxxi\/wp-json\/wp\/v2\/media?parent=15602"}],"wp:term":[{"taxonomy":"materia_nivel_3","embeddable":true,"href":"https:\/\/dev2.cantalupe.net\/sigloxxi\/wp-json\/wp\/v2\/materia_nivel_3?post=15602"},{"taxonomy":"subtema_nivel_2","embeddable":true,"href":"https:\/\/dev2.cantalupe.net\/sigloxxi\/wp-json\/wp\/v2\/subtema_nivel_2?post=15602"},{"taxonomy":"tema_nivel_1","embeddable":true,"href":"https:\/\/dev2.cantalupe.net\/sigloxxi\/wp-json\/wp\/v2\/tema_nivel_1?post=15602"},{"taxonomy":"product_brand","embeddable":true,"href":"https:\/\/dev2.cantalupe.net\/sigloxxi\/wp-json\/wp\/v2\/product_brand?post=15602"},{"taxonomy":"product_cat","embeddable":true,"href":"https:\/\/dev2.cantalupe.net\/sigloxxi\/wp-json\/wp\/v2\/product_cat?post=15602"},{"taxonomy":"product_tag","embeddable":true,"href":"https:\/\/dev2.cantalupe.net\/sigloxxi\/wp-json\/wp\/v2\/product_tag?post=15602"},{"taxonomy":"product_author","embeddable":true,"href":"https:\/\/dev2.cantalupe.net\/sigloxxi\/wp-json\/wp\/v2\/product_author?post=15602"},{"taxonomy":"product_collection","embeddable":true,"href":"https:\/\/dev2.cantalupe.net\/sigloxxi\/wp-json\/wp\/v2\/product_collection?post=15602"}],"curies":[{"name":"wp","href":"https:\/\/api.w.org\/{rel}","templated":true}]}}