{"id":15610,"date":"2025-11-04T14:57:18","date_gmt":"2025-11-04T14:57:18","guid":{"rendered":"https:\/\/dev2.cantalupe.net\/sigloxxi\/libro\/nosotros-decimos-no\/"},"modified":"2025-11-04T14:57:22","modified_gmt":"2025-11-04T14:57:22","slug":"nosotros-decimos-no","status":"publish","type":"product","link":"https:\/\/dev2.cantalupe.net\/sigloxxi\/libro\/nosotros-decimos-no\/","title":{"rendered":"Nosotros decimos no"},"content":{"rendered":"<p>En este libro se re\u00fanen art\u00edculos y reportajes publishs entre 1963 y 1988, en los que se abordan temas que van de las revoluciones latinoamericanas a la herencia colonial, pasando por mitos y profec\u00edas ind\u00edgenas, o entrevistas a grandes figuras como Per\u00f3n, el Che o Pel\u00e9. Una perfecta muestra de c\u00f3mo Galeano entend\u00eda que el periodismo no es ajeno a los dominios de la literatura: ya sea en forma de cr\u00f3nica o de libro, la escritura no admite coartadas para su mala calidad.<\/p>\n","protected":false},"excerpt":{"rendered":"<p>En este libro se re\u00fanen art\u00edculos y reportajes publishs entre 1963 y 1988, en los que se abordan temas que van de las revoluciones latinoamericanas a la herencia colonial, pasando por mitos y profec\u00edas ind\u00edgenas, o entrevistas a grandes figuras como Per\u00f3n, el Che o Pel\u00e9. Una perfecta muestra de c\u00f3mo Galeano entend\u00eda que el periodismo no es ajeno a los dominios de la literatura: ya sea en forma de cr\u00f3nica o de libro, la escritura no admite coartadas para su mala calidad.<\/p>\n","protected":false},"featured_media":3887,"comment_status":"closed","ping_status":"open","template":"","meta":{"_acf_changed":false},"materia_nivel_3":[2560],"subtema_nivel_2":[2764,2576],"tema_nivel_1":[2693],"product_brand":[],"product_cat":[15],"product_tag":[],"product_author":[2868],"product_collection":[],"class_list":{"0":"post-15610","1":"product","2":"type-product","3":"status-publish","4":"has-post-thumbnail","6":"materia_nivel_3-narrativa","7":"subtema_nivel_2-comunicacion","8":"subtema_nivel_2-politica","9":"tema_nivel_1-biblioteca-eduardo-galeano","10":"product_cat-uncategorized","11":"product_author-galeano-eduardo","13":"first","14":"instock","15":"purchasable","16":"product-type-simple"},"acf":[],"_links":{"self":[{"href":"https:\/\/dev2.cantalupe.net\/sigloxxi\/wp-json\/wp\/v2\/product\/15610","targetHints":{"allow":["GET"]}}],"collection":[{"href":"https:\/\/dev2.cantalupe.net\/sigloxxi\/wp-json\/wp\/v2\/product"}],"about":[{"href":"https:\/\/dev2.cantalupe.net\/sigloxxi\/wp-json\/wp\/v2\/types\/product"}],"replies":[{"embeddable":true,"href":"https:\/\/dev2.cantalupe.net\/sigloxxi\/wp-json\/wp\/v2\/comments?post=15610"}],"version-history":[{"count":1,"href":"https:\/\/dev2.cantalupe.net\/sigloxxi\/wp-json\/wp\/v2\/product\/15610\/revisions"}],"predecessor-version":[{"id":15611,"href":"https:\/\/dev2.cantalupe.net\/sigloxxi\/wp-json\/wp\/v2\/product\/15610\/revisions\/15611"}],"wp:featuredmedia":[{"embeddable":true,"href":"https:\/\/dev2.cantalupe.net\/sigloxxi\/wp-json\/wp\/v2\/media\/3887"}],"wp:attachment":[{"href":"https:\/\/dev2.cantalupe.net\/sigloxxi\/wp-json\/wp\/v2\/media?parent=15610"}],"wp:term":[{"taxonomy":"materia_nivel_3","embeddable":true,"href":"https:\/\/dev2.cantalupe.net\/sigloxxi\/wp-json\/wp\/v2\/materia_nivel_3?post=15610"},{"taxonomy":"subtema_nivel_2","embeddable":true,"href":"https:\/\/dev2.cantalupe.net\/sigloxxi\/wp-json\/wp\/v2\/subtema_nivel_2?post=15610"},{"taxonomy":"tema_nivel_1","embeddable":true,"href":"https:\/\/dev2.cantalupe.net\/sigloxxi\/wp-json\/wp\/v2\/tema_nivel_1?post=15610"},{"taxonomy":"product_brand","embeddable":true,"href":"https:\/\/dev2.cantalupe.net\/sigloxxi\/wp-json\/wp\/v2\/product_brand?post=15610"},{"taxonomy":"product_cat","embeddable":true,"href":"https:\/\/dev2.cantalupe.net\/sigloxxi\/wp-json\/wp\/v2\/product_cat?post=15610"},{"taxonomy":"product_tag","embeddable":true,"href":"https:\/\/dev2.cantalupe.net\/sigloxxi\/wp-json\/wp\/v2\/product_tag?post=15610"},{"taxonomy":"product_author","embeddable":true,"href":"https:\/\/dev2.cantalupe.net\/sigloxxi\/wp-json\/wp\/v2\/product_author?post=15610"},{"taxonomy":"product_collection","embeddable":true,"href":"https:\/\/dev2.cantalupe.net\/sigloxxi\/wp-json\/wp\/v2\/product_collection?post=15610"}],"curies":[{"name":"wp","href":"https:\/\/api.w.org\/{rel}","templated":true}]}}