{"id":15638,"date":"2025-11-04T14:57:28","date_gmt":"2025-11-04T14:57:28","guid":{"rendered":"https:\/\/dev2.cantalupe.net\/sigloxxi\/libro\/oppenheimer-y-la-bomba-atomica\/"},"modified":"2025-11-04T14:57:28","modified_gmt":"2025-11-04T14:57:28","slug":"oppenheimer-y-la-bomba-atomica","status":"publish","type":"product","link":"https:\/\/dev2.cantalupe.net\/sigloxxi\/libro\/oppenheimer-y-la-bomba-atomica\/","title":{"rendered":"Oppenheimer y la bomba at\u00f3mica"},"content":{"rendered":"<p>Las dos bombas at\u00f3micas arrojadas sobre Hiroshima y Nagasaki en 1945 inauguraron una nueva era en la que la posibilidad de la aniquilaci\u00f3n nuclear ha mantenido al mundo en un precario equilibrio. A Oppenheimer se le recuerda como \u00abel padre de la bomba at\u00f3mica\u00bb. \u00bfC\u00f3mo fue el proyecto Manhattan y la carrera desbocada para crear la primera bomba at\u00f3mica? \u00bfA qu\u00e9 dilemas morales hubo de enfrentarse Oppenheimer?<br \/>\nOppenheimer y la bomba at\u00f3mica presenta una instant\u00e1nea brillante de un cient\u00edfico y su controvertido trabajo. Ofrece una explicaci\u00f3n clara y accesible de c\u00f3mo se desarroll\u00f3 la bomba at\u00f3mica, de su importancia y de las implicaciones que ha tenido durante el siglo xx y el presente.<\/p>\n","protected":false},"excerpt":{"rendered":"<p>Las dos bombas at\u00f3micas arrojadas sobre Hiroshima y Nagasaki en 1945 inauguraron una nueva era en la que la posibilidad de la aniquilaci\u00f3n nuclear ha mantenido al mundo en un precario equilibrio. A Oppenheimer se le recuerda como \u00abel padre de la bomba at\u00f3mica\u00bb. \u00bfC\u00f3mo fue el proyecto Manhattan y la carrera desbocada para crear la primera bomba at\u00f3mica? \u00bfA qu\u00e9 dilemas morales hubo de enfrentarse Oppenheimer?<br \/>\nOppenheimer y la bomba at\u00f3mica presenta una instant\u00e1nea brillante de un cient\u00edfico y su controvertido trabajo. Ofrece una explicaci\u00f3n clara y accesible de c\u00f3mo se desarroll\u00f3 la bomba at\u00f3mica, de su importancia y de las implicaciones que ha tenido durante el siglo xx y el presente.<\/p>\n","protected":false},"featured_media":3912,"comment_status":"closed","ping_status":"open","template":"","meta":{"_acf_changed":false},"materia_nivel_3":[],"subtema_nivel_2":[2665,2561],"tema_nivel_1":[2663],"product_brand":[],"product_cat":[15],"product_tag":[],"product_author":[2849],"product_collection":[],"class_list":{"0":"post-15638","1":"product","2":"type-product","3":"status-publish","4":"has-post-thumbnail","6":"subtema_nivel_2-fisica-y-quimica","7":"subtema_nivel_2-historia","8":"tema_nivel_1-en-90-minutos","9":"product_cat-uncategorized","10":"product_author-strathern-paul","12":"first","13":"instock","14":"purchasable","15":"product-type-simple"},"acf":[],"_links":{"self":[{"href":"https:\/\/dev2.cantalupe.net\/sigloxxi\/wp-json\/wp\/v2\/product\/15638","targetHints":{"allow":["GET"]}}],"collection":[{"href":"https:\/\/dev2.cantalupe.net\/sigloxxi\/wp-json\/wp\/v2\/product"}],"about":[{"href":"https:\/\/dev2.cantalupe.net\/sigloxxi\/wp-json\/wp\/v2\/types\/product"}],"replies":[{"embeddable":true,"href":"https:\/\/dev2.cantalupe.net\/sigloxxi\/wp-json\/wp\/v2\/comments?post=15638"}],"version-history":[{"count":1,"href":"https:\/\/dev2.cantalupe.net\/sigloxxi\/wp-json\/wp\/v2\/product\/15638\/revisions"}],"predecessor-version":[{"id":15639,"href":"https:\/\/dev2.cantalupe.net\/sigloxxi\/wp-json\/wp\/v2\/product\/15638\/revisions\/15639"}],"wp:featuredmedia":[{"embeddable":true,"href":"https:\/\/dev2.cantalupe.net\/sigloxxi\/wp-json\/wp\/v2\/media\/3912"}],"wp:attachment":[{"href":"https:\/\/dev2.cantalupe.net\/sigloxxi\/wp-json\/wp\/v2\/media?parent=15638"}],"wp:term":[{"taxonomy":"materia_nivel_3","embeddable":true,"href":"https:\/\/dev2.cantalupe.net\/sigloxxi\/wp-json\/wp\/v2\/materia_nivel_3?post=15638"},{"taxonomy":"subtema_nivel_2","embeddable":true,"href":"https:\/\/dev2.cantalupe.net\/sigloxxi\/wp-json\/wp\/v2\/subtema_nivel_2?post=15638"},{"taxonomy":"tema_nivel_1","embeddable":true,"href":"https:\/\/dev2.cantalupe.net\/sigloxxi\/wp-json\/wp\/v2\/tema_nivel_1?post=15638"},{"taxonomy":"product_brand","embeddable":true,"href":"https:\/\/dev2.cantalupe.net\/sigloxxi\/wp-json\/wp\/v2\/product_brand?post=15638"},{"taxonomy":"product_cat","embeddable":true,"href":"https:\/\/dev2.cantalupe.net\/sigloxxi\/wp-json\/wp\/v2\/product_cat?post=15638"},{"taxonomy":"product_tag","embeddable":true,"href":"https:\/\/dev2.cantalupe.net\/sigloxxi\/wp-json\/wp\/v2\/product_tag?post=15638"},{"taxonomy":"product_author","embeddable":true,"href":"https:\/\/dev2.cantalupe.net\/sigloxxi\/wp-json\/wp\/v2\/product_author?post=15638"},{"taxonomy":"product_collection","embeddable":true,"href":"https:\/\/dev2.cantalupe.net\/sigloxxi\/wp-json\/wp\/v2\/product_collection?post=15638"}],"curies":[{"name":"wp","href":"https:\/\/api.w.org\/{rel}","templated":true}]}}