{"id":15646,"date":"2025-11-04T14:57:28","date_gmt":"2025-11-04T14:57:28","guid":{"rendered":"https:\/\/dev2.cantalupe.net\/sigloxxi\/libro\/organizacion-del-espacio-y-economia-rural-en-la-espana-atlantica\/"},"modified":"2025-11-04T14:57:29","modified_gmt":"2025-11-04T14:57:29","slug":"organizacion-del-espacio-y-economia-rural-en-la-espana-atlantica","status":"publish","type":"product","link":"https:\/\/dev2.cantalupe.net\/sigloxxi\/libro\/organizacion-del-espacio-y-economia-rural-en-la-espana-atlantica\/","title":{"rendered":"Organizaci\u00f3n del espacio y econom\u00eda rural en la Espa\u00f1a Atl\u00e1ntica"},"content":{"rendered":"<p>Solapa: La Espa\u00f1a Atl\u00e1ntica aparece hoy constituida por tres regiones de acusada personalidad: el Pa\u00eds Vasco, la Monta\u00f1a Cant\u00e1brica -Asturias y Santander- y Galicia. Las tres forman parte de un gran dominio ecol\u00f3gico, que se singulariza por una constante y abundante humedad, y constituyen un dominio humano. A lo largo de toda la Espa\u00f1a Atl\u00e1ntica ha existido desde hace siglos un fondo com\u00fan, un marco institucional que, con algunas variedades de matiz, ha llegado pr\u00e1cticamente hasta nuestros d\u00edas, y del cual a\u00fan quedan importantes vestigios que condicionan la realidad del presente. En este libro se se\u00f1ala la existencia de este fondo com\u00fan, que se ha manifestado en un tipo de econom\u00eda rural y de organizaci\u00f3n del espacio, y se estudia c\u00f3mo la evoluci\u00f3n ha cristalizado en unas diferencias regionales. Mientras el Pa\u00eds Vasco y la Monta\u00f1a Cant\u00e1brica se han incorporado a una econom\u00eda ganadera moderna -con matices diferenciadores- orientada a la producci\u00f3n de leche, Galicia ha permanecido anclada en el pasado, con una econom\u00eda rural basada en un policultivo de subsistencia. Se ha puesto especial inter\u00e9s en estudiar el caso de esta regi\u00f3n. La compleja historia de la estructura de su propiedad, basada en el foro, y que ha dado por resultado un minifundio muy acusado, ha sido la clave de que esta singular regi\u00f3n no se haya podido integrar en una econom\u00eda moderna a mayor escala. Jes\u00fas Garc\u00eda Fern\u00e1ndez naci\u00f3 en Valladolid (1928). Curs\u00f3 la especialidad de Historia en la Universidad de Madrid, donde obtuvo el grado de Doctor con una tesis de Geograf\u00eda (1955). Fue becario y colaborador del lnstituto Juan Sebasti\u00e1n Elcano de Geograf\u00eda (C. S. l. C.). Desde el a\u00f1o 1959 es catedr\u00e1tico de Geograf\u00eda en la Universidad de Valladolid, Ha colaborado asiduamente en la revista Estudios Geogr\u00e1ficos, y ha publish las siguientes obras: La emigraci\u00f3n exterior de Espa\u00f1a (1965), Sobre la ?agricultura de grupo? en Castilla la Vieja: el caso de un pueblo organizado en r\u00e9gimen cooperativo (1970) y Crecimiento y estructura urbana de Valladolid (1974).<\/p>\n","protected":false},"excerpt":{"rendered":"<p>Solapa: La Espa\u00f1a Atl\u00e1ntica aparece hoy constituida por tres regiones de acusada personalidad: el Pa\u00eds Vasco, la Monta\u00f1a Cant\u00e1brica -Asturias y Santander- y Galicia. Las tres forman parte de un gran dominio ecol\u00f3gico, que se singulariza por una constante y abundante humedad, y constituyen un dominio humano. A lo largo de toda la Espa\u00f1a Atl\u00e1ntica ha existido desde hace siglos un fondo com\u00fan, un marco institucional que, con algunas variedades de matiz, ha llegado pr\u00e1cticamente hasta nuestros d\u00edas, y del cual a\u00fan quedan importantes vestigios que condicionan la realidad del presente. En este libro se se\u00f1ala la existencia de este fondo com\u00fan, que se ha manifestado en un tipo de econom\u00eda rural y de organizaci\u00f3n del espacio, y se estudia c\u00f3mo la evoluci\u00f3n ha cristalizado en unas diferencias regionales. Mientras el Pa\u00eds Vasco y la Monta\u00f1a Cant\u00e1brica se han incorporado a una econom\u00eda ganadera moderna -con matices diferenciadores- orientada a la producci\u00f3n de leche, Galicia ha permanecido anclada en el pasado, con una econom\u00eda rural basada en un policultivo de subsistencia. Se ha puesto especial inter\u00e9s en estudiar el caso de esta regi\u00f3n. La compleja historia de la estructura de su propiedad, basada en el foro, y que ha dado por resultado un minifundio muy acusado, ha sido la clave de que esta singular regi\u00f3n no se haya podido integrar en una econom\u00eda moderna a mayor escala. Jes\u00fas Garc\u00eda Fern\u00e1ndez naci\u00f3 en Valladolid (1928). Curs\u00f3 la especialidad de Historia en la Universidad de Madrid, donde obtuvo el grado de Doctor con una tesis de Geograf\u00eda (1955). Fue becario y colaborador del lnstituto Juan Sebasti\u00e1n Elcano de Geograf\u00eda (C. S. l. C.). Desde el a\u00f1o 1959 es catedr\u00e1tico de Geograf\u00eda en la Universidad de Valladolid, Ha colaborado asiduamente en la revista Estudios Geogr\u00e1ficos, y ha publish las siguientes obras: La emigraci\u00f3n exterior de Espa\u00f1a (1965), Sobre la ?agricultura de grupo? en Castilla la Vieja: el caso de un pueblo organizado en r\u00e9gimen cooperativo (1970) y Crecimiento y estructura urbana de Valladolid (1974).<\/p>\n","protected":false},"featured_media":3919,"comment_status":"closed","ping_status":"open","template":"","meta":{"_acf_changed":false},"materia_nivel_3":[],"subtema_nivel_2":[2583],"tema_nivel_1":[2570],"product_brand":[],"product_cat":[15],"product_tag":[],"product_author":[4313],"product_collection":[],"class_list":{"0":"post-15646","1":"product","2":"type-product","3":"status-publish","4":"has-post-thumbnail","6":"subtema_nivel_2-sociologia","7":"tema_nivel_1-ciencias-sociales","8":"product_cat-uncategorized","9":"product_author-garcia-fernandez-jesus","11":"first","12":"instock","13":"purchasable","14":"product-type-simple"},"acf":[],"_links":{"self":[{"href":"https:\/\/dev2.cantalupe.net\/sigloxxi\/wp-json\/wp\/v2\/product\/15646","targetHints":{"allow":["GET"]}}],"collection":[{"href":"https:\/\/dev2.cantalupe.net\/sigloxxi\/wp-json\/wp\/v2\/product"}],"about":[{"href":"https:\/\/dev2.cantalupe.net\/sigloxxi\/wp-json\/wp\/v2\/types\/product"}],"replies":[{"embeddable":true,"href":"https:\/\/dev2.cantalupe.net\/sigloxxi\/wp-json\/wp\/v2\/comments?post=15646"}],"version-history":[{"count":1,"href":"https:\/\/dev2.cantalupe.net\/sigloxxi\/wp-json\/wp\/v2\/product\/15646\/revisions"}],"predecessor-version":[{"id":15647,"href":"https:\/\/dev2.cantalupe.net\/sigloxxi\/wp-json\/wp\/v2\/product\/15646\/revisions\/15647"}],"wp:featuredmedia":[{"embeddable":true,"href":"https:\/\/dev2.cantalupe.net\/sigloxxi\/wp-json\/wp\/v2\/media\/3919"}],"wp:attachment":[{"href":"https:\/\/dev2.cantalupe.net\/sigloxxi\/wp-json\/wp\/v2\/media?parent=15646"}],"wp:term":[{"taxonomy":"materia_nivel_3","embeddable":true,"href":"https:\/\/dev2.cantalupe.net\/sigloxxi\/wp-json\/wp\/v2\/materia_nivel_3?post=15646"},{"taxonomy":"subtema_nivel_2","embeddable":true,"href":"https:\/\/dev2.cantalupe.net\/sigloxxi\/wp-json\/wp\/v2\/subtema_nivel_2?post=15646"},{"taxonomy":"tema_nivel_1","embeddable":true,"href":"https:\/\/dev2.cantalupe.net\/sigloxxi\/wp-json\/wp\/v2\/tema_nivel_1?post=15646"},{"taxonomy":"product_brand","embeddable":true,"href":"https:\/\/dev2.cantalupe.net\/sigloxxi\/wp-json\/wp\/v2\/product_brand?post=15646"},{"taxonomy":"product_cat","embeddable":true,"href":"https:\/\/dev2.cantalupe.net\/sigloxxi\/wp-json\/wp\/v2\/product_cat?post=15646"},{"taxonomy":"product_tag","embeddable":true,"href":"https:\/\/dev2.cantalupe.net\/sigloxxi\/wp-json\/wp\/v2\/product_tag?post=15646"},{"taxonomy":"product_author","embeddable":true,"href":"https:\/\/dev2.cantalupe.net\/sigloxxi\/wp-json\/wp\/v2\/product_author?post=15646"},{"taxonomy":"product_collection","embeddable":true,"href":"https:\/\/dev2.cantalupe.net\/sigloxxi\/wp-json\/wp\/v2\/product_collection?post=15646"}],"curies":[{"name":"wp","href":"https:\/\/api.w.org\/{rel}","templated":true}]}}