{"id":15658,"date":"2025-11-04T14:57:28","date_gmt":"2025-11-04T14:57:28","guid":{"rendered":"https:\/\/dev2.cantalupe.net\/sigloxxi\/libro\/otra-escuela-es-posible\/"},"modified":"2025-11-04T14:57:33","modified_gmt":"2025-11-04T14:57:33","slug":"otra-escuela-es-posible","status":"publish","type":"product","link":"https:\/\/dev2.cantalupe.net\/sigloxxi\/libro\/otra-escuela-es-posible\/","title":{"rendered":"Otra escuela es posible"},"content":{"rendered":"<p>&#8220;\u00bfC\u00f3mo lograr que la escuela fomente en el alumnado la capacidad para cuestionarse y analizar con criterios propios la realidad y mantener vivo el inter\u00e9s por aprender el resto de su vida?\u00bfQueremos personas capaces de definir su propio proyecto de vida o individuos que se dejen arrastrar por fuerzas ajenas a s\u00ed mismos? Este debate ha estado ausente en la sociedad espa\u00f1ola pese a los \u00faltimos avatares legislativos. El autor apuesta por una escuela democr\u00e1tica de caracter\u00edsticas radicalmente distintas a las actuales, capaz de responder a los numerosos retos que plantea la sociedad del conocimiento. Una escuela que garantice el \u00e9xito escolar y una educaci\u00f3n de calidad para todos, organizada en torno a la persona que aprende y no en torno a la persona que ense\u00f1a; capaz de sacar del actual estado de aton\u00eda la participaci\u00f3n de profesores, alumnos y padres en el control y gesti\u00f3n de los centros sostenidos con fondos p\u00fablicos. El libro se completa con varios estudios de casos que demuestran el grado de viabilidad pr\u00e1ctica de las propuestas que se plantean y analiza si la LOE es una respuesta a los retos de los nuevos tiempos que nos toca vivir.<\/p>\n","protected":false},"excerpt":{"rendered":"<p>&#8220;\u00bfC\u00f3mo lograr que la escuela fomente en el alumnado la capacidad para cuestionarse y analizar con criterios propios la realidad y mantener vivo el inter\u00e9s por aprender el resto de su vida?\u00bfQueremos personas capaces de definir su propio proyecto de vida o individuos que se dejen arrastrar por fuerzas ajenas a s\u00ed mismos? Este debate ha estado ausente en la sociedad espa\u00f1ola pese a los \u00faltimos avatares legislativos. El autor apuesta por una escuela democr\u00e1tica de caracter\u00edsticas radicalmente distintas a las actuales, capaz de responder a los numerosos retos que plantea la sociedad del conocimiento. Una escuela que garantice el \u00e9xito escolar y una educaci\u00f3n de calidad para todos, organizada en torno a la persona que aprende y no en torno a la persona que ense\u00f1a; capaz de sacar del actual estado de aton\u00eda la participaci\u00f3n de profesores, alumnos y padres en el control y gesti\u00f3n de los centros sostenidos con fondos p\u00fablicos. El libro se completa con varios estudios de casos que demuestran el grado de viabilidad pr\u00e1ctica de las propuestas que se plantean y analiza si la LOE es una respuesta a los retos de los nuevos tiempos que nos toca vivir.<\/p>\n","protected":false},"featured_media":3930,"comment_status":"closed","ping_status":"open","template":"","meta":{"_acf_changed":false},"materia_nivel_3":[],"subtema_nivel_2":[2649],"tema_nivel_1":[2641],"product_brand":[],"product_cat":[15],"product_tag":[],"product_author":[3771],"product_collection":[],"class_list":{"0":"post-15658","1":"product","2":"type-product","3":"status-publish","4":"has-post-thumbnail","6":"subtema_nivel_2-pedagogia","7":"tema_nivel_1-educacion","8":"product_cat-uncategorized","9":"product_author-feito-alonso-rafael","11":"first","12":"instock","13":"purchasable","14":"product-type-simple"},"acf":[],"_links":{"self":[{"href":"https:\/\/dev2.cantalupe.net\/sigloxxi\/wp-json\/wp\/v2\/product\/15658","targetHints":{"allow":["GET"]}}],"collection":[{"href":"https:\/\/dev2.cantalupe.net\/sigloxxi\/wp-json\/wp\/v2\/product"}],"about":[{"href":"https:\/\/dev2.cantalupe.net\/sigloxxi\/wp-json\/wp\/v2\/types\/product"}],"replies":[{"embeddable":true,"href":"https:\/\/dev2.cantalupe.net\/sigloxxi\/wp-json\/wp\/v2\/comments?post=15658"}],"version-history":[{"count":1,"href":"https:\/\/dev2.cantalupe.net\/sigloxxi\/wp-json\/wp\/v2\/product\/15658\/revisions"}],"predecessor-version":[{"id":15659,"href":"https:\/\/dev2.cantalupe.net\/sigloxxi\/wp-json\/wp\/v2\/product\/15658\/revisions\/15659"}],"wp:featuredmedia":[{"embeddable":true,"href":"https:\/\/dev2.cantalupe.net\/sigloxxi\/wp-json\/wp\/v2\/media\/3930"}],"wp:attachment":[{"href":"https:\/\/dev2.cantalupe.net\/sigloxxi\/wp-json\/wp\/v2\/media?parent=15658"}],"wp:term":[{"taxonomy":"materia_nivel_3","embeddable":true,"href":"https:\/\/dev2.cantalupe.net\/sigloxxi\/wp-json\/wp\/v2\/materia_nivel_3?post=15658"},{"taxonomy":"subtema_nivel_2","embeddable":true,"href":"https:\/\/dev2.cantalupe.net\/sigloxxi\/wp-json\/wp\/v2\/subtema_nivel_2?post=15658"},{"taxonomy":"tema_nivel_1","embeddable":true,"href":"https:\/\/dev2.cantalupe.net\/sigloxxi\/wp-json\/wp\/v2\/tema_nivel_1?post=15658"},{"taxonomy":"product_brand","embeddable":true,"href":"https:\/\/dev2.cantalupe.net\/sigloxxi\/wp-json\/wp\/v2\/product_brand?post=15658"},{"taxonomy":"product_cat","embeddable":true,"href":"https:\/\/dev2.cantalupe.net\/sigloxxi\/wp-json\/wp\/v2\/product_cat?post=15658"},{"taxonomy":"product_tag","embeddable":true,"href":"https:\/\/dev2.cantalupe.net\/sigloxxi\/wp-json\/wp\/v2\/product_tag?post=15658"},{"taxonomy":"product_author","embeddable":true,"href":"https:\/\/dev2.cantalupe.net\/sigloxxi\/wp-json\/wp\/v2\/product_author?post=15658"},{"taxonomy":"product_collection","embeddable":true,"href":"https:\/\/dev2.cantalupe.net\/sigloxxi\/wp-json\/wp\/v2\/product_collection?post=15658"}],"curies":[{"name":"wp","href":"https:\/\/api.w.org\/{rel}","templated":true}]}}