{"id":15670,"date":"2025-11-04T14:57:28","date_gmt":"2025-11-04T14:57:28","guid":{"rendered":"https:\/\/dev2.cantalupe.net\/sigloxxi\/libro\/papeles-confidenciales-de-su-santidad-juan-pablo-iii\/"},"modified":"2025-11-04T14:57:33","modified_gmt":"2025-11-04T14:57:33","slug":"papeles-confidenciales-de-su-santidad-juan-pablo-iii","status":"publish","type":"product","link":"https:\/\/dev2.cantalupe.net\/sigloxxi\/libro\/papeles-confidenciales-de-su-santidad-juan-pablo-iii\/","title":{"rendered":"Papeles confidenciales de su Santidad Juan Pablo III"},"content":{"rendered":"<p>Solapa: Esta obra podr\u00eda definirse como sorpresa multidimensional. Quienes la leyeron antes de su publicaci\u00f3n est\u00e1n armoniosamente divididos a la hora de sugerir un t\u00edtulo adecuado: ?psicolog\u00eda de la felicidad? (psic\u00f3logos), ?aprendizaje del poder inocente? (pol\u00edticos), ?lo que todos pensamos y nadie podemos decir? (te\u00f3logos de varias facultades pontificias), ?un revulsivo de sentido com\u00fan? (soci\u00f3logos). Otros ciudadanos de bien vivir, cristianos y no creyentes, preferir\u00edan t\u00edtulos como ?humor bautizado?, ?poes\u00eda de la sonrisa eficaz?, ?tras diecisiete siglos de paganismo romano?, ?imposible ya no ver?, etc. El lector, sin duda, propondr\u00e1 tambi\u00e9n ?su? t\u00edtulo. El pretexto: una historia acontecida en el a\u00f1o 2022. El texto: La trampa infalible, la mala traducci\u00f3n de una Buena Noticia, patolog\u00eda de la clericalizaci\u00f3n del sexo, el ecumenismo del hambre&#8230; Cosas probablemente imposibles tras la lectura de esta obra: No ejercer el pensamiento, no sentir, quedarse tranquilo, callado y quieto, no preguntar ni preguntarse. El autor, profesor universitario y premio nacional de investigaci\u00f3n, ya habl\u00f3 sobre Di\u00e1logos en la otra orilla con el viejo profesor (Planeta), Sinceros con nosotros mismos: aprendizaje del sentido (PPC), La profesionalizaci\u00f3n del docente (Escuela Espa\u00f1ola), Evaluaci\u00f3n y cambio educativo (Morata) , As\u00ed ense\u00f1a nuestra universidad (Universidad Complutense) y Las tareas de la profesi\u00f3n de ense\u00f1ar (Siglo XXI).<\/p>\n","protected":false},"excerpt":{"rendered":"<p>Solapa: Esta obra podr\u00eda definirse como sorpresa multidimensional. Quienes la leyeron antes de su publicaci\u00f3n est\u00e1n armoniosamente divididos a la hora de sugerir un t\u00edtulo adecuado: ?psicolog\u00eda de la felicidad? (psic\u00f3logos), ?aprendizaje del poder inocente? (pol\u00edticos), ?lo que todos pensamos y nadie podemos decir? (te\u00f3logos de varias facultades pontificias), ?un revulsivo de sentido com\u00fan? (soci\u00f3logos). Otros ciudadanos de bien vivir, cristianos y no creyentes, preferir\u00edan t\u00edtulos como ?humor bautizado?, ?poes\u00eda de la sonrisa eficaz?, ?tras diecisiete siglos de paganismo romano?, ?imposible ya no ver?, etc. El lector, sin duda, propondr\u00e1 tambi\u00e9n ?su? t\u00edtulo. El pretexto: una historia acontecida en el a\u00f1o 2022. El texto: La trampa infalible, la mala traducci\u00f3n de una Buena Noticia, patolog\u00eda de la clericalizaci\u00f3n del sexo, el ecumenismo del hambre&#8230; Cosas probablemente imposibles tras la lectura de esta obra: No ejercer el pensamiento, no sentir, quedarse tranquilo, callado y quieto, no preguntar ni preguntarse. El autor, profesor universitario y premio nacional de investigaci\u00f3n, ya habl\u00f3 sobre Di\u00e1logos en la otra orilla con el viejo profesor (Planeta), Sinceros con nosotros mismos: aprendizaje del sentido (PPC), La profesionalizaci\u00f3n del docente (Escuela Espa\u00f1ola), Evaluaci\u00f3n y cambio educativo (Morata) , As\u00ed ense\u00f1a nuestra universidad (Universidad Complutense) y Las tareas de la profesi\u00f3n de ense\u00f1ar (Siglo XXI).<\/p>\n","protected":false},"featured_media":0,"comment_status":"closed","ping_status":"open","template":"","meta":{"_acf_changed":false},"materia_nivel_3":[],"subtema_nivel_2":[2577],"tema_nivel_1":[2563],"product_brand":[],"product_cat":[15],"product_tag":[],"product_author":[4317],"product_collection":[],"class_list":{"0":"post-15670","1":"product","2":"type-product","3":"status-publish","5":"subtema_nivel_2-religion","6":"tema_nivel_1-siglo-xxi-de-espana-general","7":"product_cat-uncategorized","8":"product_author-francisco-de-juanes","10":"first","11":"instock","12":"purchasable","13":"product-type-simple"},"acf":[],"_links":{"self":[{"href":"https:\/\/dev2.cantalupe.net\/sigloxxi\/wp-json\/wp\/v2\/product\/15670","targetHints":{"allow":["GET"]}}],"collection":[{"href":"https:\/\/dev2.cantalupe.net\/sigloxxi\/wp-json\/wp\/v2\/product"}],"about":[{"href":"https:\/\/dev2.cantalupe.net\/sigloxxi\/wp-json\/wp\/v2\/types\/product"}],"replies":[{"embeddable":true,"href":"https:\/\/dev2.cantalupe.net\/sigloxxi\/wp-json\/wp\/v2\/comments?post=15670"}],"version-history":[{"count":1,"href":"https:\/\/dev2.cantalupe.net\/sigloxxi\/wp-json\/wp\/v2\/product\/15670\/revisions"}],"predecessor-version":[{"id":15671,"href":"https:\/\/dev2.cantalupe.net\/sigloxxi\/wp-json\/wp\/v2\/product\/15670\/revisions\/15671"}],"wp:attachment":[{"href":"https:\/\/dev2.cantalupe.net\/sigloxxi\/wp-json\/wp\/v2\/media?parent=15670"}],"wp:term":[{"taxonomy":"materia_nivel_3","embeddable":true,"href":"https:\/\/dev2.cantalupe.net\/sigloxxi\/wp-json\/wp\/v2\/materia_nivel_3?post=15670"},{"taxonomy":"subtema_nivel_2","embeddable":true,"href":"https:\/\/dev2.cantalupe.net\/sigloxxi\/wp-json\/wp\/v2\/subtema_nivel_2?post=15670"},{"taxonomy":"tema_nivel_1","embeddable":true,"href":"https:\/\/dev2.cantalupe.net\/sigloxxi\/wp-json\/wp\/v2\/tema_nivel_1?post=15670"},{"taxonomy":"product_brand","embeddable":true,"href":"https:\/\/dev2.cantalupe.net\/sigloxxi\/wp-json\/wp\/v2\/product_brand?post=15670"},{"taxonomy":"product_cat","embeddable":true,"href":"https:\/\/dev2.cantalupe.net\/sigloxxi\/wp-json\/wp\/v2\/product_cat?post=15670"},{"taxonomy":"product_tag","embeddable":true,"href":"https:\/\/dev2.cantalupe.net\/sigloxxi\/wp-json\/wp\/v2\/product_tag?post=15670"},{"taxonomy":"product_author","embeddable":true,"href":"https:\/\/dev2.cantalupe.net\/sigloxxi\/wp-json\/wp\/v2\/product_author?post=15670"},{"taxonomy":"product_collection","embeddable":true,"href":"https:\/\/dev2.cantalupe.net\/sigloxxi\/wp-json\/wp\/v2\/product_collection?post=15670"}],"curies":[{"name":"wp","href":"https:\/\/api.w.org\/{rel}","templated":true}]}}