{"id":15678,"date":"2025-11-04T14:57:46","date_gmt":"2025-11-04T14:57:46","guid":{"rendered":"https:\/\/dev2.cantalupe.net\/sigloxxi\/libro\/para-aprehender-la-psicologia\/"},"modified":"2025-11-04T14:57:46","modified_gmt":"2025-11-04T14:57:46","slug":"para-aprehender-la-psicologia","status":"publish","type":"product","link":"https:\/\/dev2.cantalupe.net\/sigloxxi\/libro\/para-aprehender-la-psicologia\/","title":{"rendered":"Para aprehender la psicolog\u00eda"},"content":{"rendered":"<p>Desbrozar cr\u00edticamente la problem\u00e1tica textura del campo psicol\u00f3gico de la Psicolog\u00eda es el objetivo \u00faltimo del presente libro. Su: autor pretende arrojar luz sobre el sentido de esta disciplina a trav\u00e9s, precisamente, de la aprehensi\u00f3n efectiva de las numerosas franjas de contra-sentido que en el interior de la misma se han ido desarrollando hasta el momento presente. Para ello, lleva a cabo un contraste cr\u00edtico de algunos de los ejemplares m\u00e1s sobresalientes de la protopsicolog\u00eda y la psicolog\u00eda cient\u00edfica -Descartes, Fechner, Wundt, psicolog\u00eda cognitiva, conductismo radical&#8230;, etc. Tal an\u00e1lisis da lugar a la detecci\u00f3n de dos perspectivas gen\u00e9ricas desde las que ha sido hist\u00f3ricamente observado el campo psicol\u00f3gico: la perspectiva representacional y la perspectiva fenom\u00e9nico-contextual. El libro aporta las claves y los motivos que abocan a la perspectiva mayoritaria, perspectiva representacional, a una suerte de recurrente colapso explicativo, a la vez que, asimismo, pone de manifiesto los factores que habilitan a las corrientes psicol\u00f3gicas que conforman la perspectiva fenom\u00e9nico-contextual para construir ejercitivamente un campo psicol\u00f3gico dotado de efectivo sentido.<\/p>\n","protected":false},"excerpt":{"rendered":"<p>Desbrozar cr\u00edticamente la problem\u00e1tica textura del campo psicol\u00f3gico de la Psicolog\u00eda es el objetivo \u00faltimo del presente libro. Su: autor pretende arrojar luz sobre el sentido de esta disciplina a trav\u00e9s, precisamente, de la aprehensi\u00f3n efectiva de las numerosas franjas de contra-sentido que en el interior de la misma se han ido desarrollando hasta el momento presente. Para ello, lleva a cabo un contraste cr\u00edtico de algunos de los ejemplares m\u00e1s sobresalientes de la protopsicolog\u00eda y la psicolog\u00eda cient\u00edfica -Descartes, Fechner, Wundt, psicolog\u00eda cognitiva, conductismo radical&#8230;, etc. Tal an\u00e1lisis da lugar a la detecci\u00f3n de dos perspectivas gen\u00e9ricas desde las que ha sido hist\u00f3ricamente observado el campo psicol\u00f3gico: la perspectiva representacional y la perspectiva fenom\u00e9nico-contextual. El libro aporta las claves y los motivos que abocan a la perspectiva mayoritaria, perspectiva representacional, a una suerte de recurrente colapso explicativo, a la vez que, asimismo, pone de manifiesto los factores que habilitan a las corrientes psicol\u00f3gicas que conforman la perspectiva fenom\u00e9nico-contextual para construir ejercitivamente un campo psicol\u00f3gico dotado de efectivo sentido.<\/p>\n","protected":false},"featured_media":3946,"comment_status":"closed","ping_status":"open","template":"","meta":{"_acf_changed":false},"materia_nivel_3":[],"subtema_nivel_2":[2578],"tema_nivel_1":[2579],"product_brand":[],"product_cat":[15],"product_tag":[],"product_author":[],"product_collection":[],"class_list":{"0":"post-15678","1":"product","2":"type-product","3":"status-publish","4":"has-post-thumbnail","6":"subtema_nivel_2-psicologia","7":"tema_nivel_1-psicologia","8":"product_cat-uncategorized","10":"first","11":"instock","12":"purchasable","13":"product-type-simple"},"acf":[],"_links":{"self":[{"href":"https:\/\/dev2.cantalupe.net\/sigloxxi\/wp-json\/wp\/v2\/product\/15678","targetHints":{"allow":["GET"]}}],"collection":[{"href":"https:\/\/dev2.cantalupe.net\/sigloxxi\/wp-json\/wp\/v2\/product"}],"about":[{"href":"https:\/\/dev2.cantalupe.net\/sigloxxi\/wp-json\/wp\/v2\/types\/product"}],"replies":[{"embeddable":true,"href":"https:\/\/dev2.cantalupe.net\/sigloxxi\/wp-json\/wp\/v2\/comments?post=15678"}],"version-history":[{"count":1,"href":"https:\/\/dev2.cantalupe.net\/sigloxxi\/wp-json\/wp\/v2\/product\/15678\/revisions"}],"predecessor-version":[{"id":15679,"href":"https:\/\/dev2.cantalupe.net\/sigloxxi\/wp-json\/wp\/v2\/product\/15678\/revisions\/15679"}],"wp:featuredmedia":[{"embeddable":true,"href":"https:\/\/dev2.cantalupe.net\/sigloxxi\/wp-json\/wp\/v2\/media\/3946"}],"wp:attachment":[{"href":"https:\/\/dev2.cantalupe.net\/sigloxxi\/wp-json\/wp\/v2\/media?parent=15678"}],"wp:term":[{"taxonomy":"materia_nivel_3","embeddable":true,"href":"https:\/\/dev2.cantalupe.net\/sigloxxi\/wp-json\/wp\/v2\/materia_nivel_3?post=15678"},{"taxonomy":"subtema_nivel_2","embeddable":true,"href":"https:\/\/dev2.cantalupe.net\/sigloxxi\/wp-json\/wp\/v2\/subtema_nivel_2?post=15678"},{"taxonomy":"tema_nivel_1","embeddable":true,"href":"https:\/\/dev2.cantalupe.net\/sigloxxi\/wp-json\/wp\/v2\/tema_nivel_1?post=15678"},{"taxonomy":"product_brand","embeddable":true,"href":"https:\/\/dev2.cantalupe.net\/sigloxxi\/wp-json\/wp\/v2\/product_brand?post=15678"},{"taxonomy":"product_cat","embeddable":true,"href":"https:\/\/dev2.cantalupe.net\/sigloxxi\/wp-json\/wp\/v2\/product_cat?post=15678"},{"taxonomy":"product_tag","embeddable":true,"href":"https:\/\/dev2.cantalupe.net\/sigloxxi\/wp-json\/wp\/v2\/product_tag?post=15678"},{"taxonomy":"product_author","embeddable":true,"href":"https:\/\/dev2.cantalupe.net\/sigloxxi\/wp-json\/wp\/v2\/product_author?post=15678"},{"taxonomy":"product_collection","embeddable":true,"href":"https:\/\/dev2.cantalupe.net\/sigloxxi\/wp-json\/wp\/v2\/product_collection?post=15678"}],"curies":[{"name":"wp","href":"https:\/\/api.w.org\/{rel}","templated":true}]}}