{"id":15698,"date":"2025-11-04T14:57:46","date_gmt":"2025-11-04T14:57:46","guid":{"rendered":"https:\/\/dev2.cantalupe.net\/sigloxxi\/libro\/patografias\/"},"modified":"2025-11-04T14:57:46","modified_gmt":"2025-11-04T14:57:46","slug":"patografias","status":"publish","type":"product","link":"https:\/\/dev2.cantalupe.net\/sigloxxi\/libro\/patografias\/","title":{"rendered":"Patograf\u00edas"},"content":{"rendered":"<p>Solapa: La literatura casu\u00edstica en psicopatolog\u00eda din\u00e1mica, en la que destacan fundamentalmente los historiales cl\u00ednicos de Freud, se ve enriquecida hoy en nuestro pa\u00eds por la aportaci\u00f3n patogr\u00e1fica de Castilla del Pino. En las dos patograf\u00edas incluidas en este volumen -un caso en que la enferma sufre una neurosis de angustia, y un caso de impotencia sexual- los pacientes explican las situaciones personales, familiares y sociales que les han llevado a la neurosis. Castilla del Pino muestra en estos estudios cl\u00ednicos c\u00f3mo ?lo psicol\u00f3gico?, ?lo social? y ?lo fisiol\u00f3gico? no son niveles independientes, sino \u00e1mbitos funcionales que se interfieren y se contraponen dial\u00e9cticamente de un modo constante. Al mismo tiempo, el autor desarrolla una serie de temas de gran inter\u00e9s: la relaci\u00f3n enfermo-m\u00e9dico, el lenguaje de los s\u00edntomas, el s\u00edntoma como signo y como expresi\u00f3n ideol\u00f3gica, los juicios de hecho y de valor en la actividad m\u00e9dica, la impotencia como valor negativo, y la frigidez como no valor. Castilla del Pino es autor de numerosas obras, entre las que destacamos: Un estudio sobre la depresi\u00f3n, La Culpa, Introducci\u00f3n a la Psiquiatr\u00eda (dos vals.), Cuarenta a\u00f1os de Psiquiatr\u00eda, Teor\u00eda de la Alucinaci\u00f3n, Estudios de Psico(pato)log\u00eda sexual, Introducci\u00f3n a la Hermen\u00e9utica del Lenguaje, entre otros. Ha publish m\u00e1s de 150 monograf\u00edas de temas psiqui\u00e1tricos.<\/p>\n","protected":false},"excerpt":{"rendered":"<p>Solapa: La literatura casu\u00edstica en psicopatolog\u00eda din\u00e1mica, en la que destacan fundamentalmente los historiales cl\u00ednicos de Freud, se ve enriquecida hoy en nuestro pa\u00eds por la aportaci\u00f3n patogr\u00e1fica de Castilla del Pino. En las dos patograf\u00edas incluidas en este volumen -un caso en que la enferma sufre una neurosis de angustia, y un caso de impotencia sexual- los pacientes explican las situaciones personales, familiares y sociales que les han llevado a la neurosis. Castilla del Pino muestra en estos estudios cl\u00ednicos c\u00f3mo ?lo psicol\u00f3gico?, ?lo social? y ?lo fisiol\u00f3gico? no son niveles independientes, sino \u00e1mbitos funcionales que se interfieren y se contraponen dial\u00e9cticamente de un modo constante. Al mismo tiempo, el autor desarrolla una serie de temas de gran inter\u00e9s: la relaci\u00f3n enfermo-m\u00e9dico, el lenguaje de los s\u00edntomas, el s\u00edntoma como signo y como expresi\u00f3n ideol\u00f3gica, los juicios de hecho y de valor en la actividad m\u00e9dica, la impotencia como valor negativo, y la frigidez como no valor. Castilla del Pino es autor de numerosas obras, entre las que destacamos: Un estudio sobre la depresi\u00f3n, La Culpa, Introducci\u00f3n a la Psiquiatr\u00eda (dos vals.), Cuarenta a\u00f1os de Psiquiatr\u00eda, Teor\u00eda de la Alucinaci\u00f3n, Estudios de Psico(pato)log\u00eda sexual, Introducci\u00f3n a la Hermen\u00e9utica del Lenguaje, entre otros. Ha publish m\u00e1s de 150 monograf\u00edas de temas psiqui\u00e1tricos.<\/p>\n","protected":false},"featured_media":3965,"comment_status":"closed","ping_status":"open","template":"","meta":{"_acf_changed":false},"materia_nivel_3":[],"subtema_nivel_2":[2578],"tema_nivel_1":[2579],"product_brand":[],"product_cat":[15],"product_tag":[],"product_author":[],"product_collection":[],"class_list":{"0":"post-15698","1":"product","2":"type-product","3":"status-publish","4":"has-post-thumbnail","6":"subtema_nivel_2-psicologia","7":"tema_nivel_1-psicologia","8":"product_cat-uncategorized","10":"first","11":"instock","12":"purchasable","13":"product-type-simple"},"acf":[],"_links":{"self":[{"href":"https:\/\/dev2.cantalupe.net\/sigloxxi\/wp-json\/wp\/v2\/product\/15698","targetHints":{"allow":["GET"]}}],"collection":[{"href":"https:\/\/dev2.cantalupe.net\/sigloxxi\/wp-json\/wp\/v2\/product"}],"about":[{"href":"https:\/\/dev2.cantalupe.net\/sigloxxi\/wp-json\/wp\/v2\/types\/product"}],"replies":[{"embeddable":true,"href":"https:\/\/dev2.cantalupe.net\/sigloxxi\/wp-json\/wp\/v2\/comments?post=15698"}],"version-history":[{"count":1,"href":"https:\/\/dev2.cantalupe.net\/sigloxxi\/wp-json\/wp\/v2\/product\/15698\/revisions"}],"predecessor-version":[{"id":15699,"href":"https:\/\/dev2.cantalupe.net\/sigloxxi\/wp-json\/wp\/v2\/product\/15698\/revisions\/15699"}],"wp:featuredmedia":[{"embeddable":true,"href":"https:\/\/dev2.cantalupe.net\/sigloxxi\/wp-json\/wp\/v2\/media\/3965"}],"wp:attachment":[{"href":"https:\/\/dev2.cantalupe.net\/sigloxxi\/wp-json\/wp\/v2\/media?parent=15698"}],"wp:term":[{"taxonomy":"materia_nivel_3","embeddable":true,"href":"https:\/\/dev2.cantalupe.net\/sigloxxi\/wp-json\/wp\/v2\/materia_nivel_3?post=15698"},{"taxonomy":"subtema_nivel_2","embeddable":true,"href":"https:\/\/dev2.cantalupe.net\/sigloxxi\/wp-json\/wp\/v2\/subtema_nivel_2?post=15698"},{"taxonomy":"tema_nivel_1","embeddable":true,"href":"https:\/\/dev2.cantalupe.net\/sigloxxi\/wp-json\/wp\/v2\/tema_nivel_1?post=15698"},{"taxonomy":"product_brand","embeddable":true,"href":"https:\/\/dev2.cantalupe.net\/sigloxxi\/wp-json\/wp\/v2\/product_brand?post=15698"},{"taxonomy":"product_cat","embeddable":true,"href":"https:\/\/dev2.cantalupe.net\/sigloxxi\/wp-json\/wp\/v2\/product_cat?post=15698"},{"taxonomy":"product_tag","embeddable":true,"href":"https:\/\/dev2.cantalupe.net\/sigloxxi\/wp-json\/wp\/v2\/product_tag?post=15698"},{"taxonomy":"product_author","embeddable":true,"href":"https:\/\/dev2.cantalupe.net\/sigloxxi\/wp-json\/wp\/v2\/product_author?post=15698"},{"taxonomy":"product_collection","embeddable":true,"href":"https:\/\/dev2.cantalupe.net\/sigloxxi\/wp-json\/wp\/v2\/product_collection?post=15698"}],"curies":[{"name":"wp","href":"https:\/\/api.w.org\/{rel}","templated":true}]}}