{"id":15726,"date":"2025-11-04T14:57:59","date_gmt":"2025-11-04T14:57:59","guid":{"rendered":"https:\/\/dev2.cantalupe.net\/sigloxxi\/libro\/pepe-mujica-yo-vengo-del-sur\/"},"modified":"2025-11-04T14:58:04","modified_gmt":"2025-11-04T14:58:04","slug":"pepe-mujica-yo-vengo-del-sur","status":"publish","type":"product","link":"https:\/\/dev2.cantalupe.net\/sigloxxi\/libro\/pepe-mujica-yo-vengo-del-sur\/","title":{"rendered":"Pepe Mujica. Yo vengo del sur"},"content":{"rendered":"<p>Este libro recopila una selecci\u00f3n de los discursos m\u00e1s importantes de la carrera pol\u00edtica de Pepe Mujica, pero tambi\u00e9n aquellos parlamentos clave para forjar la leyenda de aquel humilde campesino que lleg\u00f3 a presidir el Gobierno de Uruguay,<br \/>\nSus simples y contundentes palabras frente al auditorio de la ONU. El primer discurso como presidente, sus mensajes para los l\u00edderes mundiales, sus consejos hacia la juventud\u0085 Estas p\u00e1ginas recopilan los elementos clave para comprender por qu\u00e9 Mujica es una parte esencial e irrepetible de la historia pol\u00edtica de nuestro mundo.<\/p>\n","protected":false},"excerpt":{"rendered":"<p>Este libro recopila una selecci\u00f3n de los discursos m\u00e1s importantes de la carrera pol\u00edtica de Pepe Mujica, pero tambi\u00e9n aquellos parlamentos clave para forjar la leyenda de aquel humilde campesino que lleg\u00f3 a presidir el Gobierno de Uruguay,<br \/>\nSus simples y contundentes palabras frente al auditorio de la ONU. El primer discurso como presidente, sus mensajes para los l\u00edderes mundiales, sus consejos hacia la juventud\u0085 Estas p\u00e1ginas recopilan los elementos clave para comprender por qu\u00e9 Mujica es una parte esencial e irrepetible de la historia pol\u00edtica de nuestro mundo.<\/p>\n","protected":false},"featured_media":3988,"comment_status":"closed","ping_status":"open","template":"","meta":{"_acf_changed":false},"materia_nivel_3":[],"subtema_nivel_2":[2675,2561,2576],"tema_nivel_1":[2676],"product_brand":[],"product_cat":[15],"product_tag":[],"product_author":[4323],"product_collection":[],"class_list":{"0":"post-15726","1":"product","2":"type-product","3":"status-publish","4":"has-post-thumbnail","6":"subtema_nivel_2-biografias-y-memorias","7":"subtema_nivel_2-historia","8":"subtema_nivel_2-politica","9":"tema_nivel_1-vidas-para-leerlas","10":"product_cat-uncategorized","11":"product_author-mujica-pepe","13":"first","14":"instock","15":"purchasable","16":"product-type-simple"},"acf":[],"_links":{"self":[{"href":"https:\/\/dev2.cantalupe.net\/sigloxxi\/wp-json\/wp\/v2\/product\/15726","targetHints":{"allow":["GET"]}}],"collection":[{"href":"https:\/\/dev2.cantalupe.net\/sigloxxi\/wp-json\/wp\/v2\/product"}],"about":[{"href":"https:\/\/dev2.cantalupe.net\/sigloxxi\/wp-json\/wp\/v2\/types\/product"}],"replies":[{"embeddable":true,"href":"https:\/\/dev2.cantalupe.net\/sigloxxi\/wp-json\/wp\/v2\/comments?post=15726"}],"version-history":[{"count":1,"href":"https:\/\/dev2.cantalupe.net\/sigloxxi\/wp-json\/wp\/v2\/product\/15726\/revisions"}],"predecessor-version":[{"id":15727,"href":"https:\/\/dev2.cantalupe.net\/sigloxxi\/wp-json\/wp\/v2\/product\/15726\/revisions\/15727"}],"wp:featuredmedia":[{"embeddable":true,"href":"https:\/\/dev2.cantalupe.net\/sigloxxi\/wp-json\/wp\/v2\/media\/3988"}],"wp:attachment":[{"href":"https:\/\/dev2.cantalupe.net\/sigloxxi\/wp-json\/wp\/v2\/media?parent=15726"}],"wp:term":[{"taxonomy":"materia_nivel_3","embeddable":true,"href":"https:\/\/dev2.cantalupe.net\/sigloxxi\/wp-json\/wp\/v2\/materia_nivel_3?post=15726"},{"taxonomy":"subtema_nivel_2","embeddable":true,"href":"https:\/\/dev2.cantalupe.net\/sigloxxi\/wp-json\/wp\/v2\/subtema_nivel_2?post=15726"},{"taxonomy":"tema_nivel_1","embeddable":true,"href":"https:\/\/dev2.cantalupe.net\/sigloxxi\/wp-json\/wp\/v2\/tema_nivel_1?post=15726"},{"taxonomy":"product_brand","embeddable":true,"href":"https:\/\/dev2.cantalupe.net\/sigloxxi\/wp-json\/wp\/v2\/product_brand?post=15726"},{"taxonomy":"product_cat","embeddable":true,"href":"https:\/\/dev2.cantalupe.net\/sigloxxi\/wp-json\/wp\/v2\/product_cat?post=15726"},{"taxonomy":"product_tag","embeddable":true,"href":"https:\/\/dev2.cantalupe.net\/sigloxxi\/wp-json\/wp\/v2\/product_tag?post=15726"},{"taxonomy":"product_author","embeddable":true,"href":"https:\/\/dev2.cantalupe.net\/sigloxxi\/wp-json\/wp\/v2\/product_author?post=15726"},{"taxonomy":"product_collection","embeddable":true,"href":"https:\/\/dev2.cantalupe.net\/sigloxxi\/wp-json\/wp\/v2\/product_collection?post=15726"}],"curies":[{"name":"wp","href":"https:\/\/api.w.org\/{rel}","templated":true}]}}