{"id":15728,"date":"2025-11-04T14:57:59","date_gmt":"2025-11-04T14:57:59","guid":{"rendered":"https:\/\/dev2.cantalupe.net\/sigloxxi\/libro\/personas-con-discapacidad\/"},"modified":"2025-11-04T14:58:04","modified_gmt":"2025-11-04T14:58:04","slug":"personas-con-discapacidad","status":"publish","type":"product","link":"https:\/\/dev2.cantalupe.net\/sigloxxi\/libro\/personas-con-discapacidad\/","title":{"rendered":"Personas con discapacidad"},"content":{"rendered":"<p>Personas con discapacidad. Perspectivas psicopedag\u00f3gicas y rehabilita doras es la materializaci\u00f3n del esfuerzo innovador realizado en los \u00faltimos a\u00f1os por numerosos profesionales de reconocido prestigio y dilatada trayectoria en el campo de la discapacidad. Su objetivo es actualizar las concepciones sobre las deficiencias, discapacidades y minusval\u00edas con el fin de aportar material de utilidad para mejorar las pr\u00e1cticas de evaluaci\u00f3n e intervenci\u00f3n en todas las etapas de la vida de las personas con necesidades especiales. El libro incluye temas muy diversos y de gran actualidad referidos a las distintas discapacidades. La actualidad y novedad de los contenidos incluidos, su presentaci\u00f3n did\u00e1ctica y su gran utilidad pr\u00e1ctica confieren al libro un car\u00e1cter singular que le hace especialmente indicado para ser utilizado como libro de texto en la formaci\u00f3n de profesionales que se van a dedicar a trabajar con personas con discapacidad en \u00e1mbitos educativos, sociales o comunitarios. Asimismo, su consulta resulta imprescindible para aquellos profesionales que pretendan actualizar sus conocimientos para enfocar adecuadamente el trabajo profesional con las personas con discapacidad.<\/p>\n","protected":false},"excerpt":{"rendered":"<p>Personas con discapacidad. Perspectivas psicopedag\u00f3gicas y rehabilita doras es la materializaci\u00f3n del esfuerzo innovador realizado en los \u00faltimos a\u00f1os por numerosos profesionales de reconocido prestigio y dilatada trayectoria en el campo de la discapacidad. Su objetivo es actualizar las concepciones sobre las deficiencias, discapacidades y minusval\u00edas con el fin de aportar material de utilidad para mejorar las pr\u00e1cticas de evaluaci\u00f3n e intervenci\u00f3n en todas las etapas de la vida de las personas con necesidades especiales. El libro incluye temas muy diversos y de gran actualidad referidos a las distintas discapacidades. La actualidad y novedad de los contenidos incluidos, su presentaci\u00f3n did\u00e1ctica y su gran utilidad pr\u00e1ctica confieren al libro un car\u00e1cter singular que le hace especialmente indicado para ser utilizado como libro de texto en la formaci\u00f3n de profesionales que se van a dedicar a trabajar con personas con discapacidad en \u00e1mbitos educativos, sociales o comunitarios. Asimismo, su consulta resulta imprescindible para aquellos profesionales que pretendan actualizar sus conocimientos para enfocar adecuadamente el trabajo profesional con las personas con discapacidad.<\/p>\n","protected":false},"featured_media":3990,"comment_status":"closed","ping_status":"open","template":"","meta":{"_acf_changed":false},"materia_nivel_3":[],"subtema_nivel_2":[2578],"tema_nivel_1":[2579],"product_brand":[],"product_cat":[15],"product_tag":[],"product_author":[4324],"product_collection":[],"class_list":{"0":"post-15728","1":"product","2":"type-product","3":"status-publish","4":"has-post-thumbnail","6":"subtema_nivel_2-psicologia","7":"tema_nivel_1-psicologia","8":"product_cat-uncategorized","9":"product_author-verdugo-alonso-miguel-angel","11":"first","12":"instock","13":"purchasable","14":"product-type-simple"},"acf":[],"_links":{"self":[{"href":"https:\/\/dev2.cantalupe.net\/sigloxxi\/wp-json\/wp\/v2\/product\/15728","targetHints":{"allow":["GET"]}}],"collection":[{"href":"https:\/\/dev2.cantalupe.net\/sigloxxi\/wp-json\/wp\/v2\/product"}],"about":[{"href":"https:\/\/dev2.cantalupe.net\/sigloxxi\/wp-json\/wp\/v2\/types\/product"}],"replies":[{"embeddable":true,"href":"https:\/\/dev2.cantalupe.net\/sigloxxi\/wp-json\/wp\/v2\/comments?post=15728"}],"version-history":[{"count":1,"href":"https:\/\/dev2.cantalupe.net\/sigloxxi\/wp-json\/wp\/v2\/product\/15728\/revisions"}],"predecessor-version":[{"id":15729,"href":"https:\/\/dev2.cantalupe.net\/sigloxxi\/wp-json\/wp\/v2\/product\/15728\/revisions\/15729"}],"wp:featuredmedia":[{"embeddable":true,"href":"https:\/\/dev2.cantalupe.net\/sigloxxi\/wp-json\/wp\/v2\/media\/3990"}],"wp:attachment":[{"href":"https:\/\/dev2.cantalupe.net\/sigloxxi\/wp-json\/wp\/v2\/media?parent=15728"}],"wp:term":[{"taxonomy":"materia_nivel_3","embeddable":true,"href":"https:\/\/dev2.cantalupe.net\/sigloxxi\/wp-json\/wp\/v2\/materia_nivel_3?post=15728"},{"taxonomy":"subtema_nivel_2","embeddable":true,"href":"https:\/\/dev2.cantalupe.net\/sigloxxi\/wp-json\/wp\/v2\/subtema_nivel_2?post=15728"},{"taxonomy":"tema_nivel_1","embeddable":true,"href":"https:\/\/dev2.cantalupe.net\/sigloxxi\/wp-json\/wp\/v2\/tema_nivel_1?post=15728"},{"taxonomy":"product_brand","embeddable":true,"href":"https:\/\/dev2.cantalupe.net\/sigloxxi\/wp-json\/wp\/v2\/product_brand?post=15728"},{"taxonomy":"product_cat","embeddable":true,"href":"https:\/\/dev2.cantalupe.net\/sigloxxi\/wp-json\/wp\/v2\/product_cat?post=15728"},{"taxonomy":"product_tag","embeddable":true,"href":"https:\/\/dev2.cantalupe.net\/sigloxxi\/wp-json\/wp\/v2\/product_tag?post=15728"},{"taxonomy":"product_author","embeddable":true,"href":"https:\/\/dev2.cantalupe.net\/sigloxxi\/wp-json\/wp\/v2\/product_author?post=15728"},{"taxonomy":"product_collection","embeddable":true,"href":"https:\/\/dev2.cantalupe.net\/sigloxxi\/wp-json\/wp\/v2\/product_collection?post=15728"}],"curies":[{"name":"wp","href":"https:\/\/api.w.org\/{rel}","templated":true}]}}