{"id":15740,"date":"2025-11-04T14:57:59","date_gmt":"2025-11-04T14:57:59","guid":{"rendered":"https:\/\/dev2.cantalupe.net\/sigloxxi\/libro\/plagas-y-pueblos\/"},"modified":"2025-11-04T14:58:04","modified_gmt":"2025-11-04T14:58:04","slug":"plagas-y-pueblos","status":"publish","type":"product","link":"https:\/\/dev2.cantalupe.net\/sigloxxi\/libro\/plagas-y-pueblos\/","title":{"rendered":"Plagas y pueblos"},"content":{"rendered":"<p>Una plaga desmoraliz\u00f3 al ej\u00e9rcito ateniense durante las guerras del Peloponeso; otra plaga asol\u00f3 el Imperio romano antes de su decadencia y, en el siglo XVI, la viruela fue el arma decisiva que permiti\u00f3 a Hern\u00e1n Cort\u00e9s, con tan solo seiscientos hombres, conquistar el Imperio azteca, cuyos s\u00fabditos eran millones. En 1918, una epidemia de gripe arrebat\u00f3 m\u00e1s vidas norteamericanas que todas las batallas de la Primera Guerra Mundial.<br \/>\nEn Plagas y pueblos, William H. McNeill describe el impacto dram\u00e1tico que las enfermedades infecciosas han ejercido sobre el ascenso y la ca\u00edda de las civilizaciones. Armado con un impresionante arsenal de datos y con una innovadora interpretaci\u00f3n de la historia global, McNeill demuestra el papel esencial que las enfermedades, como la s\u00edfilis, el c\u00f3lera, la viruela y la malaria, y sus contagios han desempe\u00f1ado condicionando y modificando el curso de la historia.<\/p>\n","protected":false},"excerpt":{"rendered":"<p>Una plaga desmoraliz\u00f3 al ej\u00e9rcito ateniense durante las guerras del Peloponeso; otra plaga asol\u00f3 el Imperio romano antes de su decadencia y, en el siglo XVI, la viruela fue el arma decisiva que permiti\u00f3 a Hern\u00e1n Cort\u00e9s, con tan solo seiscientos hombres, conquistar el Imperio azteca, cuyos s\u00fabditos eran millones. En 1918, una epidemia de gripe arrebat\u00f3 m\u00e1s vidas norteamericanas que todas las batallas de la Primera Guerra Mundial.<br \/>\nEn Plagas y pueblos, William H. McNeill describe el impacto dram\u00e1tico que las enfermedades infecciosas han ejercido sobre el ascenso y la ca\u00edda de las civilizaciones. Armado con un impresionante arsenal de datos y con una innovadora interpretaci\u00f3n de la historia global, McNeill demuestra el papel esencial que las enfermedades, como la s\u00edfilis, el c\u00f3lera, la viruela y la malaria, y sus contagios han desempe\u00f1ado condicionando y modificando el curso de la historia.<\/p>\n","protected":false},"featured_media":4002,"comment_status":"closed","ping_status":"open","template":"","meta":{"_acf_changed":false},"materia_nivel_3":[],"subtema_nivel_2":[2561],"tema_nivel_1":[2567],"product_brand":[],"product_cat":[15],"product_tag":[],"product_author":[4005],"product_collection":[],"class_list":{"0":"post-15740","1":"product","2":"type-product","3":"status-publish","4":"has-post-thumbnail","6":"subtema_nivel_2-historia","7":"tema_nivel_1-historia","8":"product_cat-uncategorized","9":"product_author-mcneill-william-hardy","11":"first","12":"instock","13":"purchasable","14":"product-type-simple"},"acf":[],"_links":{"self":[{"href":"https:\/\/dev2.cantalupe.net\/sigloxxi\/wp-json\/wp\/v2\/product\/15740","targetHints":{"allow":["GET"]}}],"collection":[{"href":"https:\/\/dev2.cantalupe.net\/sigloxxi\/wp-json\/wp\/v2\/product"}],"about":[{"href":"https:\/\/dev2.cantalupe.net\/sigloxxi\/wp-json\/wp\/v2\/types\/product"}],"replies":[{"embeddable":true,"href":"https:\/\/dev2.cantalupe.net\/sigloxxi\/wp-json\/wp\/v2\/comments?post=15740"}],"version-history":[{"count":1,"href":"https:\/\/dev2.cantalupe.net\/sigloxxi\/wp-json\/wp\/v2\/product\/15740\/revisions"}],"predecessor-version":[{"id":15741,"href":"https:\/\/dev2.cantalupe.net\/sigloxxi\/wp-json\/wp\/v2\/product\/15740\/revisions\/15741"}],"wp:featuredmedia":[{"embeddable":true,"href":"https:\/\/dev2.cantalupe.net\/sigloxxi\/wp-json\/wp\/v2\/media\/4002"}],"wp:attachment":[{"href":"https:\/\/dev2.cantalupe.net\/sigloxxi\/wp-json\/wp\/v2\/media?parent=15740"}],"wp:term":[{"taxonomy":"materia_nivel_3","embeddable":true,"href":"https:\/\/dev2.cantalupe.net\/sigloxxi\/wp-json\/wp\/v2\/materia_nivel_3?post=15740"},{"taxonomy":"subtema_nivel_2","embeddable":true,"href":"https:\/\/dev2.cantalupe.net\/sigloxxi\/wp-json\/wp\/v2\/subtema_nivel_2?post=15740"},{"taxonomy":"tema_nivel_1","embeddable":true,"href":"https:\/\/dev2.cantalupe.net\/sigloxxi\/wp-json\/wp\/v2\/tema_nivel_1?post=15740"},{"taxonomy":"product_brand","embeddable":true,"href":"https:\/\/dev2.cantalupe.net\/sigloxxi\/wp-json\/wp\/v2\/product_brand?post=15740"},{"taxonomy":"product_cat","embeddable":true,"href":"https:\/\/dev2.cantalupe.net\/sigloxxi\/wp-json\/wp\/v2\/product_cat?post=15740"},{"taxonomy":"product_tag","embeddable":true,"href":"https:\/\/dev2.cantalupe.net\/sigloxxi\/wp-json\/wp\/v2\/product_tag?post=15740"},{"taxonomy":"product_author","embeddable":true,"href":"https:\/\/dev2.cantalupe.net\/sigloxxi\/wp-json\/wp\/v2\/product_author?post=15740"},{"taxonomy":"product_collection","embeddable":true,"href":"https:\/\/dev2.cantalupe.net\/sigloxxi\/wp-json\/wp\/v2\/product_collection?post=15740"}],"curies":[{"name":"wp","href":"https:\/\/api.w.org\/{rel}","templated":true}]}}