{"id":15742,"date":"2025-11-04T14:57:59","date_gmt":"2025-11-04T14:57:59","guid":{"rendered":"https:\/\/dev2.cantalupe.net\/sigloxxi\/libro\/platon-en-90-minutos\/"},"modified":"2025-11-04T14:58:04","modified_gmt":"2025-11-04T14:58:04","slug":"platon-en-90-minutos","status":"publish","type":"product","link":"https:\/\/dev2.cantalupe.net\/sigloxxi\/libro\/platon-en-90-minutos\/","title":{"rendered":"Plat\u00f3n en 90 minutos"},"content":{"rendered":"<p>La primera ambici\u00f3n de Plat\u00f3n fue la de consagrarse como luchador, pero no pudo llegar a los Juegos Ol\u00edmpicos. Prob\u00f3 entonces suerte como poeta tr\u00e1gico, pero no gan\u00f3 ninguno de los grandes cert\u00e1menes. Como \u00faltimo recurso, fue a visitar a S\u00f3crates. Fue amor a primera vista; el joven Plat\u00f3n decidi\u00f3 dedicarse a la filosof\u00eda. En el 387 a.C. fundaba la Academia ateniense, la primera universidad de la historia, donde ense\u00f1aba a sus disc\u00edpulos que cuanto vemos no es la genuina realidad, sino una reproducci\u00f3n imperfecta de la misma. Se forjaba as\u00ed una de las filosof\u00edas m\u00e1s vigorosas de la historia.En Plat\u00f3n en 90 minutos, Paul Strathern expone de manera clara y concisa la vida e ideas del m\u00e1s c\u00e9lebre de los disc\u00edpulos de S\u00f3crates. El libro incluye una selecci\u00f3n de textos \u0096del Teeteto, del Fed\u00f3n y, sobre todo, de La Rep\u00fablica\u0096, as\u00ed como una completa cronolog\u00eda que sit\u00faan a Plat\u00f3n en su \u00e9poca y en una sinopsis m\u00e1s amplia de la filosof\u00eda.\u00ab90 minutos\u00bb es una colecci\u00f3n compuesta por breves e iluminadoras introducciones a los m\u00e1s destacados fil\u00f3sofos, cient\u00edficos y pensadores de todos los tiempos. De lectura amena y accesible, permiten a cualquier lector interesado adentrarse tanto en el pensamiento y los descubrimientos de cada figura analizada como en su influencia posterior en el curso de la historia.<\/p>\n","protected":false},"excerpt":{"rendered":"<p>La primera ambici\u00f3n de Plat\u00f3n fue la de consagrarse como luchador, pero no pudo llegar a los Juegos Ol\u00edmpicos. Prob\u00f3 entonces suerte como poeta tr\u00e1gico, pero no gan\u00f3 ninguno de los grandes cert\u00e1menes. Como \u00faltimo recurso, fue a visitar a S\u00f3crates. Fue amor a primera vista; el joven Plat\u00f3n decidi\u00f3 dedicarse a la filosof\u00eda. En el 387 a.C. fundaba la Academia ateniense, la primera universidad de la historia, donde ense\u00f1aba a sus disc\u00edpulos que cuanto vemos no es la genuina realidad, sino una reproducci\u00f3n imperfecta de la misma. Se forjaba as\u00ed una de las filosof\u00edas m\u00e1s vigorosas de la historia.En Plat\u00f3n en 90 minutos, Paul Strathern expone de manera clara y concisa la vida e ideas del m\u00e1s c\u00e9lebre de los disc\u00edpulos de S\u00f3crates. El libro incluye una selecci\u00f3n de textos \u0096del Teeteto, del Fed\u00f3n y, sobre todo, de La Rep\u00fablica\u0096, as\u00ed como una completa cronolog\u00eda que sit\u00faan a Plat\u00f3n en su \u00e9poca y en una sinopsis m\u00e1s amplia de la filosof\u00eda.\u00ab90 minutos\u00bb es una colecci\u00f3n compuesta por breves e iluminadoras introducciones a los m\u00e1s destacados fil\u00f3sofos, cient\u00edficos y pensadores de todos los tiempos. De lectura amena y accesible, permiten a cualquier lector interesado adentrarse tanto en el pensamiento y los descubrimientos de cada figura analizada como en su influencia posterior en el curso de la historia.<\/p>\n","protected":false},"featured_media":4004,"comment_status":"closed","ping_status":"open","template":"","meta":{"_acf_changed":false},"materia_nivel_3":[2660,2686],"subtema_nivel_2":[2586],"tema_nivel_1":[2663],"product_brand":[],"product_cat":[15],"product_tag":[],"product_author":[2849],"product_collection":[],"class_list":{"0":"post-15742","1":"product","2":"type-product","3":"status-publish","4":"has-post-thumbnail","6":"materia_nivel_3-antigua","7":"materia_nivel_3-historia-de-la-filosofia","8":"subtema_nivel_2-filosofia","9":"tema_nivel_1-en-90-minutos","10":"product_cat-uncategorized","11":"product_author-strathern-paul","13":"first","14":"instock","15":"purchasable","16":"product-type-simple"},"acf":[],"_links":{"self":[{"href":"https:\/\/dev2.cantalupe.net\/sigloxxi\/wp-json\/wp\/v2\/product\/15742","targetHints":{"allow":["GET"]}}],"collection":[{"href":"https:\/\/dev2.cantalupe.net\/sigloxxi\/wp-json\/wp\/v2\/product"}],"about":[{"href":"https:\/\/dev2.cantalupe.net\/sigloxxi\/wp-json\/wp\/v2\/types\/product"}],"replies":[{"embeddable":true,"href":"https:\/\/dev2.cantalupe.net\/sigloxxi\/wp-json\/wp\/v2\/comments?post=15742"}],"version-history":[{"count":1,"href":"https:\/\/dev2.cantalupe.net\/sigloxxi\/wp-json\/wp\/v2\/product\/15742\/revisions"}],"predecessor-version":[{"id":15743,"href":"https:\/\/dev2.cantalupe.net\/sigloxxi\/wp-json\/wp\/v2\/product\/15742\/revisions\/15743"}],"wp:featuredmedia":[{"embeddable":true,"href":"https:\/\/dev2.cantalupe.net\/sigloxxi\/wp-json\/wp\/v2\/media\/4004"}],"wp:attachment":[{"href":"https:\/\/dev2.cantalupe.net\/sigloxxi\/wp-json\/wp\/v2\/media?parent=15742"}],"wp:term":[{"taxonomy":"materia_nivel_3","embeddable":true,"href":"https:\/\/dev2.cantalupe.net\/sigloxxi\/wp-json\/wp\/v2\/materia_nivel_3?post=15742"},{"taxonomy":"subtema_nivel_2","embeddable":true,"href":"https:\/\/dev2.cantalupe.net\/sigloxxi\/wp-json\/wp\/v2\/subtema_nivel_2?post=15742"},{"taxonomy":"tema_nivel_1","embeddable":true,"href":"https:\/\/dev2.cantalupe.net\/sigloxxi\/wp-json\/wp\/v2\/tema_nivel_1?post=15742"},{"taxonomy":"product_brand","embeddable":true,"href":"https:\/\/dev2.cantalupe.net\/sigloxxi\/wp-json\/wp\/v2\/product_brand?post=15742"},{"taxonomy":"product_cat","embeddable":true,"href":"https:\/\/dev2.cantalupe.net\/sigloxxi\/wp-json\/wp\/v2\/product_cat?post=15742"},{"taxonomy":"product_tag","embeddable":true,"href":"https:\/\/dev2.cantalupe.net\/sigloxxi\/wp-json\/wp\/v2\/product_tag?post=15742"},{"taxonomy":"product_author","embeddable":true,"href":"https:\/\/dev2.cantalupe.net\/sigloxxi\/wp-json\/wp\/v2\/product_author?post=15742"},{"taxonomy":"product_collection","embeddable":true,"href":"https:\/\/dev2.cantalupe.net\/sigloxxi\/wp-json\/wp\/v2\/product_collection?post=15742"}],"curies":[{"name":"wp","href":"https:\/\/api.w.org\/{rel}","templated":true}]}}