{"id":15770,"date":"2025-11-04T14:58:10","date_gmt":"2025-11-04T14:58:10","guid":{"rendered":"https:\/\/dev2.cantalupe.net\/sigloxxi\/libro\/polarizacion-soledad-y-algoritmos\/"},"modified":"2025-11-04T14:58:11","modified_gmt":"2025-11-04T14:58:11","slug":"polarizacion-soledad-y-algoritmos","status":"publish","type":"product","link":"https:\/\/dev2.cantalupe.net\/sigloxxi\/libro\/polarizacion-soledad-y-algoritmos\/","title":{"rendered":"Polarizaci\u00f3n, soledad y algoritmos"},"content":{"rendered":"<p>La Generaci\u00f3n Z est\u00e1 en boca de todos. Mucho se habla de ella, bueno y malo. Este libro explora algunas de las caracter\u00edsticas, comportamientos y pensamientos que definen a este grupo generacional, para dibujar un retrato lo m\u00e1s certero posible, y sin prejuicios.\u00a0Para ello, se ha contado con sus protagonistas: j\u00f3venes de esta generaci\u00f3n que han participado en el ensayo a trav\u00e9s de grupos de conversaci\u00f3n realizados en Madrid y Barcelona. Adem\u00e1s, el texto hace un recorrido por diversos estudios de varios pa\u00edses y suma la voz de expertos en distintas \u00e1reas.\u00a0Los centennials est\u00e1n dejando su huella en todo el mundo con una marcada brecha de g\u00e9nero y un creciente impacto en distintos procesos sociales y pol\u00edticos, como las elecciones. Su peso y relevancia no har\u00e1 m\u00e1s que aumentar en los pr\u00f3ximos a\u00f1os. A la luz de los hallazgos, se proponen algunas ideas para abordar el fen\u00f3meno y su futuro desde la comunicaci\u00f3n y la pol\u00edtica.<\/p>\n","protected":false},"excerpt":{"rendered":"<p>La Generaci\u00f3n Z est\u00e1 en boca de todos. Mucho se habla de ella, bueno y malo. Este libro explora algunas de las caracter\u00edsticas, comportamientos y pensamientos que definen a este grupo generacional, para dibujar un retrato lo m\u00e1s certero posible, y sin prejuicios.\u00a0Para ello, se ha contado con sus protagonistas: j\u00f3venes de esta generaci\u00f3n que han participado en el ensayo a trav\u00e9s de grupos de conversaci\u00f3n realizados en Madrid y Barcelona. Adem\u00e1s, el texto hace un recorrido por diversos estudios de varios pa\u00edses y suma la voz de expertos en distintas \u00e1reas.\u00a0Los centennials est\u00e1n dejando su huella en todo el mundo con una marcada brecha de g\u00e9nero y un creciente impacto en distintos procesos sociales y pol\u00edticos, como las elecciones. Su peso y relevancia no har\u00e1 m\u00e1s que aumentar en los pr\u00f3ximos a\u00f1os. A la luz de los hallazgos, se proponen algunas ideas para abordar el fen\u00f3meno y su futuro desde la comunicaci\u00f3n y la pol\u00edtica.<\/p>\n","protected":false},"featured_media":4028,"comment_status":"closed","ping_status":"open","template":"","meta":{"_acf_changed":false},"materia_nivel_3":[],"subtema_nivel_2":[2583],"tema_nivel_1":[2570],"product_brand":[],"product_cat":[15],"product_tag":[],"product_author":[4330],"product_collection":[],"class_list":{"0":"post-15770","1":"product","2":"type-product","3":"status-publish","4":"has-post-thumbnail","6":"subtema_nivel_2-sociologia","7":"tema_nivel_1-ciencias-sociales","8":"product_cat-uncategorized","9":"product_author-gutierrez-rubi-antoni","11":"first","12":"instock","13":"purchasable","14":"product-type-simple"},"acf":[],"_links":{"self":[{"href":"https:\/\/dev2.cantalupe.net\/sigloxxi\/wp-json\/wp\/v2\/product\/15770","targetHints":{"allow":["GET"]}}],"collection":[{"href":"https:\/\/dev2.cantalupe.net\/sigloxxi\/wp-json\/wp\/v2\/product"}],"about":[{"href":"https:\/\/dev2.cantalupe.net\/sigloxxi\/wp-json\/wp\/v2\/types\/product"}],"replies":[{"embeddable":true,"href":"https:\/\/dev2.cantalupe.net\/sigloxxi\/wp-json\/wp\/v2\/comments?post=15770"}],"version-history":[{"count":1,"href":"https:\/\/dev2.cantalupe.net\/sigloxxi\/wp-json\/wp\/v2\/product\/15770\/revisions"}],"predecessor-version":[{"id":15771,"href":"https:\/\/dev2.cantalupe.net\/sigloxxi\/wp-json\/wp\/v2\/product\/15770\/revisions\/15771"}],"wp:featuredmedia":[{"embeddable":true,"href":"https:\/\/dev2.cantalupe.net\/sigloxxi\/wp-json\/wp\/v2\/media\/4028"}],"wp:attachment":[{"href":"https:\/\/dev2.cantalupe.net\/sigloxxi\/wp-json\/wp\/v2\/media?parent=15770"}],"wp:term":[{"taxonomy":"materia_nivel_3","embeddable":true,"href":"https:\/\/dev2.cantalupe.net\/sigloxxi\/wp-json\/wp\/v2\/materia_nivel_3?post=15770"},{"taxonomy":"subtema_nivel_2","embeddable":true,"href":"https:\/\/dev2.cantalupe.net\/sigloxxi\/wp-json\/wp\/v2\/subtema_nivel_2?post=15770"},{"taxonomy":"tema_nivel_1","embeddable":true,"href":"https:\/\/dev2.cantalupe.net\/sigloxxi\/wp-json\/wp\/v2\/tema_nivel_1?post=15770"},{"taxonomy":"product_brand","embeddable":true,"href":"https:\/\/dev2.cantalupe.net\/sigloxxi\/wp-json\/wp\/v2\/product_brand?post=15770"},{"taxonomy":"product_cat","embeddable":true,"href":"https:\/\/dev2.cantalupe.net\/sigloxxi\/wp-json\/wp\/v2\/product_cat?post=15770"},{"taxonomy":"product_tag","embeddable":true,"href":"https:\/\/dev2.cantalupe.net\/sigloxxi\/wp-json\/wp\/v2\/product_tag?post=15770"},{"taxonomy":"product_author","embeddable":true,"href":"https:\/\/dev2.cantalupe.net\/sigloxxi\/wp-json\/wp\/v2\/product_author?post=15770"},{"taxonomy":"product_collection","embeddable":true,"href":"https:\/\/dev2.cantalupe.net\/sigloxxi\/wp-json\/wp\/v2\/product_collection?post=15770"}],"curies":[{"name":"wp","href":"https:\/\/api.w.org\/{rel}","templated":true}]}}