{"id":15820,"date":"2025-11-04T14:58:21","date_gmt":"2025-11-04T14:58:21","guid":{"rendered":"https:\/\/dev2.cantalupe.net\/sigloxxi\/libro\/programas-de-integracion\/"},"modified":"2025-11-04T14:58:26","modified_gmt":"2025-11-04T14:58:26","slug":"programas-de-integracion","status":"publish","type":"product","link":"https:\/\/dev2.cantalupe.net\/sigloxxi\/libro\/programas-de-integracion\/","title":{"rendered":"Programas de integraci\u00f3n"},"content":{"rendered":"<p>Esta colecci\u00f3n que el M. E. C. y Siglo XXI de Espa\u00f1a Editores ofrecen en coedici\u00f3n, responde al deseo de dar una respuesta a las necesidades educativas de todos los alumnos cualquiera que sea su nivel de especificidad. Se abordar\u00e1n en ella diferentes temas que traten de orientar tanto a padres como a profesionales implicados en el campo de la Educaci\u00f3n Especial. En este libro se presentan catorce estudios monogr\u00e1ficos detallados de programas de integraci\u00f3n en Gran Breta\u00f1a, cada uno de los cuales representa un enfoque diferente dentro de una amplia gama de necesidades especiales. Los programas son examinados desde una serie de perspectivas, incluidas su organizaci\u00f3n, sus objetivos, sus recursos y su curr\u00edculo. Programas de integraci\u00f3n es un complemento de La educaci\u00f3n de alumnos con necesidades especiales en la escuela normal, de los mismos autores. Ambos libros se basan en un proyecto de investigaci\u00f3n llevado a cabo en la National Foundation for Educational Research.<\/p>\n","protected":false},"excerpt":{"rendered":"<p>Esta colecci\u00f3n que el M. E. C. y Siglo XXI de Espa\u00f1a Editores ofrecen en coedici\u00f3n, responde al deseo de dar una respuesta a las necesidades educativas de todos los alumnos cualquiera que sea su nivel de especificidad. Se abordar\u00e1n en ella diferentes temas que traten de orientar tanto a padres como a profesionales implicados en el campo de la Educaci\u00f3n Especial. En este libro se presentan catorce estudios monogr\u00e1ficos detallados de programas de integraci\u00f3n en Gran Breta\u00f1a, cada uno de los cuales representa un enfoque diferente dentro de una amplia gama de necesidades especiales. Los programas son examinados desde una serie de perspectivas, incluidas su organizaci\u00f3n, sus objetivos, sus recursos y su curr\u00edculo. Programas de integraci\u00f3n es un complemento de La educaci\u00f3n de alumnos con necesidades especiales en la escuela normal, de los mismos autores. Ambos libros se basan en un proyecto de investigaci\u00f3n llevado a cabo en la National Foundation for Educational Research.<\/p>\n","protected":false},"featured_media":4073,"comment_status":"closed","ping_status":"open","template":"","meta":{"_acf_changed":false},"materia_nivel_3":[],"subtema_nivel_2":[2649],"tema_nivel_1":[2641],"product_brand":[],"product_cat":[15],"product_tag":[],"product_author":[],"product_collection":[],"class_list":{"0":"post-15820","1":"product","2":"type-product","3":"status-publish","4":"has-post-thumbnail","6":"subtema_nivel_2-pedagogia","7":"tema_nivel_1-educacion","8":"product_cat-uncategorized","10":"first","11":"instock","12":"purchasable","13":"product-type-simple"},"acf":[],"_links":{"self":[{"href":"https:\/\/dev2.cantalupe.net\/sigloxxi\/wp-json\/wp\/v2\/product\/15820","targetHints":{"allow":["GET"]}}],"collection":[{"href":"https:\/\/dev2.cantalupe.net\/sigloxxi\/wp-json\/wp\/v2\/product"}],"about":[{"href":"https:\/\/dev2.cantalupe.net\/sigloxxi\/wp-json\/wp\/v2\/types\/product"}],"replies":[{"embeddable":true,"href":"https:\/\/dev2.cantalupe.net\/sigloxxi\/wp-json\/wp\/v2\/comments?post=15820"}],"version-history":[{"count":1,"href":"https:\/\/dev2.cantalupe.net\/sigloxxi\/wp-json\/wp\/v2\/product\/15820\/revisions"}],"predecessor-version":[{"id":15821,"href":"https:\/\/dev2.cantalupe.net\/sigloxxi\/wp-json\/wp\/v2\/product\/15820\/revisions\/15821"}],"wp:featuredmedia":[{"embeddable":true,"href":"https:\/\/dev2.cantalupe.net\/sigloxxi\/wp-json\/wp\/v2\/media\/4073"}],"wp:attachment":[{"href":"https:\/\/dev2.cantalupe.net\/sigloxxi\/wp-json\/wp\/v2\/media?parent=15820"}],"wp:term":[{"taxonomy":"materia_nivel_3","embeddable":true,"href":"https:\/\/dev2.cantalupe.net\/sigloxxi\/wp-json\/wp\/v2\/materia_nivel_3?post=15820"},{"taxonomy":"subtema_nivel_2","embeddable":true,"href":"https:\/\/dev2.cantalupe.net\/sigloxxi\/wp-json\/wp\/v2\/subtema_nivel_2?post=15820"},{"taxonomy":"tema_nivel_1","embeddable":true,"href":"https:\/\/dev2.cantalupe.net\/sigloxxi\/wp-json\/wp\/v2\/tema_nivel_1?post=15820"},{"taxonomy":"product_brand","embeddable":true,"href":"https:\/\/dev2.cantalupe.net\/sigloxxi\/wp-json\/wp\/v2\/product_brand?post=15820"},{"taxonomy":"product_cat","embeddable":true,"href":"https:\/\/dev2.cantalupe.net\/sigloxxi\/wp-json\/wp\/v2\/product_cat?post=15820"},{"taxonomy":"product_tag","embeddable":true,"href":"https:\/\/dev2.cantalupe.net\/sigloxxi\/wp-json\/wp\/v2\/product_tag?post=15820"},{"taxonomy":"product_author","embeddable":true,"href":"https:\/\/dev2.cantalupe.net\/sigloxxi\/wp-json\/wp\/v2\/product_author?post=15820"},{"taxonomy":"product_collection","embeddable":true,"href":"https:\/\/dev2.cantalupe.net\/sigloxxi\/wp-json\/wp\/v2\/product_collection?post=15820"}],"curies":[{"name":"wp","href":"https:\/\/api.w.org\/{rel}","templated":true}]}}