{"id":15840,"date":"2025-11-04T14:58:28","date_gmt":"2025-11-04T14:58:28","guid":{"rendered":"https:\/\/dev2.cantalupe.net\/sigloxxi\/libro\/psicopatologia-humana\/"},"modified":"2025-11-04T14:58:32","modified_gmt":"2025-11-04T14:58:32","slug":"psicopatologia-humana","status":"publish","type":"product","link":"https:\/\/dev2.cantalupe.net\/sigloxxi\/libro\/psicopatologia-humana\/","title":{"rendered":"Psicopatolog\u00eda humana"},"content":{"rendered":"<p>Es preciso que la Psicopatolog\u00eda afronte las problem\u00e1ticas humanas tal y como ellas se presentan, sin ocultarlas con diagn\u00f3sticos ni peregrinas especulaciones cient\u00edficas. Hay que volver a la conciencia, al sujeto humano, para ver c\u00f3mo se manifiesta \u00e9l mismo. Es imposible ayudar a nadie si ignoramos lo que est\u00e1 experimentando. Por eso \u00e9sta es una Psicopatolog\u00eda Humana que se distancia bastante de las psicopatolog\u00edas a que estamos acostumbrados.<\/p>\n","protected":false},"excerpt":{"rendered":"<p>Es preciso que la Psicopatolog\u00eda afronte las problem\u00e1ticas humanas tal y como ellas se presentan, sin ocultarlas con diagn\u00f3sticos ni peregrinas especulaciones cient\u00edficas. Hay que volver a la conciencia, al sujeto humano, para ver c\u00f3mo se manifiesta \u00e9l mismo. Es imposible ayudar a nadie si ignoramos lo que est\u00e1 experimentando. Por eso \u00e9sta es una Psicopatolog\u00eda Humana que se distancia bastante de las psicopatolog\u00edas a que estamos acostumbrados.<\/p>\n","protected":false},"featured_media":4092,"comment_status":"closed","ping_status":"open","template":"","meta":{"_acf_changed":false},"materia_nivel_3":[],"subtema_nivel_2":[2578],"tema_nivel_1":[2579],"product_brand":[],"product_cat":[15],"product_tag":[],"product_author":[],"product_collection":[],"class_list":{"0":"post-15840","1":"product","2":"type-product","3":"status-publish","4":"has-post-thumbnail","6":"subtema_nivel_2-psicologia","7":"tema_nivel_1-psicologia","8":"product_cat-uncategorized","10":"first","11":"instock","12":"purchasable","13":"product-type-simple"},"acf":[],"_links":{"self":[{"href":"https:\/\/dev2.cantalupe.net\/sigloxxi\/wp-json\/wp\/v2\/product\/15840","targetHints":{"allow":["GET"]}}],"collection":[{"href":"https:\/\/dev2.cantalupe.net\/sigloxxi\/wp-json\/wp\/v2\/product"}],"about":[{"href":"https:\/\/dev2.cantalupe.net\/sigloxxi\/wp-json\/wp\/v2\/types\/product"}],"replies":[{"embeddable":true,"href":"https:\/\/dev2.cantalupe.net\/sigloxxi\/wp-json\/wp\/v2\/comments?post=15840"}],"version-history":[{"count":1,"href":"https:\/\/dev2.cantalupe.net\/sigloxxi\/wp-json\/wp\/v2\/product\/15840\/revisions"}],"predecessor-version":[{"id":15841,"href":"https:\/\/dev2.cantalupe.net\/sigloxxi\/wp-json\/wp\/v2\/product\/15840\/revisions\/15841"}],"wp:featuredmedia":[{"embeddable":true,"href":"https:\/\/dev2.cantalupe.net\/sigloxxi\/wp-json\/wp\/v2\/media\/4092"}],"wp:attachment":[{"href":"https:\/\/dev2.cantalupe.net\/sigloxxi\/wp-json\/wp\/v2\/media?parent=15840"}],"wp:term":[{"taxonomy":"materia_nivel_3","embeddable":true,"href":"https:\/\/dev2.cantalupe.net\/sigloxxi\/wp-json\/wp\/v2\/materia_nivel_3?post=15840"},{"taxonomy":"subtema_nivel_2","embeddable":true,"href":"https:\/\/dev2.cantalupe.net\/sigloxxi\/wp-json\/wp\/v2\/subtema_nivel_2?post=15840"},{"taxonomy":"tema_nivel_1","embeddable":true,"href":"https:\/\/dev2.cantalupe.net\/sigloxxi\/wp-json\/wp\/v2\/tema_nivel_1?post=15840"},{"taxonomy":"product_brand","embeddable":true,"href":"https:\/\/dev2.cantalupe.net\/sigloxxi\/wp-json\/wp\/v2\/product_brand?post=15840"},{"taxonomy":"product_cat","embeddable":true,"href":"https:\/\/dev2.cantalupe.net\/sigloxxi\/wp-json\/wp\/v2\/product_cat?post=15840"},{"taxonomy":"product_tag","embeddable":true,"href":"https:\/\/dev2.cantalupe.net\/sigloxxi\/wp-json\/wp\/v2\/product_tag?post=15840"},{"taxonomy":"product_author","embeddable":true,"href":"https:\/\/dev2.cantalupe.net\/sigloxxi\/wp-json\/wp\/v2\/product_author?post=15840"},{"taxonomy":"product_collection","embeddable":true,"href":"https:\/\/dev2.cantalupe.net\/sigloxxi\/wp-json\/wp\/v2\/product_collection?post=15840"}],"curies":[{"name":"wp","href":"https:\/\/api.w.org\/{rel}","templated":true}]}}