{"id":15854,"date":"2025-11-04T14:58:28","date_gmt":"2025-11-04T14:58:28","guid":{"rendered":"https:\/\/dev2.cantalupe.net\/sigloxxi\/libro\/que-es-esa-cosa-llamada-ciencia\/"},"modified":"2025-11-04T14:58:36","modified_gmt":"2025-11-04T14:58:36","slug":"que-es-esa-cosa-llamada-ciencia","status":"publish","type":"product","link":"https:\/\/dev2.cantalupe.net\/sigloxxi\/libro\/que-es-esa-cosa-llamada-ciencia\/","title":{"rendered":"\u00bfQu\u00e9 es esa cosa llamada ciencia?"},"content":{"rendered":"<p>Esta accesible exposici\u00f3n de los intentos cient\u00edficos modernos por destronar el pensamiento empirista se ha convertido, en el transcurso de los \u00faltimos veinticinco a\u00f1os, en un \u00e9xito de ventas a la vez que el texto universitario de referencia, traducido a m\u00e1s de quince lenguas. Las grandes teor\u00edas de la Filosof\u00eda de la ciencia del siglo pasado \u0096el falsacionismo, los paradigmas de Kuhn, la teor\u00eda anarquista de la ciencia de Feyerabend, los movimientos realistas y antirrealistas\u0096 est\u00e1n explicadas con acierto, utilizando un m\u00ednimo de terminolog\u00eda t\u00e9cnica.\u00a0<br \/>\n\tLa presente edici\u00f3n, revisada y ampliada, presenta un tratamiento conciso y esclarecedor de los desarrollos m\u00e1s importantes ocurridos en este campo durante las dos \u00faltimas d\u00e9cadas, y confirma su reputaci\u00f3n de ser el mejor libro de texto de introducci\u00f3n a la Filosof\u00eda de la ciencia.<\/p>\n","protected":false},"excerpt":{"rendered":"<p>Esta accesible exposici\u00f3n de los intentos cient\u00edficos modernos por destronar el pensamiento empirista se ha convertido, en el transcurso de los \u00faltimos veinticinco a\u00f1os, en un \u00e9xito de ventas a la vez que el texto universitario de referencia, traducido a m\u00e1s de quince lenguas. Las grandes teor\u00edas de la Filosof\u00eda de la ciencia del siglo pasado \u0096el falsacionismo, los paradigmas de Kuhn, la teor\u00eda anarquista de la ciencia de Feyerabend, los movimientos realistas y antirrealistas\u0096 est\u00e1n explicadas con acierto, utilizando un m\u00ednimo de terminolog\u00eda t\u00e9cnica.\u00a0<br \/>\n\tLa presente edici\u00f3n, revisada y ampliada, presenta un tratamiento conciso y esclarecedor de los desarrollos m\u00e1s importantes ocurridos en este campo durante las dos \u00faltimas d\u00e9cadas, y confirma su reputaci\u00f3n de ser el mejor libro de texto de introducci\u00f3n a la Filosof\u00eda de la ciencia.<\/p>\n","protected":false},"featured_media":4105,"comment_status":"closed","ping_status":"open","template":"","meta":{"_acf_changed":false},"materia_nivel_3":[2610],"subtema_nivel_2":[2586],"tema_nivel_1":[2587],"product_brand":[],"product_cat":[15],"product_tag":[],"product_author":[4011],"product_collection":[],"class_list":{"0":"post-15854","1":"product","2":"type-product","3":"status-publish","4":"has-post-thumbnail","6":"materia_nivel_3-filosofia-y-critica-de-la-cultura","7":"subtema_nivel_2-filosofia","8":"tema_nivel_1-filosofia-y-pensamiento","9":"product_cat-uncategorized","10":"product_author-chalmers-alan-f","12":"first","13":"instock","14":"purchasable","15":"product-type-simple"},"acf":[],"_links":{"self":[{"href":"https:\/\/dev2.cantalupe.net\/sigloxxi\/wp-json\/wp\/v2\/product\/15854","targetHints":{"allow":["GET"]}}],"collection":[{"href":"https:\/\/dev2.cantalupe.net\/sigloxxi\/wp-json\/wp\/v2\/product"}],"about":[{"href":"https:\/\/dev2.cantalupe.net\/sigloxxi\/wp-json\/wp\/v2\/types\/product"}],"replies":[{"embeddable":true,"href":"https:\/\/dev2.cantalupe.net\/sigloxxi\/wp-json\/wp\/v2\/comments?post=15854"}],"version-history":[{"count":1,"href":"https:\/\/dev2.cantalupe.net\/sigloxxi\/wp-json\/wp\/v2\/product\/15854\/revisions"}],"predecessor-version":[{"id":15855,"href":"https:\/\/dev2.cantalupe.net\/sigloxxi\/wp-json\/wp\/v2\/product\/15854\/revisions\/15855"}],"wp:featuredmedia":[{"embeddable":true,"href":"https:\/\/dev2.cantalupe.net\/sigloxxi\/wp-json\/wp\/v2\/media\/4105"}],"wp:attachment":[{"href":"https:\/\/dev2.cantalupe.net\/sigloxxi\/wp-json\/wp\/v2\/media?parent=15854"}],"wp:term":[{"taxonomy":"materia_nivel_3","embeddable":true,"href":"https:\/\/dev2.cantalupe.net\/sigloxxi\/wp-json\/wp\/v2\/materia_nivel_3?post=15854"},{"taxonomy":"subtema_nivel_2","embeddable":true,"href":"https:\/\/dev2.cantalupe.net\/sigloxxi\/wp-json\/wp\/v2\/subtema_nivel_2?post=15854"},{"taxonomy":"tema_nivel_1","embeddable":true,"href":"https:\/\/dev2.cantalupe.net\/sigloxxi\/wp-json\/wp\/v2\/tema_nivel_1?post=15854"},{"taxonomy":"product_brand","embeddable":true,"href":"https:\/\/dev2.cantalupe.net\/sigloxxi\/wp-json\/wp\/v2\/product_brand?post=15854"},{"taxonomy":"product_cat","embeddable":true,"href":"https:\/\/dev2.cantalupe.net\/sigloxxi\/wp-json\/wp\/v2\/product_cat?post=15854"},{"taxonomy":"product_tag","embeddable":true,"href":"https:\/\/dev2.cantalupe.net\/sigloxxi\/wp-json\/wp\/v2\/product_tag?post=15854"},{"taxonomy":"product_author","embeddable":true,"href":"https:\/\/dev2.cantalupe.net\/sigloxxi\/wp-json\/wp\/v2\/product_author?post=15854"},{"taxonomy":"product_collection","embeddable":true,"href":"https:\/\/dev2.cantalupe.net\/sigloxxi\/wp-json\/wp\/v2\/product_collection?post=15854"}],"curies":[{"name":"wp","href":"https:\/\/api.w.org\/{rel}","templated":true}]}}