{"id":15860,"date":"2025-11-04T14:58:28","date_gmt":"2025-11-04T14:58:28","guid":{"rendered":"https:\/\/dev2.cantalupe.net\/sigloxxi\/libro\/que-ha-fallado\/"},"modified":"2025-11-04T14:58:37","modified_gmt":"2025-11-04T14:58:37","slug":"que-ha-fallado","status":"publish","type":"product","link":"https:\/\/dev2.cantalupe.net\/sigloxxi\/libro\/que-ha-fallado\/","title":{"rendered":"\u00bfQu\u00e9 ha fallado?"},"content":{"rendered":"<p>En este extraordinario libro, Bernard Lewis, uno de los principales especialistas en la historia y cultura isl\u00e1micas, ofrece una incisiva mirada sobre la relaci\u00f3n entre Oriente Pr\u00f3ximo y Europa. Durante siglos el islam domin\u00f3 militar y econ\u00f3micamente el mundo y lider\u00f3 las artes y las ciencias. Vista desde el islam, la Europa cristiana se consideraba una tierra remota en la que reinaba la barbarie y de la que no hab\u00eda nada que aprender o temer. M\u00e1s tarde todo cambi\u00f3, pues el anta\u00f1o desde\u00f1ado Occidente alcanz\u00f3 victoria tras victoria, primero en el campo de batalla, m\u00e1s tarde en el comercio y, posteriormente, en casi todos los aspectos de la vida p\u00fablica y privada. Bernard Lewis examina en esta fascinante obra la angustiada reacci\u00f3n del mundo isl\u00e1mico para tratar de entender por qu\u00e9 hab\u00eda cambiado la situaci\u00f3n, como Occidente les hab\u00eda adelantado, eclipsado y, cada vez en mayor grado, dominado. El autor proporciona un retrato fascinante de una cultura desorientada. Mientras una parte del mundo isl\u00e1mico reaccionaba buscando chivos expiatorios, tanto internos como externos, otros buscaban las causas de sus equivocaciones y el modo de encontrar soluciones. Bernard Lewis pone de relieve las notables diferencias entre las culturas de Occidente y de Oriente Pr\u00f3ximo desde el siglo XVIII hasta el siglo XX, con sugerentes comparaciones de asuntos tales como el cristianismo y el islam., la m\u00fasica y las artes, la situaci\u00f3n de las mujeres, el secularismo y la sociedad civil.<\/p>\n","protected":false},"excerpt":{"rendered":"<p>En este extraordinario libro, Bernard Lewis, uno de los principales especialistas en la historia y cultura isl\u00e1micas, ofrece una incisiva mirada sobre la relaci\u00f3n entre Oriente Pr\u00f3ximo y Europa. Durante siglos el islam domin\u00f3 militar y econ\u00f3micamente el mundo y lider\u00f3 las artes y las ciencias. Vista desde el islam, la Europa cristiana se consideraba una tierra remota en la que reinaba la barbarie y de la que no hab\u00eda nada que aprender o temer. M\u00e1s tarde todo cambi\u00f3, pues el anta\u00f1o desde\u00f1ado Occidente alcanz\u00f3 victoria tras victoria, primero en el campo de batalla, m\u00e1s tarde en el comercio y, posteriormente, en casi todos los aspectos de la vida p\u00fablica y privada. Bernard Lewis examina en esta fascinante obra la angustiada reacci\u00f3n del mundo isl\u00e1mico para tratar de entender por qu\u00e9 hab\u00eda cambiado la situaci\u00f3n, como Occidente les hab\u00eda adelantado, eclipsado y, cada vez en mayor grado, dominado. El autor proporciona un retrato fascinante de una cultura desorientada. Mientras una parte del mundo isl\u00e1mico reaccionaba buscando chivos expiatorios, tanto internos como externos, otros buscaban las causas de sus equivocaciones y el modo de encontrar soluciones. Bernard Lewis pone de relieve las notables diferencias entre las culturas de Occidente y de Oriente Pr\u00f3ximo desde el siglo XVIII hasta el siglo XX, con sugerentes comparaciones de asuntos tales como el cristianismo y el islam., la m\u00fasica y las artes, la situaci\u00f3n de las mujeres, el secularismo y la sociedad civil.<\/p>\n","protected":false},"featured_media":4110,"comment_status":"closed","ping_status":"open","template":"","meta":{"_acf_changed":false},"materia_nivel_3":[],"subtema_nivel_2":[2583],"tema_nivel_1":[2570],"product_brand":[],"product_cat":[15],"product_tag":[],"product_author":[4146],"product_collection":[],"class_list":{"0":"post-15860","1":"product","2":"type-product","3":"status-publish","4":"has-post-thumbnail","6":"subtema_nivel_2-sociologia","7":"tema_nivel_1-ciencias-sociales","8":"product_cat-uncategorized","9":"product_author-lewis-bernard","11":"first","12":"instock","13":"purchasable","14":"product-type-simple"},"acf":[],"_links":{"self":[{"href":"https:\/\/dev2.cantalupe.net\/sigloxxi\/wp-json\/wp\/v2\/product\/15860","targetHints":{"allow":["GET"]}}],"collection":[{"href":"https:\/\/dev2.cantalupe.net\/sigloxxi\/wp-json\/wp\/v2\/product"}],"about":[{"href":"https:\/\/dev2.cantalupe.net\/sigloxxi\/wp-json\/wp\/v2\/types\/product"}],"replies":[{"embeddable":true,"href":"https:\/\/dev2.cantalupe.net\/sigloxxi\/wp-json\/wp\/v2\/comments?post=15860"}],"version-history":[{"count":1,"href":"https:\/\/dev2.cantalupe.net\/sigloxxi\/wp-json\/wp\/v2\/product\/15860\/revisions"}],"predecessor-version":[{"id":15861,"href":"https:\/\/dev2.cantalupe.net\/sigloxxi\/wp-json\/wp\/v2\/product\/15860\/revisions\/15861"}],"wp:featuredmedia":[{"embeddable":true,"href":"https:\/\/dev2.cantalupe.net\/sigloxxi\/wp-json\/wp\/v2\/media\/4110"}],"wp:attachment":[{"href":"https:\/\/dev2.cantalupe.net\/sigloxxi\/wp-json\/wp\/v2\/media?parent=15860"}],"wp:term":[{"taxonomy":"materia_nivel_3","embeddable":true,"href":"https:\/\/dev2.cantalupe.net\/sigloxxi\/wp-json\/wp\/v2\/materia_nivel_3?post=15860"},{"taxonomy":"subtema_nivel_2","embeddable":true,"href":"https:\/\/dev2.cantalupe.net\/sigloxxi\/wp-json\/wp\/v2\/subtema_nivel_2?post=15860"},{"taxonomy":"tema_nivel_1","embeddable":true,"href":"https:\/\/dev2.cantalupe.net\/sigloxxi\/wp-json\/wp\/v2\/tema_nivel_1?post=15860"},{"taxonomy":"product_brand","embeddable":true,"href":"https:\/\/dev2.cantalupe.net\/sigloxxi\/wp-json\/wp\/v2\/product_brand?post=15860"},{"taxonomy":"product_cat","embeddable":true,"href":"https:\/\/dev2.cantalupe.net\/sigloxxi\/wp-json\/wp\/v2\/product_cat?post=15860"},{"taxonomy":"product_tag","embeddable":true,"href":"https:\/\/dev2.cantalupe.net\/sigloxxi\/wp-json\/wp\/v2\/product_tag?post=15860"},{"taxonomy":"product_author","embeddable":true,"href":"https:\/\/dev2.cantalupe.net\/sigloxxi\/wp-json\/wp\/v2\/product_author?post=15860"},{"taxonomy":"product_collection","embeddable":true,"href":"https:\/\/dev2.cantalupe.net\/sigloxxi\/wp-json\/wp\/v2\/product_collection?post=15860"}],"curies":[{"name":"wp","href":"https:\/\/api.w.org\/{rel}","templated":true}]}}