{"id":15868,"date":"2025-11-04T14:58:28","date_gmt":"2025-11-04T14:58:28","guid":{"rendered":"https:\/\/dev2.cantalupe.net\/sigloxxi\/libro\/raices-economicas-del-deterioro-ecologico-y-social\/"},"modified":"2025-11-04T14:58:44","modified_gmt":"2025-11-04T14:58:44","slug":"raices-economicas-del-deterioro-ecologico-y-social","status":"publish","type":"product","link":"https:\/\/dev2.cantalupe.net\/sigloxxi\/libro\/raices-economicas-del-deterioro-ecologico-y-social\/","title":{"rendered":"Ra\u00edces econ\u00f3micas del deterioro ecol\u00f3gico y social"},"content":{"rendered":"<p>La crisis ha evidenciado algunos de los rasgos m\u00e1s insolidarios e insostenibles del actual sistema socioecon\u00f3mico, y ha reanimado las cr\u00edticas y la b\u00fasqueda de alternativas. Pero tambi\u00e9n, y sobre todo, los latigazos de la depresi\u00f3n y el paro han inducido a la poblaci\u00f3n a a\u00f1orar el crecimiento econ\u00f3mico y a desear con m\u00e1s fuerza los grilletes del trabajo dependiente, rebajando sus exigencias para someterse al statu quo.<br \/>\nEl prop\u00f3sito de este libro es desvelar las irracionalidades propias de la ideolog\u00eda econ\u00f3mica dominante que alimentan el deterioro ecol\u00f3gico y social, y proponer enfoques alternativos.<\/p>\n","protected":false},"excerpt":{"rendered":"<p>La crisis ha evidenciado algunos de los rasgos m\u00e1s insolidarios e insostenibles del actual sistema socioecon\u00f3mico, y ha reanimado las cr\u00edticas y la b\u00fasqueda de alternativas. Pero tambi\u00e9n, y sobre todo, los latigazos de la depresi\u00f3n y el paro han inducido a la poblaci\u00f3n a a\u00f1orar el crecimiento econ\u00f3mico y a desear con m\u00e1s fuerza los grilletes del trabajo dependiente, rebajando sus exigencias para someterse al statu quo.<br \/>\nEl prop\u00f3sito de este libro es desvelar las irracionalidades propias de la ideolog\u00eda econ\u00f3mica dominante que alimentan el deterioro ecol\u00f3gico y social, y proponer enfoques alternativos.<\/p>\n","protected":false},"featured_media":4116,"comment_status":"closed","ping_status":"open","template":"","meta":{"_acf_changed":false},"materia_nivel_3":[],"subtema_nivel_2":[2603,2598,2576],"tema_nivel_1":[2570],"product_brand":[],"product_cat":[15],"product_tag":[],"product_author":[3559],"product_collection":[],"class_list":{"0":"post-15868","1":"product","2":"type-product","3":"status-publish","4":"has-post-thumbnail","6":"subtema_nivel_2-biologia-medio-ambiente-y-geologia","7":"subtema_nivel_2-economia","8":"subtema_nivel_2-politica","9":"tema_nivel_1-ciencias-sociales","10":"product_cat-uncategorized","11":"product_author-naredo-jose-manuel","13":"first","14":"instock","15":"purchasable","16":"product-type-simple"},"acf":[],"_links":{"self":[{"href":"https:\/\/dev2.cantalupe.net\/sigloxxi\/wp-json\/wp\/v2\/product\/15868","targetHints":{"allow":["GET"]}}],"collection":[{"href":"https:\/\/dev2.cantalupe.net\/sigloxxi\/wp-json\/wp\/v2\/product"}],"about":[{"href":"https:\/\/dev2.cantalupe.net\/sigloxxi\/wp-json\/wp\/v2\/types\/product"}],"replies":[{"embeddable":true,"href":"https:\/\/dev2.cantalupe.net\/sigloxxi\/wp-json\/wp\/v2\/comments?post=15868"}],"version-history":[{"count":1,"href":"https:\/\/dev2.cantalupe.net\/sigloxxi\/wp-json\/wp\/v2\/product\/15868\/revisions"}],"predecessor-version":[{"id":15869,"href":"https:\/\/dev2.cantalupe.net\/sigloxxi\/wp-json\/wp\/v2\/product\/15868\/revisions\/15869"}],"wp:featuredmedia":[{"embeddable":true,"href":"https:\/\/dev2.cantalupe.net\/sigloxxi\/wp-json\/wp\/v2\/media\/4116"}],"wp:attachment":[{"href":"https:\/\/dev2.cantalupe.net\/sigloxxi\/wp-json\/wp\/v2\/media?parent=15868"}],"wp:term":[{"taxonomy":"materia_nivel_3","embeddable":true,"href":"https:\/\/dev2.cantalupe.net\/sigloxxi\/wp-json\/wp\/v2\/materia_nivel_3?post=15868"},{"taxonomy":"subtema_nivel_2","embeddable":true,"href":"https:\/\/dev2.cantalupe.net\/sigloxxi\/wp-json\/wp\/v2\/subtema_nivel_2?post=15868"},{"taxonomy":"tema_nivel_1","embeddable":true,"href":"https:\/\/dev2.cantalupe.net\/sigloxxi\/wp-json\/wp\/v2\/tema_nivel_1?post=15868"},{"taxonomy":"product_brand","embeddable":true,"href":"https:\/\/dev2.cantalupe.net\/sigloxxi\/wp-json\/wp\/v2\/product_brand?post=15868"},{"taxonomy":"product_cat","embeddable":true,"href":"https:\/\/dev2.cantalupe.net\/sigloxxi\/wp-json\/wp\/v2\/product_cat?post=15868"},{"taxonomy":"product_tag","embeddable":true,"href":"https:\/\/dev2.cantalupe.net\/sigloxxi\/wp-json\/wp\/v2\/product_tag?post=15868"},{"taxonomy":"product_author","embeddable":true,"href":"https:\/\/dev2.cantalupe.net\/sigloxxi\/wp-json\/wp\/v2\/product_author?post=15868"},{"taxonomy":"product_collection","embeddable":true,"href":"https:\/\/dev2.cantalupe.net\/sigloxxi\/wp-json\/wp\/v2\/product_collection?post=15868"}],"curies":[{"name":"wp","href":"https:\/\/api.w.org\/{rel}","templated":true}]}}