{"id":15876,"date":"2025-11-04T14:58:28","date_gmt":"2025-11-04T14:58:28","guid":{"rendered":"https:\/\/dev2.cantalupe.net\/sigloxxi\/libro\/recuerdos-y-reflexiones\/"},"modified":"2025-11-04T14:58:45","modified_gmt":"2025-11-04T14:58:45","slug":"recuerdos-y-reflexiones","status":"publish","type":"product","link":"https:\/\/dev2.cantalupe.net\/sigloxxi\/libro\/recuerdos-y-reflexiones\/","title":{"rendered":"Recuerdos y reflexiones"},"content":{"rendered":"<p>Solapa: En las p\u00e1ginas de estos Recuerdos y reflexiones palpita todo el dramatismo de la \u00e9poca que le toc\u00f3 vivir a Ernst Fischer. Su obra anterior -entre la que destaca, como su aportaci\u00f3n a los estudios est\u00e9ticos, la necesidad del arte- le acredita como escritor y fil\u00f3sofo vigoroso. Pero, adem\u00e1s, fue un luchador pol\u00edtico revolucionario. Todas estas facetas est\u00e1n reflejadas aqu\u00ed, en este libro, donde bascula toda su vida privada y p\u00fablica; donde analiza sin reticencias ni justificaciones sus primeros a\u00f1os en Graz, el per\u00edodo vien\u00e9s, sus actividades como funcionario de la Internacional comunista en Mosc\u00fa, su vinculaci\u00f3n al Partido Comunista Austr\u00edaco y su adhesi\u00f3n abierta al ?socialismo de rostro humano?. En pocas ? memorias? se puede apreciar un esfuerzo similar al que se patentiza en \u00e9stas de Fischer. Admira en este libro la sinceridad con que el autor reconstruye las diversas fases de su vida hasta elevar\u00eda a la categor\u00eda de cr\u00f3nica l\u00facida de los acontecimientos de su \u00e9poca y de sus sentimientos personales, subrayados con frecuencia rnediante el procedimiento de citar fragmentos de sus obras literarias que se intercalan oportunamente en los aconteceres que describe, acerc\u00e1ndolos o alej\u00e1ndolos del tiempo que es aqu\u00ed objeto y materia de la narraci\u00f3n. En los largos corredores de la ?memoria? penden finamente vivificados algunos retratos de sus contempor\u00e1neos (O. Bauer, Dimitrov, Kunfi, Vischinski, Marty, Revai, Togliatti, Stalin, etc.) , decantados en el filtro del recuerdo, \u00e1gilmente perfilados algunos. Personaje y entorno se yerguen ante el lector, que asiste al desarrollo de uno de los documentos m\u00e1s significativamente testimoniales entre cuantos ilustran las punzantes contradicciones vividas por los intelectuales europeos vinculados al movimiento comunista internacional en este siglo.<\/p>\n","protected":false},"excerpt":{"rendered":"<p>Solapa: En las p\u00e1ginas de estos Recuerdos y reflexiones palpita todo el dramatismo de la \u00e9poca que le toc\u00f3 vivir a Ernst Fischer. Su obra anterior -entre la que destaca, como su aportaci\u00f3n a los estudios est\u00e9ticos, la necesidad del arte- le acredita como escritor y fil\u00f3sofo vigoroso. Pero, adem\u00e1s, fue un luchador pol\u00edtico revolucionario. Todas estas facetas est\u00e1n reflejadas aqu\u00ed, en este libro, donde bascula toda su vida privada y p\u00fablica; donde analiza sin reticencias ni justificaciones sus primeros a\u00f1os en Graz, el per\u00edodo vien\u00e9s, sus actividades como funcionario de la Internacional comunista en Mosc\u00fa, su vinculaci\u00f3n al Partido Comunista Austr\u00edaco y su adhesi\u00f3n abierta al ?socialismo de rostro humano?. En pocas ? memorias? se puede apreciar un esfuerzo similar al que se patentiza en \u00e9stas de Fischer. Admira en este libro la sinceridad con que el autor reconstruye las diversas fases de su vida hasta elevar\u00eda a la categor\u00eda de cr\u00f3nica l\u00facida de los acontecimientos de su \u00e9poca y de sus sentimientos personales, subrayados con frecuencia rnediante el procedimiento de citar fragmentos de sus obras literarias que se intercalan oportunamente en los aconteceres que describe, acerc\u00e1ndolos o alej\u00e1ndolos del tiempo que es aqu\u00ed objeto y materia de la narraci\u00f3n. En los largos corredores de la ?memoria? penden finamente vivificados algunos retratos de sus contempor\u00e1neos (O. Bauer, Dimitrov, Kunfi, Vischinski, Marty, Revai, Togliatti, Stalin, etc.) , decantados en el filtro del recuerdo, \u00e1gilmente perfilados algunos. Personaje y entorno se yerguen ante el lector, que asiste al desarrollo de uno de los documentos m\u00e1s significativamente testimoniales entre cuantos ilustran las punzantes contradicciones vividas por los intelectuales europeos vinculados al movimiento comunista internacional en este siglo.<\/p>\n","protected":false},"featured_media":4123,"comment_status":"closed","ping_status":"open","template":"","meta":{"_acf_changed":false},"materia_nivel_3":[],"subtema_nivel_2":[],"tema_nivel_1":[2587],"product_brand":[],"product_cat":[15],"product_tag":[],"product_author":[],"product_collection":[],"class_list":{"0":"post-15876","1":"product","2":"type-product","3":"status-publish","4":"has-post-thumbnail","6":"tema_nivel_1-filosofia-y-pensamiento","7":"product_cat-uncategorized","9":"first","10":"instock","11":"purchasable","12":"product-type-simple"},"acf":[],"_links":{"self":[{"href":"https:\/\/dev2.cantalupe.net\/sigloxxi\/wp-json\/wp\/v2\/product\/15876","targetHints":{"allow":["GET"]}}],"collection":[{"href":"https:\/\/dev2.cantalupe.net\/sigloxxi\/wp-json\/wp\/v2\/product"}],"about":[{"href":"https:\/\/dev2.cantalupe.net\/sigloxxi\/wp-json\/wp\/v2\/types\/product"}],"replies":[{"embeddable":true,"href":"https:\/\/dev2.cantalupe.net\/sigloxxi\/wp-json\/wp\/v2\/comments?post=15876"}],"version-history":[{"count":1,"href":"https:\/\/dev2.cantalupe.net\/sigloxxi\/wp-json\/wp\/v2\/product\/15876\/revisions"}],"predecessor-version":[{"id":15877,"href":"https:\/\/dev2.cantalupe.net\/sigloxxi\/wp-json\/wp\/v2\/product\/15876\/revisions\/15877"}],"wp:featuredmedia":[{"embeddable":true,"href":"https:\/\/dev2.cantalupe.net\/sigloxxi\/wp-json\/wp\/v2\/media\/4123"}],"wp:attachment":[{"href":"https:\/\/dev2.cantalupe.net\/sigloxxi\/wp-json\/wp\/v2\/media?parent=15876"}],"wp:term":[{"taxonomy":"materia_nivel_3","embeddable":true,"href":"https:\/\/dev2.cantalupe.net\/sigloxxi\/wp-json\/wp\/v2\/materia_nivel_3?post=15876"},{"taxonomy":"subtema_nivel_2","embeddable":true,"href":"https:\/\/dev2.cantalupe.net\/sigloxxi\/wp-json\/wp\/v2\/subtema_nivel_2?post=15876"},{"taxonomy":"tema_nivel_1","embeddable":true,"href":"https:\/\/dev2.cantalupe.net\/sigloxxi\/wp-json\/wp\/v2\/tema_nivel_1?post=15876"},{"taxonomy":"product_brand","embeddable":true,"href":"https:\/\/dev2.cantalupe.net\/sigloxxi\/wp-json\/wp\/v2\/product_brand?post=15876"},{"taxonomy":"product_cat","embeddable":true,"href":"https:\/\/dev2.cantalupe.net\/sigloxxi\/wp-json\/wp\/v2\/product_cat?post=15876"},{"taxonomy":"product_tag","embeddable":true,"href":"https:\/\/dev2.cantalupe.net\/sigloxxi\/wp-json\/wp\/v2\/product_tag?post=15876"},{"taxonomy":"product_author","embeddable":true,"href":"https:\/\/dev2.cantalupe.net\/sigloxxi\/wp-json\/wp\/v2\/product_author?post=15876"},{"taxonomy":"product_collection","embeddable":true,"href":"https:\/\/dev2.cantalupe.net\/sigloxxi\/wp-json\/wp\/v2\/product_collection?post=15876"}],"curies":[{"name":"wp","href":"https:\/\/api.w.org\/{rel}","templated":true}]}}