{"id":15884,"date":"2025-11-04T14:58:46","date_gmt":"2025-11-04T14:58:46","guid":{"rendered":"https:\/\/dev2.cantalupe.net\/sigloxxi\/libro\/relacion-del-origen-y-suceso-de-los-xarifes-y-del-estado-de-los-reinos-de-marruecos-fez-y-tarudante\/"},"modified":"2025-11-04T14:58:46","modified_gmt":"2025-11-04T14:58:46","slug":"relacion-del-origen-y-suceso-de-los-xarifes-y-del-estado-de-los-reinos-de-marruecos-fez-y-tarudante","status":"publish","type":"product","link":"https:\/\/dev2.cantalupe.net\/sigloxxi\/libro\/relacion-del-origen-y-suceso-de-los-xarifes-y-del-estado-de-los-reinos-de-marruecos-fez-y-tarudante\/","title":{"rendered":"Relaci\u00f3n del origen y suceso de los xarifes y del estado de los reinos de Marruecos, Fez y Tarudante"},"content":{"rendered":"<p>La Relaci\u00f3n del origen y suceso de los Xarifes y de los Reinos de Marruecos,<br \/>\n\tFez y Tarudante es una de las obras m\u00e1s importantes de la historiograf\u00eda hisp\u00e1nica del siglo XVI referente al Norte de \u00c1frica, fuente de primera mano para el conocimiento de Marruecos en ese siglo y de las plazas portuguesas en la costa africana. Su autor, Diego de Torres, vivi\u00f3 de 1546 a 1554 en la corte del Xarife, donde desempe\u00f1aba el cargo de rescatador de cautivos a las \u00f3rdenes de Juan III de Portugal. A su regreso a la pen\u00ednsula escribi\u00f3 esta historia y descripci\u00f3n geogr\u00e1fica de los reinos marroqu\u00edes, que abarca el per\u00edodo de 1502 a 1574, basada principalmente en sus experiencias y observaciones personales. El fin b\u00e1sico de la obra era impulsar al joven rey de Portugal, Don Sebasti\u00e1n, a quien iba dedicada, a la conquista de Marruecos. <\/p>\n<p>\tLa obra no fue publicada en vida de Torres, sin duda a causa del desastre de la campa\u00f1a de Alc\u00e1zar en 1578, en la que el propio Torres particip\u00f3 como experto y en la que muri\u00f3 Don Sebasti\u00e1n, sino a\u00f1os m\u00e1s tarde, en Sevilla (1586), a cargo de su viuda. Es la \u00fanica edici\u00f3n que se ha hecho en Espa\u00f1a de este importante texto, a pesar de que fue traducida y publicada dos veces en Francia. La obra es, pues, pr\u00e1cticamente desconocida -como la mayor\u00eda de las que se escribieron sobre el Norte de \u00c1frica-, a pesar de que en  importancia, inter\u00e9s y amenidad puede muy bien compararse a sus contempor\u00e1neos \u00abrelatos de Indias\u00bb, mucho m\u00e1s divulgados.<\/p>\n","protected":false},"excerpt":{"rendered":"<p>La Relaci\u00f3n del origen y suceso de los Xarifes y de los Reinos de Marruecos,<br \/>\n\tFez y Tarudante es una de las obras m\u00e1s importantes de la historiograf\u00eda hisp\u00e1nica del siglo XVI referente al Norte de \u00c1frica, fuente de primera mano para el conocimiento de Marruecos en ese siglo y de las plazas portuguesas en la costa africana. Su autor, Diego de Torres, vivi\u00f3 de 1546 a 1554 en la corte del Xarife, donde desempe\u00f1aba el cargo de rescatador de cautivos a las \u00f3rdenes de Juan III de Portugal. A su regreso a la pen\u00ednsula escribi\u00f3 esta historia y descripci\u00f3n geogr\u00e1fica de los reinos marroqu\u00edes, que abarca el per\u00edodo de 1502 a 1574, basada principalmente en sus experiencias y observaciones personales. El fin b\u00e1sico de la obra era impulsar al joven rey de Portugal, Don Sebasti\u00e1n, a quien iba dedicada, a la conquista de Marruecos. <\/p>\n<p>\tLa obra no fue publicada en vida de Torres, sin duda a causa del desastre de la campa\u00f1a de Alc\u00e1zar en 1578, en la que el propio Torres particip\u00f3 como experto y en la que muri\u00f3 Don Sebasti\u00e1n, sino a\u00f1os m\u00e1s tarde, en Sevilla (1586), a cargo de su viuda. Es la \u00fanica edici\u00f3n que se ha hecho en Espa\u00f1a de este importante texto, a pesar de que fue traducida y publicada dos veces en Francia. La obra es, pues, pr\u00e1cticamente desconocida -como la mayor\u00eda de las que se escribieron sobre el Norte de \u00c1frica-, a pesar de que en  importancia, inter\u00e9s y amenidad puede muy bien compararse a sus contempor\u00e1neos \u00abrelatos de Indias\u00bb, mucho m\u00e1s divulgados.<\/p>\n","protected":false},"featured_media":4130,"comment_status":"closed","ping_status":"open","template":"","meta":{"_acf_changed":false},"materia_nivel_3":[],"subtema_nivel_2":[2561],"tema_nivel_1":[2567],"product_brand":[],"product_cat":[15],"product_tag":[],"product_author":[3749],"product_collection":[],"class_list":{"0":"post-15884","1":"product","2":"type-product","3":"status-publish","4":"has-post-thumbnail","6":"subtema_nivel_2-historia","7":"tema_nivel_1-historia","8":"product_cat-uncategorized","9":"product_author-garcia-arenal-mercedes","11":"first","12":"instock","13":"purchasable","14":"product-type-simple"},"acf":[],"_links":{"self":[{"href":"https:\/\/dev2.cantalupe.net\/sigloxxi\/wp-json\/wp\/v2\/product\/15884","targetHints":{"allow":["GET"]}}],"collection":[{"href":"https:\/\/dev2.cantalupe.net\/sigloxxi\/wp-json\/wp\/v2\/product"}],"about":[{"href":"https:\/\/dev2.cantalupe.net\/sigloxxi\/wp-json\/wp\/v2\/types\/product"}],"replies":[{"embeddable":true,"href":"https:\/\/dev2.cantalupe.net\/sigloxxi\/wp-json\/wp\/v2\/comments?post=15884"}],"version-history":[{"count":1,"href":"https:\/\/dev2.cantalupe.net\/sigloxxi\/wp-json\/wp\/v2\/product\/15884\/revisions"}],"predecessor-version":[{"id":15885,"href":"https:\/\/dev2.cantalupe.net\/sigloxxi\/wp-json\/wp\/v2\/product\/15884\/revisions\/15885"}],"wp:featuredmedia":[{"embeddable":true,"href":"https:\/\/dev2.cantalupe.net\/sigloxxi\/wp-json\/wp\/v2\/media\/4130"}],"wp:attachment":[{"href":"https:\/\/dev2.cantalupe.net\/sigloxxi\/wp-json\/wp\/v2\/media?parent=15884"}],"wp:term":[{"taxonomy":"materia_nivel_3","embeddable":true,"href":"https:\/\/dev2.cantalupe.net\/sigloxxi\/wp-json\/wp\/v2\/materia_nivel_3?post=15884"},{"taxonomy":"subtema_nivel_2","embeddable":true,"href":"https:\/\/dev2.cantalupe.net\/sigloxxi\/wp-json\/wp\/v2\/subtema_nivel_2?post=15884"},{"taxonomy":"tema_nivel_1","embeddable":true,"href":"https:\/\/dev2.cantalupe.net\/sigloxxi\/wp-json\/wp\/v2\/tema_nivel_1?post=15884"},{"taxonomy":"product_brand","embeddable":true,"href":"https:\/\/dev2.cantalupe.net\/sigloxxi\/wp-json\/wp\/v2\/product_brand?post=15884"},{"taxonomy":"product_cat","embeddable":true,"href":"https:\/\/dev2.cantalupe.net\/sigloxxi\/wp-json\/wp\/v2\/product_cat?post=15884"},{"taxonomy":"product_tag","embeddable":true,"href":"https:\/\/dev2.cantalupe.net\/sigloxxi\/wp-json\/wp\/v2\/product_tag?post=15884"},{"taxonomy":"product_author","embeddable":true,"href":"https:\/\/dev2.cantalupe.net\/sigloxxi\/wp-json\/wp\/v2\/product_author?post=15884"},{"taxonomy":"product_collection","embeddable":true,"href":"https:\/\/dev2.cantalupe.net\/sigloxxi\/wp-json\/wp\/v2\/product_collection?post=15884"}],"curies":[{"name":"wp","href":"https:\/\/api.w.org\/{rel}","templated":true}]}}