{"id":15928,"date":"2025-11-04T14:59:00","date_gmt":"2025-11-04T14:59:00","guid":{"rendered":"https:\/\/dev2.cantalupe.net\/sigloxxi\/libro\/rusia-experimento-con-un-pueblo\/"},"modified":"2025-11-04T14:59:04","modified_gmt":"2025-11-04T14:59:04","slug":"rusia-experimento-con-un-pueblo","status":"publish","type":"product","link":"https:\/\/dev2.cantalupe.net\/sigloxxi\/libro\/rusia-experimento-con-un-pueblo\/","title":{"rendered":"Rusia, experimento con un pueblo"},"content":{"rendered":"<p>Solapa: El 31 de diciembre de 1991 se proclam\u00f3 la independencia del Estado ruso y se inici\u00f3 la definitiva desintegraci\u00f3n de la Uni\u00f3n de Rep\u00fablicas Socialistas Sovi\u00e9ticas. Robert Service, experto conocedor y analista de la URSS y de Rusia en el siglo XX, describe en esta obra los acontecimientos que se han producido en Rusia desde entonces. El autor analiza los diferentes aspectos y problemas a los que se enfrenta Rusia en la actualidad: la guerra de Chechenia, los medios de comunicaci\u00f3n, la Iglesia ortodoxa, el ej\u00e9rcito, la oligarqu\u00eda, la mafia y el mundo cultural y cient\u00edfico. Profundiza en las consecuencias que esta convulsa \u00e9poca ha tenido sobre los ciudadanos rusos, y es \u00e9ste uno de los aspectos m\u00e1s notables del libro. La sociedad rusa posee un gran potencial, una amplia tradici\u00f3n cultural y una importante conciencia comunitaria y \u00e9tica. A pesar del caos y del empobrecimiento los ciudadanos rusos ahora pueden votar, expresarse libremente o viajar al extranjero, se han legalizado los m\u00e9todos anticonceptivos y existe una activa comunidad homosexual. Tras la decadencia generalizada de los \u00faltimos a\u00f1os de Yeltsin, cuyas reformas no tardaron en truncar la corrupci\u00f3n, la inflaci\u00f3n y los nuevos oligarcas, Vlad\u00edmir Putin, antiguo miembro del KGB, ha conseguido reavivar la imagen internacional de Rusia -y tambi\u00e9n, en cierta medida, la opini\u00f3n que los rusos tienen de su propio pa\u00eds-, con mano de hierro, recentralizando el poder, disminuyendo la autonom\u00eda de los gobernadores regionales y ejerciendo m\u00e1s control sobre los medios de comunicaci\u00f3n. Robert Service es autor de Lenin: una biograf\u00eda (Siglo XXI de Espa\u00f1a Editores, Madrid, 2001) y de Historia de Rusia en el siglo XX (Barcelona, 2000), as\u00ed como de otros libros sobre el pasado y el presente de Rusia. Su \u00faltimo libro Stalin: A biography ha recibido excelentes cr\u00edticas y lo publicar\u00e1 pr\u00f3ximamente esta editorial. Es miembro de la British Academy y es miembro del St Anthony?s College de Oxford. Est\u00e1 casado y tiene cuatro hijos. La autora del pr\u00f3logo, Pilar Bonet, es corresponsal en Mosc\u00fa del peri\u00f3dico El Pa\u00eds desde 2001, cometido que ya desempe\u00f1\u00f3 entre 1984 y 1997. En su dilatada carrera ha sido distinguida con numerosos galardones, entre otros el premio al mejor corresponsal extranjero otorgado por la Uni\u00f3n de Periodistas de Rusia (1994). Es autora de las siguientes obras: Mosc\u00fa (1988), Figuras sobre fondo rojo (1992), La Rusia imposible (1994). ?Service ofrece una gran cantidad de material novedoso y convincente&#8230; Demuestra brillantemente cu\u00e1n fallidas fueron las reformas de Yeltsin, y cu\u00e1n amargo es su legado.? Sunday Times ?Es un libro de una utilidad indispensable y llamativamente bien escrito.? New Statesman ?En este resumen de una d\u00e9cada convulsa, Service muestra c\u00f3mo la ambici\u00f3n personal, la confusi\u00f3n pol\u00edtica, el colapso social y, como siempre, los hechos, especialmente la guerra en Chechenia, corrompieron el idealismo y la ingenuidad de los primeros reformistas.? The Times?Robert Service ha escrito un libro necesario sobre la cat\u00e1strofe que se cerni\u00f3 sobre Rusia en la d\u00e9cada de los a\u00f1os noventa&#8230; Es una obra pionera que arroja luz sobre cada aspecto de la vida en la nueva Rusia con detalles inesperados.? The Guardian<\/p>\n","protected":false},"excerpt":{"rendered":"<p>Solapa: El 31 de diciembre de 1991 se proclam\u00f3 la independencia del Estado ruso y se inici\u00f3 la definitiva desintegraci\u00f3n de la Uni\u00f3n de Rep\u00fablicas Socialistas Sovi\u00e9ticas. Robert Service, experto conocedor y analista de la URSS y de Rusia en el siglo XX, describe en esta obra los acontecimientos que se han producido en Rusia desde entonces. El autor analiza los diferentes aspectos y problemas a los que se enfrenta Rusia en la actualidad: la guerra de Chechenia, los medios de comunicaci\u00f3n, la Iglesia ortodoxa, el ej\u00e9rcito, la oligarqu\u00eda, la mafia y el mundo cultural y cient\u00edfico. Profundiza en las consecuencias que esta convulsa \u00e9poca ha tenido sobre los ciudadanos rusos, y es \u00e9ste uno de los aspectos m\u00e1s notables del libro. La sociedad rusa posee un gran potencial, una amplia tradici\u00f3n cultural y una importante conciencia comunitaria y \u00e9tica. A pesar del caos y del empobrecimiento los ciudadanos rusos ahora pueden votar, expresarse libremente o viajar al extranjero, se han legalizado los m\u00e9todos anticonceptivos y existe una activa comunidad homosexual. Tras la decadencia generalizada de los \u00faltimos a\u00f1os de Yeltsin, cuyas reformas no tardaron en truncar la corrupci\u00f3n, la inflaci\u00f3n y los nuevos oligarcas, Vlad\u00edmir Putin, antiguo miembro del KGB, ha conseguido reavivar la imagen internacional de Rusia -y tambi\u00e9n, en cierta medida, la opini\u00f3n que los rusos tienen de su propio pa\u00eds-, con mano de hierro, recentralizando el poder, disminuyendo la autonom\u00eda de los gobernadores regionales y ejerciendo m\u00e1s control sobre los medios de comunicaci\u00f3n. Robert Service es autor de Lenin: una biograf\u00eda (Siglo XXI de Espa\u00f1a Editores, Madrid, 2001) y de Historia de Rusia en el siglo XX (Barcelona, 2000), as\u00ed como de otros libros sobre el pasado y el presente de Rusia. Su \u00faltimo libro Stalin: A biography ha recibido excelentes cr\u00edticas y lo publicar\u00e1 pr\u00f3ximamente esta editorial. Es miembro de la British Academy y es miembro del St Anthony?s College de Oxford. Est\u00e1 casado y tiene cuatro hijos. La autora del pr\u00f3logo, Pilar Bonet, es corresponsal en Mosc\u00fa del peri\u00f3dico El Pa\u00eds desde 2001, cometido que ya desempe\u00f1\u00f3 entre 1984 y 1997. En su dilatada carrera ha sido distinguida con numerosos galardones, entre otros el premio al mejor corresponsal extranjero otorgado por la Uni\u00f3n de Periodistas de Rusia (1994). Es autora de las siguientes obras: Mosc\u00fa (1988), Figuras sobre fondo rojo (1992), La Rusia imposible (1994). ?Service ofrece una gran cantidad de material novedoso y convincente&#8230; Demuestra brillantemente cu\u00e1n fallidas fueron las reformas de Yeltsin, y cu\u00e1n amargo es su legado.? Sunday Times ?Es un libro de una utilidad indispensable y llamativamente bien escrito.? New Statesman ?En este resumen de una d\u00e9cada convulsa, Service muestra c\u00f3mo la ambici\u00f3n personal, la confusi\u00f3n pol\u00edtica, el colapso social y, como siempre, los hechos, especialmente la guerra en Chechenia, corrompieron el idealismo y la ingenuidad de los primeros reformistas.? The Times?Robert Service ha escrito un libro necesario sobre la cat\u00e1strofe que se cerni\u00f3 sobre Rusia en la d\u00e9cada de los a\u00f1os noventa&#8230; Es una obra pionera que arroja luz sobre cada aspecto de la vida en la nueva Rusia con detalles inesperados.? The Guardian<\/p>\n","protected":false},"featured_media":4169,"comment_status":"closed","ping_status":"open","template":"","meta":{"_acf_changed":false},"materia_nivel_3":[2565,2566],"subtema_nivel_2":[],"tema_nivel_1":[2567],"product_brand":[],"product_cat":[15],"product_tag":[],"product_author":[4192],"product_collection":[],"class_list":{"0":"post-15928","1":"product","2":"type-product","3":"status-publish","4":"has-post-thumbnail","6":"materia_nivel_3-contemporanea","7":"materia_nivel_3-europa","8":"tema_nivel_1-historia","9":"product_cat-uncategorized","10":"product_author-service-robert","12":"first","13":"instock","14":"purchasable","15":"product-type-simple"},"acf":[],"_links":{"self":[{"href":"https:\/\/dev2.cantalupe.net\/sigloxxi\/wp-json\/wp\/v2\/product\/15928","targetHints":{"allow":["GET"]}}],"collection":[{"href":"https:\/\/dev2.cantalupe.net\/sigloxxi\/wp-json\/wp\/v2\/product"}],"about":[{"href":"https:\/\/dev2.cantalupe.net\/sigloxxi\/wp-json\/wp\/v2\/types\/product"}],"replies":[{"embeddable":true,"href":"https:\/\/dev2.cantalupe.net\/sigloxxi\/wp-json\/wp\/v2\/comments?post=15928"}],"version-history":[{"count":1,"href":"https:\/\/dev2.cantalupe.net\/sigloxxi\/wp-json\/wp\/v2\/product\/15928\/revisions"}],"predecessor-version":[{"id":15929,"href":"https:\/\/dev2.cantalupe.net\/sigloxxi\/wp-json\/wp\/v2\/product\/15928\/revisions\/15929"}],"wp:featuredmedia":[{"embeddable":true,"href":"https:\/\/dev2.cantalupe.net\/sigloxxi\/wp-json\/wp\/v2\/media\/4169"}],"wp:attachment":[{"href":"https:\/\/dev2.cantalupe.net\/sigloxxi\/wp-json\/wp\/v2\/media?parent=15928"}],"wp:term":[{"taxonomy":"materia_nivel_3","embeddable":true,"href":"https:\/\/dev2.cantalupe.net\/sigloxxi\/wp-json\/wp\/v2\/materia_nivel_3?post=15928"},{"taxonomy":"subtema_nivel_2","embeddable":true,"href":"https:\/\/dev2.cantalupe.net\/sigloxxi\/wp-json\/wp\/v2\/subtema_nivel_2?post=15928"},{"taxonomy":"tema_nivel_1","embeddable":true,"href":"https:\/\/dev2.cantalupe.net\/sigloxxi\/wp-json\/wp\/v2\/tema_nivel_1?post=15928"},{"taxonomy":"product_brand","embeddable":true,"href":"https:\/\/dev2.cantalupe.net\/sigloxxi\/wp-json\/wp\/v2\/product_brand?post=15928"},{"taxonomy":"product_cat","embeddable":true,"href":"https:\/\/dev2.cantalupe.net\/sigloxxi\/wp-json\/wp\/v2\/product_cat?post=15928"},{"taxonomy":"product_tag","embeddable":true,"href":"https:\/\/dev2.cantalupe.net\/sigloxxi\/wp-json\/wp\/v2\/product_tag?post=15928"},{"taxonomy":"product_author","embeddable":true,"href":"https:\/\/dev2.cantalupe.net\/sigloxxi\/wp-json\/wp\/v2\/product_author?post=15928"},{"taxonomy":"product_collection","embeddable":true,"href":"https:\/\/dev2.cantalupe.net\/sigloxxi\/wp-json\/wp\/v2\/product_collection?post=15928"}],"curies":[{"name":"wp","href":"https:\/\/api.w.org\/{rel}","templated":true}]}}