{"id":15952,"date":"2025-11-04T14:59:00","date_gmt":"2025-11-04T14:59:00","guid":{"rendered":"https:\/\/dev2.cantalupe.net\/sigloxxi\/libro\/schopenhauer-en-90-minutos\/"},"modified":"2025-11-04T14:59:09","modified_gmt":"2025-11-04T14:59:09","slug":"schopenhauer-en-90-minutos","status":"publish","type":"product","link":"https:\/\/dev2.cantalupe.net\/sigloxxi\/libro\/schopenhauer-en-90-minutos\/","title":{"rendered":"Schopenhauer en 90 minutos"},"content":{"rendered":"<p>Schopenhauer, el \u00abfil\u00f3sofo del pesimismo\u00bb, ve el mundo y nuestra vida en \u00e9l como un mal chiste. Pero si bien el mundo es indiferente a nuestro destino, no es su prop\u00f3sito fastidiarnos adrede. La fachada del mundo se apoya en lo que Schopenhauer llama la voluntad universal, ciega y sin prop\u00f3sito. La voluntad nos acarrea toda nuestra miseria y todo nuestro sufrimiento; la \u00fanica esperanza es la de liberarnos de su poder y de los atav\u00edos superficiales del individualismo y el ego\u00edsmo, que est\u00e1n a su merced.<br \/>\nEn Schopenhauer en 90 minutos, Paul Strathern expone de manera clara y concisa la vida e ideas de uno de los grandes pensadores de la modernidad. El libro incluye una selecci\u00f3n de sus escritos, una breve lista de lecturas sugeridas para aquellos que deseen profundizar en su pensamiento, y cronolog\u00edas que sit\u00faan a Schopenhauer en su \u00e9poca y en una sinopsis m\u00e1s amplia de la filosof\u00eda.<\/p>\n","protected":false},"excerpt":{"rendered":"<p>Schopenhauer, el \u00abfil\u00f3sofo del pesimismo\u00bb, ve el mundo y nuestra vida en \u00e9l como un mal chiste. Pero si bien el mundo es indiferente a nuestro destino, no es su prop\u00f3sito fastidiarnos adrede. La fachada del mundo se apoya en lo que Schopenhauer llama la voluntad universal, ciega y sin prop\u00f3sito. La voluntad nos acarrea toda nuestra miseria y todo nuestro sufrimiento; la \u00fanica esperanza es la de liberarnos de su poder y de los atav\u00edos superficiales del individualismo y el ego\u00edsmo, que est\u00e1n a su merced.<br \/>\nEn Schopenhauer en 90 minutos, Paul Strathern expone de manera clara y concisa la vida e ideas de uno de los grandes pensadores de la modernidad. El libro incluye una selecci\u00f3n de sus escritos, una breve lista de lecturas sugeridas para aquellos que deseen profundizar en su pensamiento, y cronolog\u00edas que sit\u00faan a Schopenhauer en su \u00e9poca y en una sinopsis m\u00e1s amplia de la filosof\u00eda.<\/p>\n","protected":false},"featured_media":4189,"comment_status":"closed","ping_status":"open","template":"","meta":{"_acf_changed":false},"materia_nivel_3":[2686],"subtema_nivel_2":[2586],"tema_nivel_1":[2663],"product_brand":[],"product_cat":[15],"product_tag":[],"product_author":[2849],"product_collection":[],"class_list":{"0":"post-15952","1":"product","2":"type-product","3":"status-publish","4":"has-post-thumbnail","6":"materia_nivel_3-historia-de-la-filosofia","7":"subtema_nivel_2-filosofia","8":"tema_nivel_1-en-90-minutos","9":"product_cat-uncategorized","10":"product_author-strathern-paul","12":"first","13":"instock","14":"purchasable","15":"product-type-simple"},"acf":[],"_links":{"self":[{"href":"https:\/\/dev2.cantalupe.net\/sigloxxi\/wp-json\/wp\/v2\/product\/15952","targetHints":{"allow":["GET"]}}],"collection":[{"href":"https:\/\/dev2.cantalupe.net\/sigloxxi\/wp-json\/wp\/v2\/product"}],"about":[{"href":"https:\/\/dev2.cantalupe.net\/sigloxxi\/wp-json\/wp\/v2\/types\/product"}],"replies":[{"embeddable":true,"href":"https:\/\/dev2.cantalupe.net\/sigloxxi\/wp-json\/wp\/v2\/comments?post=15952"}],"version-history":[{"count":1,"href":"https:\/\/dev2.cantalupe.net\/sigloxxi\/wp-json\/wp\/v2\/product\/15952\/revisions"}],"predecessor-version":[{"id":15953,"href":"https:\/\/dev2.cantalupe.net\/sigloxxi\/wp-json\/wp\/v2\/product\/15952\/revisions\/15953"}],"wp:featuredmedia":[{"embeddable":true,"href":"https:\/\/dev2.cantalupe.net\/sigloxxi\/wp-json\/wp\/v2\/media\/4189"}],"wp:attachment":[{"href":"https:\/\/dev2.cantalupe.net\/sigloxxi\/wp-json\/wp\/v2\/media?parent=15952"}],"wp:term":[{"taxonomy":"materia_nivel_3","embeddable":true,"href":"https:\/\/dev2.cantalupe.net\/sigloxxi\/wp-json\/wp\/v2\/materia_nivel_3?post=15952"},{"taxonomy":"subtema_nivel_2","embeddable":true,"href":"https:\/\/dev2.cantalupe.net\/sigloxxi\/wp-json\/wp\/v2\/subtema_nivel_2?post=15952"},{"taxonomy":"tema_nivel_1","embeddable":true,"href":"https:\/\/dev2.cantalupe.net\/sigloxxi\/wp-json\/wp\/v2\/tema_nivel_1?post=15952"},{"taxonomy":"product_brand","embeddable":true,"href":"https:\/\/dev2.cantalupe.net\/sigloxxi\/wp-json\/wp\/v2\/product_brand?post=15952"},{"taxonomy":"product_cat","embeddable":true,"href":"https:\/\/dev2.cantalupe.net\/sigloxxi\/wp-json\/wp\/v2\/product_cat?post=15952"},{"taxonomy":"product_tag","embeddable":true,"href":"https:\/\/dev2.cantalupe.net\/sigloxxi\/wp-json\/wp\/v2\/product_tag?post=15952"},{"taxonomy":"product_author","embeddable":true,"href":"https:\/\/dev2.cantalupe.net\/sigloxxi\/wp-json\/wp\/v2\/product_author?post=15952"},{"taxonomy":"product_collection","embeddable":true,"href":"https:\/\/dev2.cantalupe.net\/sigloxxi\/wp-json\/wp\/v2\/product_collection?post=15952"}],"curies":[{"name":"wp","href":"https:\/\/api.w.org\/{rel}","templated":true}]}}