{"id":15966,"date":"2025-11-04T14:59:10","date_gmt":"2025-11-04T14:59:10","guid":{"rendered":"https:\/\/dev2.cantalupe.net\/sigloxxi\/libro\/ser-como-ellos-y-otros-articulos-2\/"},"modified":"2025-11-04T14:59:18","modified_gmt":"2025-11-04T14:59:18","slug":"ser-como-ellos-y-otros-articulos-2","status":"publish","type":"product","link":"https:\/\/dev2.cantalupe.net\/sigloxxi\/libro\/ser-como-ellos-y-otros-articulos-2\/","title":{"rendered":"Ser como ellos y otros art\u00edculos"},"content":{"rendered":"<p>&#8220;\u00bfFin de la Historia? Para nosotros, no es ninguna novedad. Hace ya cinco siglos, Europa decret\u00f3 que eran delitos la memoria y la dignidad de Am\u00e9rica. Los nuevos due\u00f1os de estas tierras prohibieron recordar la historia, y prohibieron hacerla. Desde entonces, s\u00f3lo podemos aceptarla.&#8221;<br \/>\n\tPor su propio car\u00e1cter, la presente antolog\u00eda de art\u00edculos y ensayos aparecidos entre 1989 y 1992 comprende temas muy diversos: la creaci\u00f3n literaria, la Revoluci\u00f3n cubana, las despreciadas culturas nativas de las Am\u00e9ricas, la revoluci\u00f3n cubana, el naufragio del llamado \u00absocialismo real\u00bb, el disparate llamado \u00abfin de la historia\u00bb, el diccionario del mundo globalizado, la mala costumbre de la impunidad, el derecho a la alegr\u00eda, el f\u00fatbol y una reflexi\u00f3n sobre el modo de vida que tratan de imponer a toda costa como modelo \u00fanico, que nos obliga a imitar y nos proh\u00edbe crear.<\/p>\n","protected":false},"excerpt":{"rendered":"<p>&#8220;\u00bfFin de la Historia? Para nosotros, no es ninguna novedad. Hace ya cinco siglos, Europa decret\u00f3 que eran delitos la memoria y la dignidad de Am\u00e9rica. Los nuevos due\u00f1os de estas tierras prohibieron recordar la historia, y prohibieron hacerla. Desde entonces, s\u00f3lo podemos aceptarla.&#8221;<br \/>\n\tPor su propio car\u00e1cter, la presente antolog\u00eda de art\u00edculos y ensayos aparecidos entre 1989 y 1992 comprende temas muy diversos: la creaci\u00f3n literaria, la Revoluci\u00f3n cubana, las despreciadas culturas nativas de las Am\u00e9ricas, la revoluci\u00f3n cubana, el naufragio del llamado \u00absocialismo real\u00bb, el disparate llamado \u00abfin de la historia\u00bb, el diccionario del mundo globalizado, la mala costumbre de la impunidad, el derecho a la alegr\u00eda, el f\u00fatbol y una reflexi\u00f3n sobre el modo de vida que tratan de imponer a toda costa como modelo \u00fanico, que nos obliga a imitar y nos proh\u00edbe crear.<\/p>\n","protected":false},"featured_media":4199,"comment_status":"closed","ping_status":"open","template":"","meta":{"_acf_changed":false},"materia_nivel_3":[2605,2560],"subtema_nivel_2":[2764,2561,2562,2576],"tema_nivel_1":[2693],"product_brand":[],"product_cat":[15],"product_tag":[],"product_author":[2868],"product_collection":[],"class_list":{"0":"post-15966","1":"product","2":"type-product","3":"status-publish","4":"has-post-thumbnail","6":"materia_nivel_3-america","7":"materia_nivel_3-narrativa","8":"subtema_nivel_2-comunicacion","9":"subtema_nivel_2-historia","10":"subtema_nivel_2-lengua-y-literatura","11":"subtema_nivel_2-politica","12":"tema_nivel_1-biblioteca-eduardo-galeano","13":"product_cat-uncategorized","14":"product_author-galeano-eduardo","16":"first","17":"instock","18":"purchasable","19":"product-type-simple"},"acf":[],"_links":{"self":[{"href":"https:\/\/dev2.cantalupe.net\/sigloxxi\/wp-json\/wp\/v2\/product\/15966","targetHints":{"allow":["GET"]}}],"collection":[{"href":"https:\/\/dev2.cantalupe.net\/sigloxxi\/wp-json\/wp\/v2\/product"}],"about":[{"href":"https:\/\/dev2.cantalupe.net\/sigloxxi\/wp-json\/wp\/v2\/types\/product"}],"replies":[{"embeddable":true,"href":"https:\/\/dev2.cantalupe.net\/sigloxxi\/wp-json\/wp\/v2\/comments?post=15966"}],"version-history":[{"count":1,"href":"https:\/\/dev2.cantalupe.net\/sigloxxi\/wp-json\/wp\/v2\/product\/15966\/revisions"}],"predecessor-version":[{"id":15967,"href":"https:\/\/dev2.cantalupe.net\/sigloxxi\/wp-json\/wp\/v2\/product\/15966\/revisions\/15967"}],"wp:featuredmedia":[{"embeddable":true,"href":"https:\/\/dev2.cantalupe.net\/sigloxxi\/wp-json\/wp\/v2\/media\/4199"}],"wp:attachment":[{"href":"https:\/\/dev2.cantalupe.net\/sigloxxi\/wp-json\/wp\/v2\/media?parent=15966"}],"wp:term":[{"taxonomy":"materia_nivel_3","embeddable":true,"href":"https:\/\/dev2.cantalupe.net\/sigloxxi\/wp-json\/wp\/v2\/materia_nivel_3?post=15966"},{"taxonomy":"subtema_nivel_2","embeddable":true,"href":"https:\/\/dev2.cantalupe.net\/sigloxxi\/wp-json\/wp\/v2\/subtema_nivel_2?post=15966"},{"taxonomy":"tema_nivel_1","embeddable":true,"href":"https:\/\/dev2.cantalupe.net\/sigloxxi\/wp-json\/wp\/v2\/tema_nivel_1?post=15966"},{"taxonomy":"product_brand","embeddable":true,"href":"https:\/\/dev2.cantalupe.net\/sigloxxi\/wp-json\/wp\/v2\/product_brand?post=15966"},{"taxonomy":"product_cat","embeddable":true,"href":"https:\/\/dev2.cantalupe.net\/sigloxxi\/wp-json\/wp\/v2\/product_cat?post=15966"},{"taxonomy":"product_tag","embeddable":true,"href":"https:\/\/dev2.cantalupe.net\/sigloxxi\/wp-json\/wp\/v2\/product_tag?post=15966"},{"taxonomy":"product_author","embeddable":true,"href":"https:\/\/dev2.cantalupe.net\/sigloxxi\/wp-json\/wp\/v2\/product_author?post=15966"},{"taxonomy":"product_collection","embeddable":true,"href":"https:\/\/dev2.cantalupe.net\/sigloxxi\/wp-json\/wp\/v2\/product_collection?post=15966"}],"curies":[{"name":"wp","href":"https:\/\/api.w.org\/{rel}","templated":true}]}}