{"id":15980,"date":"2025-11-04T14:59:10","date_gmt":"2025-11-04T14:59:10","guid":{"rendered":"https:\/\/dev2.cantalupe.net\/sigloxxi\/libro\/shostakovich\/"},"modified":"2025-11-04T14:59:30","modified_gmt":"2025-11-04T14:59:30","slug":"shostakovich","status":"publish","type":"product","link":"https:\/\/dev2.cantalupe.net\/sigloxxi\/libro\/shostakovich\/","title":{"rendered":"Shostak\u00f3vich"},"content":{"rendered":"<p>Solapa: En el centenario del nacimiento de Shostak\u00f3vich, M\u00edjail \u00c1rdov, amigo de juventud de los hijos del gran compositor, nos acerca a la figura cotidiana de uno de los mayores genios musicales del siglo XX. Los c\u00e1lidos testimonios aqu\u00ed recogidos trascienden el mito y, m\u00e1s all\u00e1 de las partituras, nos permiten descubrir a un padre de familia preocupado por el sano crecimiento y desarrollo de sus hijos, a un hombre de carne y hueso incurso en un desigual combate contra un sistema pol\u00edtico irracional, del que trata de defenderse con las dos \u00fanicas armas que sabe esgrimir: la batuta y el humor, de un genio musical empe\u00f1ado en componer m\u00fasica sin seguir el comp\u00e1s oficialista. Las amenas an\u00e9cdotas que se suceden en la narraci\u00f3n van acompa\u00f1adas a su vez de fotos que muestran los momentos m\u00e1s entra\u00f1ables de la vida de la familia Shostak\u00f3vich y que nos ayudan a conocerle, en su intimidad, en el trasfondo de su creaci\u00f3n.<\/p>\n","protected":false},"excerpt":{"rendered":"<p>Solapa: En el centenario del nacimiento de Shostak\u00f3vich, M\u00edjail \u00c1rdov, amigo de juventud de los hijos del gran compositor, nos acerca a la figura cotidiana de uno de los mayores genios musicales del siglo XX. Los c\u00e1lidos testimonios aqu\u00ed recogidos trascienden el mito y, m\u00e1s all\u00e1 de las partituras, nos permiten descubrir a un padre de familia preocupado por el sano crecimiento y desarrollo de sus hijos, a un hombre de carne y hueso incurso en un desigual combate contra un sistema pol\u00edtico irracional, del que trata de defenderse con las dos \u00fanicas armas que sabe esgrimir: la batuta y el humor, de un genio musical empe\u00f1ado en componer m\u00fasica sin seguir el comp\u00e1s oficialista. Las amenas an\u00e9cdotas que se suceden en la narraci\u00f3n van acompa\u00f1adas a su vez de fotos que muestran los momentos m\u00e1s entra\u00f1ables de la vida de la familia Shostak\u00f3vich y que nos ayudan a conocerle, en su intimidad, en el trasfondo de su creaci\u00f3n.<\/p>\n","protected":false},"featured_media":4211,"comment_status":"closed","ping_status":"open","template":"","meta":{"_acf_changed":false},"materia_nivel_3":[2558],"subtema_nivel_2":[],"tema_nivel_1":[2563],"product_brand":[],"product_cat":[15],"product_tag":[],"product_author":[],"product_collection":[],"class_list":{"0":"post-15980","1":"product","2":"type-product","3":"status-publish","4":"has-post-thumbnail","6":"materia_nivel_3-moderna","7":"tema_nivel_1-siglo-xxi-de-espana-general","8":"product_cat-uncategorized","10":"first","11":"instock","12":"purchasable","13":"product-type-simple"},"acf":[],"_links":{"self":[{"href":"https:\/\/dev2.cantalupe.net\/sigloxxi\/wp-json\/wp\/v2\/product\/15980","targetHints":{"allow":["GET"]}}],"collection":[{"href":"https:\/\/dev2.cantalupe.net\/sigloxxi\/wp-json\/wp\/v2\/product"}],"about":[{"href":"https:\/\/dev2.cantalupe.net\/sigloxxi\/wp-json\/wp\/v2\/types\/product"}],"replies":[{"embeddable":true,"href":"https:\/\/dev2.cantalupe.net\/sigloxxi\/wp-json\/wp\/v2\/comments?post=15980"}],"version-history":[{"count":1,"href":"https:\/\/dev2.cantalupe.net\/sigloxxi\/wp-json\/wp\/v2\/product\/15980\/revisions"}],"predecessor-version":[{"id":15981,"href":"https:\/\/dev2.cantalupe.net\/sigloxxi\/wp-json\/wp\/v2\/product\/15980\/revisions\/15981"}],"wp:featuredmedia":[{"embeddable":true,"href":"https:\/\/dev2.cantalupe.net\/sigloxxi\/wp-json\/wp\/v2\/media\/4211"}],"wp:attachment":[{"href":"https:\/\/dev2.cantalupe.net\/sigloxxi\/wp-json\/wp\/v2\/media?parent=15980"}],"wp:term":[{"taxonomy":"materia_nivel_3","embeddable":true,"href":"https:\/\/dev2.cantalupe.net\/sigloxxi\/wp-json\/wp\/v2\/materia_nivel_3?post=15980"},{"taxonomy":"subtema_nivel_2","embeddable":true,"href":"https:\/\/dev2.cantalupe.net\/sigloxxi\/wp-json\/wp\/v2\/subtema_nivel_2?post=15980"},{"taxonomy":"tema_nivel_1","embeddable":true,"href":"https:\/\/dev2.cantalupe.net\/sigloxxi\/wp-json\/wp\/v2\/tema_nivel_1?post=15980"},{"taxonomy":"product_brand","embeddable":true,"href":"https:\/\/dev2.cantalupe.net\/sigloxxi\/wp-json\/wp\/v2\/product_brand?post=15980"},{"taxonomy":"product_cat","embeddable":true,"href":"https:\/\/dev2.cantalupe.net\/sigloxxi\/wp-json\/wp\/v2\/product_cat?post=15980"},{"taxonomy":"product_tag","embeddable":true,"href":"https:\/\/dev2.cantalupe.net\/sigloxxi\/wp-json\/wp\/v2\/product_tag?post=15980"},{"taxonomy":"product_author","embeddable":true,"href":"https:\/\/dev2.cantalupe.net\/sigloxxi\/wp-json\/wp\/v2\/product_author?post=15980"},{"taxonomy":"product_collection","embeddable":true,"href":"https:\/\/dev2.cantalupe.net\/sigloxxi\/wp-json\/wp\/v2\/product_collection?post=15980"}],"curies":[{"name":"wp","href":"https:\/\/api.w.org\/{rel}","templated":true}]}}