{"id":15996,"date":"2025-11-04T14:59:10","date_gmt":"2025-11-04T14:59:10","guid":{"rendered":"https:\/\/dev2.cantalupe.net\/sigloxxi\/libro\/smith-marx-y-despues\/"},"modified":"2025-11-04T14:59:31","modified_gmt":"2025-11-04T14:59:31","slug":"smith-marx-y-despues","status":"publish","type":"product","link":"https:\/\/dev2.cantalupe.net\/sigloxxi\/libro\/smith-marx-y-despues\/","title":{"rendered":"Smith, Marx y despu\u00e9s"},"content":{"rendered":"<p>La cr\u00edtica neorricardiana de la teor\u00eda econ\u00f3mica neocl\u00e1sica ha despertado a lo largo de los \u00faltimos a\u00f1os un renovado inter\u00e9s por el problema de las relaciones del pensamiento de Marx con sus m\u00e1s ilustres antecesores, Smith y Ricardo, frente a los que la cr\u00edtica marxiana de la econom\u00eda pol\u00edtica aparece no s\u00f3lo como una ruptura, sino tambi\u00e9n como una continuidad.En este contexto deben leerse los diez ensayos reunidos en este volumen, en los que Ronald L. Meek da una excelente muestra de su agudeza como erudito e historiador del pensamiento econ\u00f3mico sin abandonar por ello una clar1dad, expositiva que hace su obra ampliamente accesible, Los cuatro ensayos reunidos en la primera parte de este volumen. Son los que poseen un m\u00e1s marcado car\u00e1cter filol\u00f3gico: en ellos el autor se propone esclarecer la g\u00e9nesis de las .ideas de Smith, en especial en lo referente a la divisi\u00f3n del trabajo y a la concepci\u00f3n del desarrollo de la sociedad en cuatro estadios, y su relaci\u00f3n con la obra de Marx. Las partes que siguen poseen en cambio un inter\u00e9s inmediato para el pensamiento econ\u00f3mico actual. En los tres ensayos de la segunda parte Meek expone el problema de la transformaci\u00f3n de valores en precios en la teor\u00eda de Marx, justifica su aparici\u00f3n por el intento de \u00e9ste de unir en una \u00fanica exposici\u00f3n el movimiento l\u00f3gico y el movimiento hist\u00f3rico, y muestra la necesidad de superar la incoherencia l\u00f3gica del an\u00e1lisis de Marx mediante una soluci\u00f3n de tipo sraffiano. Por \u00faltimo, en los tres ensayos que cierran el volumen el autor examina cuestiones tan dispares y actuales como la historia del concepto de valor en el pensamiento econ\u00f3mico, las relaciones entre marginalismo y marxismo, y la progresiva superaci\u00f3n del concepto de \u00abm\u00e1quina econ\u00f3mica\u00bb, de la creencia en un sistema econ\u00f3mico autorregulado.<\/p>\n","protected":false},"excerpt":{"rendered":"<p>La cr\u00edtica neorricardiana de la teor\u00eda econ\u00f3mica neocl\u00e1sica ha despertado a lo largo de los \u00faltimos a\u00f1os un renovado inter\u00e9s por el problema de las relaciones del pensamiento de Marx con sus m\u00e1s ilustres antecesores, Smith y Ricardo, frente a los que la cr\u00edtica marxiana de la econom\u00eda pol\u00edtica aparece no s\u00f3lo como una ruptura, sino tambi\u00e9n como una continuidad.En este contexto deben leerse los diez ensayos reunidos en este volumen, en los que Ronald L. Meek da una excelente muestra de su agudeza como erudito e historiador del pensamiento econ\u00f3mico sin abandonar por ello una clar1dad, expositiva que hace su obra ampliamente accesible, Los cuatro ensayos reunidos en la primera parte de este volumen. Son los que poseen un m\u00e1s marcado car\u00e1cter filol\u00f3gico: en ellos el autor se propone esclarecer la g\u00e9nesis de las .ideas de Smith, en especial en lo referente a la divisi\u00f3n del trabajo y a la concepci\u00f3n del desarrollo de la sociedad en cuatro estadios, y su relaci\u00f3n con la obra de Marx. Las partes que siguen poseen en cambio un inter\u00e9s inmediato para el pensamiento econ\u00f3mico actual. En los tres ensayos de la segunda parte Meek expone el problema de la transformaci\u00f3n de valores en precios en la teor\u00eda de Marx, justifica su aparici\u00f3n por el intento de \u00e9ste de unir en una \u00fanica exposici\u00f3n el movimiento l\u00f3gico y el movimiento hist\u00f3rico, y muestra la necesidad de superar la incoherencia l\u00f3gica del an\u00e1lisis de Marx mediante una soluci\u00f3n de tipo sraffiano. Por \u00faltimo, en los tres ensayos que cierran el volumen el autor examina cuestiones tan dispares y actuales como la historia del concepto de valor en el pensamiento econ\u00f3mico, las relaciones entre marginalismo y marxismo, y la progresiva superaci\u00f3n del concepto de \u00abm\u00e1quina econ\u00f3mica\u00bb, de la creencia en un sistema econ\u00f3mico autorregulado.<\/p>\n","protected":false},"featured_media":4227,"comment_status":"closed","ping_status":"open","template":"","meta":{"_acf_changed":false},"materia_nivel_3":[],"subtema_nivel_2":[2598],"tema_nivel_1":[2570],"product_brand":[],"product_cat":[15],"product_tag":[],"product_author":[4222],"product_collection":[],"class_list":{"0":"post-15996","1":"product","2":"type-product","3":"status-publish","4":"has-post-thumbnail","6":"subtema_nivel_2-economia","7":"tema_nivel_1-ciencias-sociales","8":"product_cat-uncategorized","9":"product_author-meek-ronald-l","11":"first","12":"instock","13":"purchasable","14":"product-type-simple"},"acf":[],"_links":{"self":[{"href":"https:\/\/dev2.cantalupe.net\/sigloxxi\/wp-json\/wp\/v2\/product\/15996","targetHints":{"allow":["GET"]}}],"collection":[{"href":"https:\/\/dev2.cantalupe.net\/sigloxxi\/wp-json\/wp\/v2\/product"}],"about":[{"href":"https:\/\/dev2.cantalupe.net\/sigloxxi\/wp-json\/wp\/v2\/types\/product"}],"replies":[{"embeddable":true,"href":"https:\/\/dev2.cantalupe.net\/sigloxxi\/wp-json\/wp\/v2\/comments?post=15996"}],"version-history":[{"count":1,"href":"https:\/\/dev2.cantalupe.net\/sigloxxi\/wp-json\/wp\/v2\/product\/15996\/revisions"}],"predecessor-version":[{"id":15997,"href":"https:\/\/dev2.cantalupe.net\/sigloxxi\/wp-json\/wp\/v2\/product\/15996\/revisions\/15997"}],"wp:featuredmedia":[{"embeddable":true,"href":"https:\/\/dev2.cantalupe.net\/sigloxxi\/wp-json\/wp\/v2\/media\/4227"}],"wp:attachment":[{"href":"https:\/\/dev2.cantalupe.net\/sigloxxi\/wp-json\/wp\/v2\/media?parent=15996"}],"wp:term":[{"taxonomy":"materia_nivel_3","embeddable":true,"href":"https:\/\/dev2.cantalupe.net\/sigloxxi\/wp-json\/wp\/v2\/materia_nivel_3?post=15996"},{"taxonomy":"subtema_nivel_2","embeddable":true,"href":"https:\/\/dev2.cantalupe.net\/sigloxxi\/wp-json\/wp\/v2\/subtema_nivel_2?post=15996"},{"taxonomy":"tema_nivel_1","embeddable":true,"href":"https:\/\/dev2.cantalupe.net\/sigloxxi\/wp-json\/wp\/v2\/tema_nivel_1?post=15996"},{"taxonomy":"product_brand","embeddable":true,"href":"https:\/\/dev2.cantalupe.net\/sigloxxi\/wp-json\/wp\/v2\/product_brand?post=15996"},{"taxonomy":"product_cat","embeddable":true,"href":"https:\/\/dev2.cantalupe.net\/sigloxxi\/wp-json\/wp\/v2\/product_cat?post=15996"},{"taxonomy":"product_tag","embeddable":true,"href":"https:\/\/dev2.cantalupe.net\/sigloxxi\/wp-json\/wp\/v2\/product_tag?post=15996"},{"taxonomy":"product_author","embeddable":true,"href":"https:\/\/dev2.cantalupe.net\/sigloxxi\/wp-json\/wp\/v2\/product_author?post=15996"},{"taxonomy":"product_collection","embeddable":true,"href":"https:\/\/dev2.cantalupe.net\/sigloxxi\/wp-json\/wp\/v2\/product_collection?post=15996"}],"curies":[{"name":"wp","href":"https:\/\/api.w.org\/{rel}","templated":true}]}}