{"id":16214,"date":"2025-11-04T14:59:53","date_gmt":"2025-11-04T14:59:53","guid":{"rendered":"https:\/\/dev2.cantalupe.net\/sigloxxi\/libro\/socrates-en-90-minutos\/"},"modified":"2025-11-04T14:59:54","modified_gmt":"2025-11-04T14:59:54","slug":"socrates-en-90-minutos","status":"publish","type":"product","link":"https:\/\/dev2.cantalupe.net\/sigloxxi\/libro\/socrates-en-90-minutos\/","title":{"rendered":"S\u00f3crates en 90 minutos"},"content":{"rendered":"<p>Con S\u00f3crates se inicia la gran \u00e9poca de la filosof\u00eda, transcurrido apenas un siglo desde sus comienzos. S\u00f3crates dedicaba tanto tiempo a pasear por las calles de Atenas hablando de filosof\u00eda, que nunca lleg\u00f3 a escribir nada. Su m\u00e9todo basado en preguntas provocadoras lo que se llam\u00f3 dial\u00e9ctica fue precursor de la l\u00f3gica. Lo utilizaba para desenmascarar las tonter\u00edas de sus adversarios y llegar a la verdad. Pens\u00f3 que era mejor cuestionarnos a nosotros mismos que al mundo. S\u00f3crates situ\u00f3 la filosof\u00eda sobre las bases s\u00f3lidas de la raz\u00f3n; pensaba que el mundo no era accesible a nuestros sentidos, solo al pensamiento. Finalmente, acusado de impiedad y de corromper a la juventud, fue juzgado y sentenciado a muerte y dio fin a su vida bebiendo la cicuta.\u00a0<br \/>\nEn S\u00f3crates en 90 minutos, Paul Strathern presenta un recuento conciso y experto de la vida e ideas de S\u00f3crates, y explica su influencia en la lucha del hombre por comprender su existencia en el mundo. El libro incluye una selecci\u00f3n de opiniones de S\u00f3crates, una breve lista de lecturas sugeridas para aquellos que deseen profundizar en su pensamiento y cronolog\u00edas que sit\u00faan a S\u00f3crates en su \u00e9poca y en un panorama m\u00e1s amplio de la filosof\u00eda.<\/p>\n","protected":false},"excerpt":{"rendered":"<p>Con S\u00f3crates se inicia la gran \u00e9poca de la filosof\u00eda, transcurrido apenas un siglo desde sus comienzos. S\u00f3crates dedicaba tanto tiempo a pasear por las calles de Atenas hablando de filosof\u00eda, que nunca lleg\u00f3 a escribir nada. Su m\u00e9todo basado en preguntas provocadoras lo que se llam\u00f3 dial\u00e9ctica fue precursor de la l\u00f3gica. Lo utilizaba para desenmascarar las tonter\u00edas de sus adversarios y llegar a la verdad. Pens\u00f3 que era mejor cuestionarnos a nosotros mismos que al mundo. S\u00f3crates situ\u00f3 la filosof\u00eda sobre las bases s\u00f3lidas de la raz\u00f3n; pensaba que el mundo no era accesible a nuestros sentidos, solo al pensamiento. Finalmente, acusado de impiedad y de corromper a la juventud, fue juzgado y sentenciado a muerte y dio fin a su vida bebiendo la cicuta.\u00a0<br \/>\nEn S\u00f3crates en 90 minutos, Paul Strathern presenta un recuento conciso y experto de la vida e ideas de S\u00f3crates, y explica su influencia en la lucha del hombre por comprender su existencia en el mundo. El libro incluye una selecci\u00f3n de opiniones de S\u00f3crates, una breve lista de lecturas sugeridas para aquellos que deseen profundizar en su pensamiento y cronolog\u00edas que sit\u00faan a S\u00f3crates en su \u00e9poca y en un panorama m\u00e1s amplio de la filosof\u00eda.<\/p>\n","protected":false},"featured_media":4443,"comment_status":"closed","ping_status":"open","template":"","meta":{"_acf_changed":false},"materia_nivel_3":[2660],"subtema_nivel_2":[],"tema_nivel_1":[2663],"product_brand":[],"product_cat":[15],"product_tag":[],"product_author":[2849],"product_collection":[],"class_list":{"0":"post-16214","1":"product","2":"type-product","3":"status-publish","4":"has-post-thumbnail","6":"materia_nivel_3-antigua","7":"tema_nivel_1-en-90-minutos","8":"product_cat-uncategorized","9":"product_author-strathern-paul","11":"first","12":"instock","13":"purchasable","14":"product-type-simple"},"acf":[],"_links":{"self":[{"href":"https:\/\/dev2.cantalupe.net\/sigloxxi\/wp-json\/wp\/v2\/product\/16214","targetHints":{"allow":["GET"]}}],"collection":[{"href":"https:\/\/dev2.cantalupe.net\/sigloxxi\/wp-json\/wp\/v2\/product"}],"about":[{"href":"https:\/\/dev2.cantalupe.net\/sigloxxi\/wp-json\/wp\/v2\/types\/product"}],"replies":[{"embeddable":true,"href":"https:\/\/dev2.cantalupe.net\/sigloxxi\/wp-json\/wp\/v2\/comments?post=16214"}],"version-history":[{"count":1,"href":"https:\/\/dev2.cantalupe.net\/sigloxxi\/wp-json\/wp\/v2\/product\/16214\/revisions"}],"predecessor-version":[{"id":16215,"href":"https:\/\/dev2.cantalupe.net\/sigloxxi\/wp-json\/wp\/v2\/product\/16214\/revisions\/16215"}],"wp:featuredmedia":[{"embeddable":true,"href":"https:\/\/dev2.cantalupe.net\/sigloxxi\/wp-json\/wp\/v2\/media\/4443"}],"wp:attachment":[{"href":"https:\/\/dev2.cantalupe.net\/sigloxxi\/wp-json\/wp\/v2\/media?parent=16214"}],"wp:term":[{"taxonomy":"materia_nivel_3","embeddable":true,"href":"https:\/\/dev2.cantalupe.net\/sigloxxi\/wp-json\/wp\/v2\/materia_nivel_3?post=16214"},{"taxonomy":"subtema_nivel_2","embeddable":true,"href":"https:\/\/dev2.cantalupe.net\/sigloxxi\/wp-json\/wp\/v2\/subtema_nivel_2?post=16214"},{"taxonomy":"tema_nivel_1","embeddable":true,"href":"https:\/\/dev2.cantalupe.net\/sigloxxi\/wp-json\/wp\/v2\/tema_nivel_1?post=16214"},{"taxonomy":"product_brand","embeddable":true,"href":"https:\/\/dev2.cantalupe.net\/sigloxxi\/wp-json\/wp\/v2\/product_brand?post=16214"},{"taxonomy":"product_cat","embeddable":true,"href":"https:\/\/dev2.cantalupe.net\/sigloxxi\/wp-json\/wp\/v2\/product_cat?post=16214"},{"taxonomy":"product_tag","embeddable":true,"href":"https:\/\/dev2.cantalupe.net\/sigloxxi\/wp-json\/wp\/v2\/product_tag?post=16214"},{"taxonomy":"product_author","embeddable":true,"href":"https:\/\/dev2.cantalupe.net\/sigloxxi\/wp-json\/wp\/v2\/product_author?post=16214"},{"taxonomy":"product_collection","embeddable":true,"href":"https:\/\/dev2.cantalupe.net\/sigloxxi\/wp-json\/wp\/v2\/product_collection?post=16214"}],"curies":[{"name":"wp","href":"https:\/\/api.w.org\/{rel}","templated":true}]}}