{"id":16218,"date":"2025-11-04T14:59:53","date_gmt":"2025-11-04T14:59:53","guid":{"rendered":"https:\/\/dev2.cantalupe.net\/sigloxxi\/libro\/soldados-de-franco\/"},"modified":"2025-11-04T14:59:54","modified_gmt":"2025-11-04T14:59:54","slug":"soldados-de-franco","status":"publish","type":"product","link":"https:\/\/dev2.cantalupe.net\/sigloxxi\/libro\/soldados-de-franco\/","title":{"rendered":"Soldados de Franco"},"content":{"rendered":"<p>El golpe de<br \/>\nEstado de julio de 1936 parti\u00f3 Espa\u00f1a en dos, configurando un tablero de<br \/>\nterror, miseria y muerte que dar\u00eda fin a la Rep\u00fablica y sustento a la<br \/>\ndictadura. En el territorio sublevado, los soldados de Franco a menudo no eran<br \/>\nadeptos convencidos, sino meros peones obligados a luchar por el devenir de una<br \/>\nEspa\u00f1a en la que el \u00fanico elemento de cohesi\u00f3n iba a ser el miedo. Francisco J.<br \/>\nLeira desvela c\u00f3mo el Ej\u00e9rcito sublevado se form\u00f3 mediante levas forzosas y<br \/>\ndesmitifica la historia, una y otra vez repetida, de que media Espa\u00f1a se alz\u00f3<br \/>\ncontra la Rep\u00fablica por cuestiones ideol\u00f3gicas o pol\u00edticas.<br \/>\n\tSoldados de Franco es el relato de c\u00f3mo el dictador situ\u00f3<br \/>\nal pa\u00eds ante un terrible dilema: convertirse en verdugos o morir.<\/p>\n","protected":false},"excerpt":{"rendered":"<p>El golpe de<br \/>\nEstado de julio de 1936 parti\u00f3 Espa\u00f1a en dos, configurando un tablero de<br \/>\nterror, miseria y muerte que dar\u00eda fin a la Rep\u00fablica y sustento a la<br \/>\ndictadura. En el territorio sublevado, los soldados de Franco a menudo no eran<br \/>\nadeptos convencidos, sino meros peones obligados a luchar por el devenir de una<br \/>\nEspa\u00f1a en la que el \u00fanico elemento de cohesi\u00f3n iba a ser el miedo. Francisco J.<br \/>\nLeira desvela c\u00f3mo el Ej\u00e9rcito sublevado se form\u00f3 mediante levas forzosas y<br \/>\ndesmitifica la historia, una y otra vez repetida, de que media Espa\u00f1a se alz\u00f3<br \/>\ncontra la Rep\u00fablica por cuestiones ideol\u00f3gicas o pol\u00edticas.<br \/>\n\tSoldados de Franco es el relato de c\u00f3mo el dictador situ\u00f3<br \/>\nal pa\u00eds ante un terrible dilema: convertirse en verdugos o morir.<\/p>\n","protected":false},"featured_media":4446,"comment_status":"closed","ping_status":"open","template":"","meta":{"_acf_changed":false},"materia_nivel_3":[2565,2559],"subtema_nivel_2":[2561],"tema_nivel_1":[2567],"product_brand":[],"product_cat":[15],"product_tag":[],"product_author":[4364],"product_collection":[],"class_list":{"0":"post-16218","1":"product","2":"type-product","3":"status-publish","4":"has-post-thumbnail","6":"materia_nivel_3-contemporanea","7":"materia_nivel_3-espana","8":"subtema_nivel_2-historia","9":"tema_nivel_1-historia","10":"product_cat-uncategorized","11":"product_author-leira-castineira-francisco-j","13":"first","14":"instock","15":"purchasable","16":"product-type-simple"},"acf":[],"_links":{"self":[{"href":"https:\/\/dev2.cantalupe.net\/sigloxxi\/wp-json\/wp\/v2\/product\/16218","targetHints":{"allow":["GET"]}}],"collection":[{"href":"https:\/\/dev2.cantalupe.net\/sigloxxi\/wp-json\/wp\/v2\/product"}],"about":[{"href":"https:\/\/dev2.cantalupe.net\/sigloxxi\/wp-json\/wp\/v2\/types\/product"}],"replies":[{"embeddable":true,"href":"https:\/\/dev2.cantalupe.net\/sigloxxi\/wp-json\/wp\/v2\/comments?post=16218"}],"version-history":[{"count":1,"href":"https:\/\/dev2.cantalupe.net\/sigloxxi\/wp-json\/wp\/v2\/product\/16218\/revisions"}],"predecessor-version":[{"id":16219,"href":"https:\/\/dev2.cantalupe.net\/sigloxxi\/wp-json\/wp\/v2\/product\/16218\/revisions\/16219"}],"wp:featuredmedia":[{"embeddable":true,"href":"https:\/\/dev2.cantalupe.net\/sigloxxi\/wp-json\/wp\/v2\/media\/4446"}],"wp:attachment":[{"href":"https:\/\/dev2.cantalupe.net\/sigloxxi\/wp-json\/wp\/v2\/media?parent=16218"}],"wp:term":[{"taxonomy":"materia_nivel_3","embeddable":true,"href":"https:\/\/dev2.cantalupe.net\/sigloxxi\/wp-json\/wp\/v2\/materia_nivel_3?post=16218"},{"taxonomy":"subtema_nivel_2","embeddable":true,"href":"https:\/\/dev2.cantalupe.net\/sigloxxi\/wp-json\/wp\/v2\/subtema_nivel_2?post=16218"},{"taxonomy":"tema_nivel_1","embeddable":true,"href":"https:\/\/dev2.cantalupe.net\/sigloxxi\/wp-json\/wp\/v2\/tema_nivel_1?post=16218"},{"taxonomy":"product_brand","embeddable":true,"href":"https:\/\/dev2.cantalupe.net\/sigloxxi\/wp-json\/wp\/v2\/product_brand?post=16218"},{"taxonomy":"product_cat","embeddable":true,"href":"https:\/\/dev2.cantalupe.net\/sigloxxi\/wp-json\/wp\/v2\/product_cat?post=16218"},{"taxonomy":"product_tag","embeddable":true,"href":"https:\/\/dev2.cantalupe.net\/sigloxxi\/wp-json\/wp\/v2\/product_tag?post=16218"},{"taxonomy":"product_author","embeddable":true,"href":"https:\/\/dev2.cantalupe.net\/sigloxxi\/wp-json\/wp\/v2\/product_author?post=16218"},{"taxonomy":"product_collection","embeddable":true,"href":"https:\/\/dev2.cantalupe.net\/sigloxxi\/wp-json\/wp\/v2\/product_collection?post=16218"}],"curies":[{"name":"wp","href":"https:\/\/api.w.org\/{rel}","templated":true}]}}