{"id":16240,"date":"2025-11-04T14:59:56","date_gmt":"2025-11-04T14:59:56","guid":{"rendered":"https:\/\/dev2.cantalupe.net\/sigloxxi\/libro\/subjetividad-y-ciclos-vitales-de-las-mujeres\/"},"modified":"2025-11-04T14:59:56","modified_gmt":"2025-11-04T14:59:56","slug":"subjetividad-y-ciclos-vitales-de-las-mujeres","status":"publish","type":"product","link":"https:\/\/dev2.cantalupe.net\/sigloxxi\/libro\/subjetividad-y-ciclos-vitales-de-las-mujeres\/","title":{"rendered":"Subjetividad y ciclos vitales de las mujeres"},"content":{"rendered":"<p>Solapa: Los textos que presentamos corresponden a los contenidos de dos Seminarios, en torno a la funci\u00f3n materna, la pubertad y la menopausia. En primer lugar nos planteamos la necesidad de analizar en profundidad la experiencia de la maternidad, pues consideramos que hay una carencia de representaci\u00f3n sociocultural de la subjetividad femenina, una ausencia de expresi\u00f3n, por parte de las mujeres, de la propia vivencia maternal. El enfoque con que se ha profundizado en los otros dos momentos del ciclo evolutivo de las mujeres (pubertad, menopausia y cuestiones afines) pretende analizar las condiciones que interfieren en el modo en que se producen y vivencian los cambios fisiol\u00f3gicos y vitales, cuestionando la posicion dominante dentro de la ciencia m\u00e9dica, que tiene por pr\u00e1ctica habitual analizar \u00e9stos descontextualiz\u00e1ndolos de todos los aspectos socioculturales y ps\u00edquicos que les enmarcan. La exclusiva informaci\u00f3n\/administraci\u00f3n de anticonceptivos para prevenir embarazos en la adolescencia; la preparaci\u00f3n para el parto con el \u00fanico uso de t\u00e9cnicas de respiraci\u00f3n\/relajaci\u00f3n y la tecnificaci\u00f3n de \u00e9ste, as\u00ed como el prevalente tratamiento hormonal en la menopausia, constituyen muestras evidentes de la visi\u00f3n reductivista del sistema sanitario actual en torno a los procesos reproductivos y los ciclos vitales de las mujeres. La siguiente obra pretende ampliar la perspectiva desde la que analizarse tales experiencias, esperando poder contribuir con ello a la necesaria transformaci\u00f3n de la actual orientaci\u00f3n medicalizadora y\/o la apropiaci\u00f3n y expresi\u00f3n, por parte de las mujeres, de todo lo relacionado con su cuerpo y su subjetividad. Mar\u00eda Asunci\u00f3n Gonz\u00e1lez de Ch\u00e1vez Fern\u00e1ndez es profesora de la Facultad de Ciencias de la Salud en Las Palmas de Gran Canaria. Desde 1990 organiza anualmente un Seminario Universitario sobre MUJER y SALUD de car\u00e1cter interdisciplinar, cuyos textos han integrado dos libros (?Cuerpo y Subjetividad femenina?, ?Hombres y Mujeres: subjetividad, salud y g\u00e9nero?), de los que tambi\u00e9n fue compiladora y coautora. Ha publish otros dos libros ?Familia, maternidad y paternidad? y ?Feminidad, masculinidad: Subjetividad y Orden Simb\u00f3lico?).<\/p>\n","protected":false},"excerpt":{"rendered":"<p>Solapa: Los textos que presentamos corresponden a los contenidos de dos Seminarios, en torno a la funci\u00f3n materna, la pubertad y la menopausia. En primer lugar nos planteamos la necesidad de analizar en profundidad la experiencia de la maternidad, pues consideramos que hay una carencia de representaci\u00f3n sociocultural de la subjetividad femenina, una ausencia de expresi\u00f3n, por parte de las mujeres, de la propia vivencia maternal. El enfoque con que se ha profundizado en los otros dos momentos del ciclo evolutivo de las mujeres (pubertad, menopausia y cuestiones afines) pretende analizar las condiciones que interfieren en el modo en que se producen y vivencian los cambios fisiol\u00f3gicos y vitales, cuestionando la posicion dominante dentro de la ciencia m\u00e9dica, que tiene por pr\u00e1ctica habitual analizar \u00e9stos descontextualiz\u00e1ndolos de todos los aspectos socioculturales y ps\u00edquicos que les enmarcan. La exclusiva informaci\u00f3n\/administraci\u00f3n de anticonceptivos para prevenir embarazos en la adolescencia; la preparaci\u00f3n para el parto con el \u00fanico uso de t\u00e9cnicas de respiraci\u00f3n\/relajaci\u00f3n y la tecnificaci\u00f3n de \u00e9ste, as\u00ed como el prevalente tratamiento hormonal en la menopausia, constituyen muestras evidentes de la visi\u00f3n reductivista del sistema sanitario actual en torno a los procesos reproductivos y los ciclos vitales de las mujeres. La siguiente obra pretende ampliar la perspectiva desde la que analizarse tales experiencias, esperando poder contribuir con ello a la necesaria transformaci\u00f3n de la actual orientaci\u00f3n medicalizadora y\/o la apropiaci\u00f3n y expresi\u00f3n, por parte de las mujeres, de todo lo relacionado con su cuerpo y su subjetividad. Mar\u00eda Asunci\u00f3n Gonz\u00e1lez de Ch\u00e1vez Fern\u00e1ndez es profesora de la Facultad de Ciencias de la Salud en Las Palmas de Gran Canaria. Desde 1990 organiza anualmente un Seminario Universitario sobre MUJER y SALUD de car\u00e1cter interdisciplinar, cuyos textos han integrado dos libros (?Cuerpo y Subjetividad femenina?, ?Hombres y Mujeres: subjetividad, salud y g\u00e9nero?), de los que tambi\u00e9n fue compiladora y coautora. Ha publish otros dos libros ?Familia, maternidad y paternidad? y ?Feminidad, masculinidad: Subjetividad y Orden Simb\u00f3lico?).<\/p>\n","protected":false},"featured_media":4465,"comment_status":"closed","ping_status":"open","template":"","meta":{"_acf_changed":false},"materia_nivel_3":[],"subtema_nivel_2":[2583],"tema_nivel_1":[2579],"product_brand":[],"product_cat":[15],"product_tag":[],"product_author":[],"product_collection":[],"class_list":{"0":"post-16240","1":"product","2":"type-product","3":"status-publish","4":"has-post-thumbnail","6":"subtema_nivel_2-sociologia","7":"tema_nivel_1-psicologia","8":"product_cat-uncategorized","10":"first","11":"instock","12":"purchasable","13":"product-type-simple"},"acf":[],"_links":{"self":[{"href":"https:\/\/dev2.cantalupe.net\/sigloxxi\/wp-json\/wp\/v2\/product\/16240","targetHints":{"allow":["GET"]}}],"collection":[{"href":"https:\/\/dev2.cantalupe.net\/sigloxxi\/wp-json\/wp\/v2\/product"}],"about":[{"href":"https:\/\/dev2.cantalupe.net\/sigloxxi\/wp-json\/wp\/v2\/types\/product"}],"replies":[{"embeddable":true,"href":"https:\/\/dev2.cantalupe.net\/sigloxxi\/wp-json\/wp\/v2\/comments?post=16240"}],"version-history":[{"count":1,"href":"https:\/\/dev2.cantalupe.net\/sigloxxi\/wp-json\/wp\/v2\/product\/16240\/revisions"}],"predecessor-version":[{"id":16241,"href":"https:\/\/dev2.cantalupe.net\/sigloxxi\/wp-json\/wp\/v2\/product\/16240\/revisions\/16241"}],"wp:featuredmedia":[{"embeddable":true,"href":"https:\/\/dev2.cantalupe.net\/sigloxxi\/wp-json\/wp\/v2\/media\/4465"}],"wp:attachment":[{"href":"https:\/\/dev2.cantalupe.net\/sigloxxi\/wp-json\/wp\/v2\/media?parent=16240"}],"wp:term":[{"taxonomy":"materia_nivel_3","embeddable":true,"href":"https:\/\/dev2.cantalupe.net\/sigloxxi\/wp-json\/wp\/v2\/materia_nivel_3?post=16240"},{"taxonomy":"subtema_nivel_2","embeddable":true,"href":"https:\/\/dev2.cantalupe.net\/sigloxxi\/wp-json\/wp\/v2\/subtema_nivel_2?post=16240"},{"taxonomy":"tema_nivel_1","embeddable":true,"href":"https:\/\/dev2.cantalupe.net\/sigloxxi\/wp-json\/wp\/v2\/tema_nivel_1?post=16240"},{"taxonomy":"product_brand","embeddable":true,"href":"https:\/\/dev2.cantalupe.net\/sigloxxi\/wp-json\/wp\/v2\/product_brand?post=16240"},{"taxonomy":"product_cat","embeddable":true,"href":"https:\/\/dev2.cantalupe.net\/sigloxxi\/wp-json\/wp\/v2\/product_cat?post=16240"},{"taxonomy":"product_tag","embeddable":true,"href":"https:\/\/dev2.cantalupe.net\/sigloxxi\/wp-json\/wp\/v2\/product_tag?post=16240"},{"taxonomy":"product_author","embeddable":true,"href":"https:\/\/dev2.cantalupe.net\/sigloxxi\/wp-json\/wp\/v2\/product_author?post=16240"},{"taxonomy":"product_collection","embeddable":true,"href":"https:\/\/dev2.cantalupe.net\/sigloxxi\/wp-json\/wp\/v2\/product_collection?post=16240"}],"curies":[{"name":"wp","href":"https:\/\/api.w.org\/{rel}","templated":true}]}}