{"id":16262,"date":"2025-11-04T14:59:56","date_gmt":"2025-11-04T14:59:56","guid":{"rendered":"https:\/\/dev2.cantalupe.net\/sigloxxi\/libro\/teoria-critica-y-sociologia\/"},"modified":"2025-11-04T15:00:01","modified_gmt":"2025-11-04T15:00:01","slug":"teoria-critica-y-sociologia","status":"publish","type":"product","link":"https:\/\/dev2.cantalupe.net\/sigloxxi\/libro\/teoria-critica-y-sociologia\/","title":{"rendered":"Teor\u00eda cr\u00edtica y sociolog\u00eda"},"content":{"rendered":"<p>Los ensayos que componen este libro repasan el c\u00famulo de temas y aspectos contenidos en la perspectiva de la teor\u00eda cr\u00edtica, de cara a que las conclusiones puedan servir de puntos de partida v\u00e1lidos para la elaboraci\u00f3n de alternativas en el terreno de la ciencia social y tambi\u00e9n en el \u00e1mbito de la estrategia pol\u00edtica radical. Por lo que respecta a la primera faceta estrictamente sociol\u00f3gica, la obra examina y discute distintos movimientos te\u00f3ricos como la Escuela de Frankfurt, el intersubjetivismo maxweberiano, la etnometodolog\u00eda, el interaccionismo simb\u00f3lico, el marxismo, el funcionalismo, la teor\u00eda de sistemas, la teor\u00eda del intercambio social y la antropolog\u00eda de L\u00e9vi-Strauss. La segunda faceta pol\u00edtico-estrat\u00e9gica se plasma en el estudio de la crisis de legitimaci\u00f3n del capitalismo avanzado y en la rese\u00f1a de algunos proyectos de izquierda pensados para las sociedades industriales avanzadas, particularmente los Estados Unidos. El trabajo, en este sentido, recalca sobre todo que la calidad de un futuro liberado depende no tanto del reemplazo de tos protagonistas de la gesti\u00f3n productiva y estatal, cuanto de la revisi\u00f3n integral de la estructura, condiciones y pautas de tal gesti\u00f3n. . El volumen se propone dar fe de las modificaciones que nos rodean y que nos deber\u00edan impulsar al dise\u00f1o de nuevos paradigmas y, a la vez, de un nuevo modelo de convivencia y de cambio; se ocupa de unos problemas que no dejan de ser pertinentes para la actual Espa\u00f1a en transici\u00f3n.<\/p>\n","protected":false},"excerpt":{"rendered":"<p>Los ensayos que componen este libro repasan el c\u00famulo de temas y aspectos contenidos en la perspectiva de la teor\u00eda cr\u00edtica, de cara a que las conclusiones puedan servir de puntos de partida v\u00e1lidos para la elaboraci\u00f3n de alternativas en el terreno de la ciencia social y tambi\u00e9n en el \u00e1mbito de la estrategia pol\u00edtica radical. Por lo que respecta a la primera faceta estrictamente sociol\u00f3gica, la obra examina y discute distintos movimientos te\u00f3ricos como la Escuela de Frankfurt, el intersubjetivismo maxweberiano, la etnometodolog\u00eda, el interaccionismo simb\u00f3lico, el marxismo, el funcionalismo, la teor\u00eda de sistemas, la teor\u00eda del intercambio social y la antropolog\u00eda de L\u00e9vi-Strauss. La segunda faceta pol\u00edtico-estrat\u00e9gica se plasma en el estudio de la crisis de legitimaci\u00f3n del capitalismo avanzado y en la rese\u00f1a de algunos proyectos de izquierda pensados para las sociedades industriales avanzadas, particularmente los Estados Unidos. El trabajo, en este sentido, recalca sobre todo que la calidad de un futuro liberado depende no tanto del reemplazo de tos protagonistas de la gesti\u00f3n productiva y estatal, cuanto de la revisi\u00f3n integral de la estructura, condiciones y pautas de tal gesti\u00f3n. . El volumen se propone dar fe de las modificaciones que nos rodean y que nos deber\u00edan impulsar al dise\u00f1o de nuevos paradigmas y, a la vez, de un nuevo modelo de convivencia y de cambio; se ocupa de unos problemas que no dejan de ser pertinentes para la actual Espa\u00f1a en transici\u00f3n.<\/p>\n","protected":false},"featured_media":4484,"comment_status":"closed","ping_status":"open","template":"","meta":{"_acf_changed":false},"materia_nivel_3":[],"subtema_nivel_2":[2583],"tema_nivel_1":[2570],"product_brand":[],"product_cat":[15],"product_tag":[],"product_author":[],"product_collection":[],"class_list":{"0":"post-16262","1":"product","2":"type-product","3":"status-publish","4":"has-post-thumbnail","6":"subtema_nivel_2-sociologia","7":"tema_nivel_1-ciencias-sociales","8":"product_cat-uncategorized","10":"first","11":"instock","12":"purchasable","13":"product-type-simple"},"acf":[],"_links":{"self":[{"href":"https:\/\/dev2.cantalupe.net\/sigloxxi\/wp-json\/wp\/v2\/product\/16262","targetHints":{"allow":["GET"]}}],"collection":[{"href":"https:\/\/dev2.cantalupe.net\/sigloxxi\/wp-json\/wp\/v2\/product"}],"about":[{"href":"https:\/\/dev2.cantalupe.net\/sigloxxi\/wp-json\/wp\/v2\/types\/product"}],"replies":[{"embeddable":true,"href":"https:\/\/dev2.cantalupe.net\/sigloxxi\/wp-json\/wp\/v2\/comments?post=16262"}],"version-history":[{"count":1,"href":"https:\/\/dev2.cantalupe.net\/sigloxxi\/wp-json\/wp\/v2\/product\/16262\/revisions"}],"predecessor-version":[{"id":16263,"href":"https:\/\/dev2.cantalupe.net\/sigloxxi\/wp-json\/wp\/v2\/product\/16262\/revisions\/16263"}],"wp:featuredmedia":[{"embeddable":true,"href":"https:\/\/dev2.cantalupe.net\/sigloxxi\/wp-json\/wp\/v2\/media\/4484"}],"wp:attachment":[{"href":"https:\/\/dev2.cantalupe.net\/sigloxxi\/wp-json\/wp\/v2\/media?parent=16262"}],"wp:term":[{"taxonomy":"materia_nivel_3","embeddable":true,"href":"https:\/\/dev2.cantalupe.net\/sigloxxi\/wp-json\/wp\/v2\/materia_nivel_3?post=16262"},{"taxonomy":"subtema_nivel_2","embeddable":true,"href":"https:\/\/dev2.cantalupe.net\/sigloxxi\/wp-json\/wp\/v2\/subtema_nivel_2?post=16262"},{"taxonomy":"tema_nivel_1","embeddable":true,"href":"https:\/\/dev2.cantalupe.net\/sigloxxi\/wp-json\/wp\/v2\/tema_nivel_1?post=16262"},{"taxonomy":"product_brand","embeddable":true,"href":"https:\/\/dev2.cantalupe.net\/sigloxxi\/wp-json\/wp\/v2\/product_brand?post=16262"},{"taxonomy":"product_cat","embeddable":true,"href":"https:\/\/dev2.cantalupe.net\/sigloxxi\/wp-json\/wp\/v2\/product_cat?post=16262"},{"taxonomy":"product_tag","embeddable":true,"href":"https:\/\/dev2.cantalupe.net\/sigloxxi\/wp-json\/wp\/v2\/product_tag?post=16262"},{"taxonomy":"product_author","embeddable":true,"href":"https:\/\/dev2.cantalupe.net\/sigloxxi\/wp-json\/wp\/v2\/product_author?post=16262"},{"taxonomy":"product_collection","embeddable":true,"href":"https:\/\/dev2.cantalupe.net\/sigloxxi\/wp-json\/wp\/v2\/product_collection?post=16262"}],"curies":[{"name":"wp","href":"https:\/\/api.w.org\/{rel}","templated":true}]}}