{"id":16288,"date":"2025-11-04T15:00:07","date_gmt":"2025-11-04T15:00:07","guid":{"rendered":"https:\/\/dev2.cantalupe.net\/sigloxxi\/libro\/territorios\/"},"modified":"2025-11-04T15:00:07","modified_gmt":"2025-11-04T15:00:07","slug":"territorios","status":"publish","type":"product","link":"https:\/\/dev2.cantalupe.net\/sigloxxi\/libro\/territorios\/","title":{"rendered":"Territorios"},"content":{"rendered":"<p>Territorios (1978) es un libro homenaje que Julio Cort\u00e1zar quiso hacer a los artistas a los que admiraba, que le hab\u00edan obligado a aceptar la libertad como \u00fanico territorio habitable.Analiza, desde su subjetividad, la obra pl\u00e1stica de 17 creadores y sus 17 territorios, procedentes de \u00e1mbitos pl\u00e1sticos muy diferentes, hasta formar un libro-collage, como tambi\u00e9n lo son La vuelta al d\u00eda en ochenta mundos y \u00daltimo round. Asoma el Cort\u00e1zar cr\u00edtico cuyos ensayos tambi\u00e9n expresan su po\u00e9tica desde otro \u00e1ngulo, pero con igual intensidad. Cada uno de estos territorios es una verdadera pieza maestra en donde conviven poes\u00eda, cuento y cr\u00edtica. Revoluciona el ensayo y lo convierte en un orden literario de m\u00e1xima libertad formal volvi\u00e9ndose contra la imparcialidad y la impersonalidad que lo caracteriza, haci\u00e9ndolo narrativo y manteniendo el dif\u00edcil equilibrio entre pensamiento cr\u00edtico e imaginaci\u00f3n po\u00e9tica.<\/p>\n","protected":false},"excerpt":{"rendered":"<p>Territorios (1978) es un libro homenaje que Julio Cort\u00e1zar quiso hacer a los artistas a los que admiraba, que le hab\u00edan obligado a aceptar la libertad como \u00fanico territorio habitable.Analiza, desde su subjetividad, la obra pl\u00e1stica de 17 creadores y sus 17 territorios, procedentes de \u00e1mbitos pl\u00e1sticos muy diferentes, hasta formar un libro-collage, como tambi\u00e9n lo son La vuelta al d\u00eda en ochenta mundos y \u00daltimo round. Asoma el Cort\u00e1zar cr\u00edtico cuyos ensayos tambi\u00e9n expresan su po\u00e9tica desde otro \u00e1ngulo, pero con igual intensidad. Cada uno de estos territorios es una verdadera pieza maestra en donde conviven poes\u00eda, cuento y cr\u00edtica. Revoluciona el ensayo y lo convierte en un orden literario de m\u00e1xima libertad formal volvi\u00e9ndose contra la imparcialidad y la impersonalidad que lo caracteriza, haci\u00e9ndolo narrativo y manteniendo el dif\u00edcil equilibrio entre pensamiento cr\u00edtico e imaginaci\u00f3n po\u00e9tica.<\/p>\n","protected":false},"featured_media":4508,"comment_status":"closed","ping_status":"open","template":"","meta":{"_acf_changed":false},"materia_nivel_3":[2565],"subtema_nivel_2":[],"tema_nivel_1":[2563],"product_brand":[],"product_cat":[15],"product_tag":[],"product_author":[4186],"product_collection":[],"class_list":{"0":"post-16288","1":"product","2":"type-product","3":"status-publish","4":"has-post-thumbnail","6":"materia_nivel_3-contemporanea","7":"tema_nivel_1-siglo-xxi-de-espana-general","8":"product_cat-uncategorized","9":"product_author-cortazar-julio","11":"first","12":"instock","13":"purchasable","14":"product-type-simple"},"acf":[],"_links":{"self":[{"href":"https:\/\/dev2.cantalupe.net\/sigloxxi\/wp-json\/wp\/v2\/product\/16288","targetHints":{"allow":["GET"]}}],"collection":[{"href":"https:\/\/dev2.cantalupe.net\/sigloxxi\/wp-json\/wp\/v2\/product"}],"about":[{"href":"https:\/\/dev2.cantalupe.net\/sigloxxi\/wp-json\/wp\/v2\/types\/product"}],"replies":[{"embeddable":true,"href":"https:\/\/dev2.cantalupe.net\/sigloxxi\/wp-json\/wp\/v2\/comments?post=16288"}],"version-history":[{"count":1,"href":"https:\/\/dev2.cantalupe.net\/sigloxxi\/wp-json\/wp\/v2\/product\/16288\/revisions"}],"predecessor-version":[{"id":16289,"href":"https:\/\/dev2.cantalupe.net\/sigloxxi\/wp-json\/wp\/v2\/product\/16288\/revisions\/16289"}],"wp:featuredmedia":[{"embeddable":true,"href":"https:\/\/dev2.cantalupe.net\/sigloxxi\/wp-json\/wp\/v2\/media\/4508"}],"wp:attachment":[{"href":"https:\/\/dev2.cantalupe.net\/sigloxxi\/wp-json\/wp\/v2\/media?parent=16288"}],"wp:term":[{"taxonomy":"materia_nivel_3","embeddable":true,"href":"https:\/\/dev2.cantalupe.net\/sigloxxi\/wp-json\/wp\/v2\/materia_nivel_3?post=16288"},{"taxonomy":"subtema_nivel_2","embeddable":true,"href":"https:\/\/dev2.cantalupe.net\/sigloxxi\/wp-json\/wp\/v2\/subtema_nivel_2?post=16288"},{"taxonomy":"tema_nivel_1","embeddable":true,"href":"https:\/\/dev2.cantalupe.net\/sigloxxi\/wp-json\/wp\/v2\/tema_nivel_1?post=16288"},{"taxonomy":"product_brand","embeddable":true,"href":"https:\/\/dev2.cantalupe.net\/sigloxxi\/wp-json\/wp\/v2\/product_brand?post=16288"},{"taxonomy":"product_cat","embeddable":true,"href":"https:\/\/dev2.cantalupe.net\/sigloxxi\/wp-json\/wp\/v2\/product_cat?post=16288"},{"taxonomy":"product_tag","embeddable":true,"href":"https:\/\/dev2.cantalupe.net\/sigloxxi\/wp-json\/wp\/v2\/product_tag?post=16288"},{"taxonomy":"product_author","embeddable":true,"href":"https:\/\/dev2.cantalupe.net\/sigloxxi\/wp-json\/wp\/v2\/product_author?post=16288"},{"taxonomy":"product_collection","embeddable":true,"href":"https:\/\/dev2.cantalupe.net\/sigloxxi\/wp-json\/wp\/v2\/product_collection?post=16288"}],"curies":[{"name":"wp","href":"https:\/\/api.w.org\/{rel}","templated":true}]}}