{"id":16296,"date":"2025-11-04T15:00:07","date_gmt":"2025-11-04T15:00:07","guid":{"rendered":"https:\/\/dev2.cantalupe.net\/sigloxxi\/libro\/tiempo-en-la-cruz\/"},"modified":"2025-11-04T15:00:08","modified_gmt":"2025-11-04T15:00:08","slug":"tiempo-en-la-cruz","status":"publish","type":"product","link":"https:\/\/dev2.cantalupe.net\/sigloxxi\/libro\/tiempo-en-la-cruz\/","title":{"rendered":"Tiempo en la cruz"},"content":{"rendered":"<p>Solapa: Sobre la esclavitud como instituci\u00f3n y sistema econ\u00f3mico ha llegado a acumularse una amplia literatura a lo largo del siglo transcurrido desde el fin de la guerra civil norteamericana que puso fin a su existencia en el sur de los Estados Unidos. Dentro de esta literatura, aunque subsistieran muchos desacuerdos, se fue imponiendo gradualmente una cierta interpretaci\u00f3n que hacia mediados de nuestro siglo pod\u00eda considerarse ya como visi\u00f3n dominante y establecida en la opini\u00f3n general. Esta interpretaci\u00f3n tradicional ser\u00eda radicalmente puesta en duda con la aparici\u00f3n en 1974 de Tiempo en la cruz. A partir de la segunda guerra mundial se hab\u00eda venido gestando lo que se dar\u00eda en llamar ?nueva historia econ\u00f3mica? o ?cliometr\u00eda?, una verdadera revoluci\u00f3n historiogr\u00e1fica fruto de una serie de r\u00e1pidos avances en econom\u00eda, estad\u00edstica y matem\u00e1ticas aplicadas, as\u00ed como del desarrollo de computadoras de alta velocidad. Estos cambios hicieron posible el procesamiento de grandes cantidades de datos num\u00e9ricos, poniendo as\u00ed a disposici\u00f3n de una nueva generaci\u00f3n de investigadores la amplia informaci\u00f3n dispersa en numerosos y oscuros archivos. En este contexto surge la obra de Fogel y Engerman como s\u00edntesis de la nueva luz que la cliometr\u00eda puede arrojar sobre el fen\u00f3meno de la esclavitud; pese a lo cual se trata de un libro carente de tecnicismos y f\u00e1cilmente accesible. Se trata de una obra profundamente pol\u00e9mica, que dio origen a una fuerte discusi\u00f3n entre los historiadores norteamericanos, no s\u00f3lo desde la perspectiva tradicional, sino tambi\u00e9n en el marco de la propia nueva historia econ\u00f3mica. Por la sustancial renovaci\u00f3n de la historiograf\u00eda sobre la esclavitud que ha provocado, Tiempo en la cruz puede ser considerada una obra cl\u00e1sica sin dejar por ello de ser sumamente discutible.<\/p>\n","protected":false},"excerpt":{"rendered":"<p>Solapa: Sobre la esclavitud como instituci\u00f3n y sistema econ\u00f3mico ha llegado a acumularse una amplia literatura a lo largo del siglo transcurrido desde el fin de la guerra civil norteamericana que puso fin a su existencia en el sur de los Estados Unidos. Dentro de esta literatura, aunque subsistieran muchos desacuerdos, se fue imponiendo gradualmente una cierta interpretaci\u00f3n que hacia mediados de nuestro siglo pod\u00eda considerarse ya como visi\u00f3n dominante y establecida en la opini\u00f3n general. Esta interpretaci\u00f3n tradicional ser\u00eda radicalmente puesta en duda con la aparici\u00f3n en 1974 de Tiempo en la cruz. A partir de la segunda guerra mundial se hab\u00eda venido gestando lo que se dar\u00eda en llamar ?nueva historia econ\u00f3mica? o ?cliometr\u00eda?, una verdadera revoluci\u00f3n historiogr\u00e1fica fruto de una serie de r\u00e1pidos avances en econom\u00eda, estad\u00edstica y matem\u00e1ticas aplicadas, as\u00ed como del desarrollo de computadoras de alta velocidad. Estos cambios hicieron posible el procesamiento de grandes cantidades de datos num\u00e9ricos, poniendo as\u00ed a disposici\u00f3n de una nueva generaci\u00f3n de investigadores la amplia informaci\u00f3n dispersa en numerosos y oscuros archivos. En este contexto surge la obra de Fogel y Engerman como s\u00edntesis de la nueva luz que la cliometr\u00eda puede arrojar sobre el fen\u00f3meno de la esclavitud; pese a lo cual se trata de un libro carente de tecnicismos y f\u00e1cilmente accesible. Se trata de una obra profundamente pol\u00e9mica, que dio origen a una fuerte discusi\u00f3n entre los historiadores norteamericanos, no s\u00f3lo desde la perspectiva tradicional, sino tambi\u00e9n en el marco de la propia nueva historia econ\u00f3mica. Por la sustancial renovaci\u00f3n de la historiograf\u00eda sobre la esclavitud que ha provocado, Tiempo en la cruz puede ser considerada una obra cl\u00e1sica sin dejar por ello de ser sumamente discutible.<\/p>\n","protected":false},"featured_media":4515,"comment_status":"closed","ping_status":"open","template":"","meta":{"_acf_changed":false},"materia_nivel_3":[2605,2565],"subtema_nivel_2":[],"tema_nivel_1":[2567],"product_brand":[],"product_cat":[15],"product_tag":[],"product_author":[4375],"product_collection":[],"class_list":{"0":"post-16296","1":"product","2":"type-product","3":"status-publish","4":"has-post-thumbnail","6":"materia_nivel_3-america","7":"materia_nivel_3-contemporanea","8":"tema_nivel_1-historia","9":"product_cat-uncategorized","10":"product_author-fogel-robert-william","12":"first","13":"instock","14":"purchasable","15":"product-type-simple"},"acf":[],"_links":{"self":[{"href":"https:\/\/dev2.cantalupe.net\/sigloxxi\/wp-json\/wp\/v2\/product\/16296","targetHints":{"allow":["GET"]}}],"collection":[{"href":"https:\/\/dev2.cantalupe.net\/sigloxxi\/wp-json\/wp\/v2\/product"}],"about":[{"href":"https:\/\/dev2.cantalupe.net\/sigloxxi\/wp-json\/wp\/v2\/types\/product"}],"replies":[{"embeddable":true,"href":"https:\/\/dev2.cantalupe.net\/sigloxxi\/wp-json\/wp\/v2\/comments?post=16296"}],"version-history":[{"count":1,"href":"https:\/\/dev2.cantalupe.net\/sigloxxi\/wp-json\/wp\/v2\/product\/16296\/revisions"}],"predecessor-version":[{"id":16297,"href":"https:\/\/dev2.cantalupe.net\/sigloxxi\/wp-json\/wp\/v2\/product\/16296\/revisions\/16297"}],"wp:featuredmedia":[{"embeddable":true,"href":"https:\/\/dev2.cantalupe.net\/sigloxxi\/wp-json\/wp\/v2\/media\/4515"}],"wp:attachment":[{"href":"https:\/\/dev2.cantalupe.net\/sigloxxi\/wp-json\/wp\/v2\/media?parent=16296"}],"wp:term":[{"taxonomy":"materia_nivel_3","embeddable":true,"href":"https:\/\/dev2.cantalupe.net\/sigloxxi\/wp-json\/wp\/v2\/materia_nivel_3?post=16296"},{"taxonomy":"subtema_nivel_2","embeddable":true,"href":"https:\/\/dev2.cantalupe.net\/sigloxxi\/wp-json\/wp\/v2\/subtema_nivel_2?post=16296"},{"taxonomy":"tema_nivel_1","embeddable":true,"href":"https:\/\/dev2.cantalupe.net\/sigloxxi\/wp-json\/wp\/v2\/tema_nivel_1?post=16296"},{"taxonomy":"product_brand","embeddable":true,"href":"https:\/\/dev2.cantalupe.net\/sigloxxi\/wp-json\/wp\/v2\/product_brand?post=16296"},{"taxonomy":"product_cat","embeddable":true,"href":"https:\/\/dev2.cantalupe.net\/sigloxxi\/wp-json\/wp\/v2\/product_cat?post=16296"},{"taxonomy":"product_tag","embeddable":true,"href":"https:\/\/dev2.cantalupe.net\/sigloxxi\/wp-json\/wp\/v2\/product_tag?post=16296"},{"taxonomy":"product_author","embeddable":true,"href":"https:\/\/dev2.cantalupe.net\/sigloxxi\/wp-json\/wp\/v2\/product_author?post=16296"},{"taxonomy":"product_collection","embeddable":true,"href":"https:\/\/dev2.cantalupe.net\/sigloxxi\/wp-json\/wp\/v2\/product_collection?post=16296"}],"curies":[{"name":"wp","href":"https:\/\/api.w.org\/{rel}","templated":true}]}}