{"id":16344,"date":"2025-11-04T15:00:10","date_gmt":"2025-11-04T15:00:10","guid":{"rendered":"https:\/\/dev2.cantalupe.net\/sigloxxi\/libro\/tras-los-pasos-de-bolivar\/"},"modified":"2025-11-04T15:00:19","modified_gmt":"2025-11-04T15:00:19","slug":"tras-los-pasos-de-bolivar","status":"publish","type":"product","link":"https:\/\/dev2.cantalupe.net\/sigloxxi\/libro\/tras-los-pasos-de-bolivar\/","title":{"rendered":"Tras los pasos de Bol\u00edvar"},"content":{"rendered":"<p>\u00bfEs justo decir que una tierra ha sido \u00abliberada\u00bb cuando la pobreza a\u00fan esclaviza a millones de sus habitantes, cuando la violencia acecha en las sombras y cuando la ilegalidad corroe toda posibilidad de progreso? \u00bfFracasaron los libertadores? \u00bfO los nuevos l\u00edderes, como Hugo Ch\u00e1vez en Venezuela y Evo Morales en Bolivia, est\u00e1n resucitando aquellos viejos ideales?Equipado con una libreta de reportero y una mente abierta, el autor se pone en marcha en busca de respuestas. Abri\u00e9ndose camino a trav\u00e9s del continente por carreteras y sendas, quita el velo que cubre el legado de los libertadores y husmea detr\u00e1s de sus estatuas y su memoria. Con el fantasma de Bol\u00edvar como gu\u00eda, la traves\u00eda aparta al lector de los trillados caminos del turista y lo introduce en los \u00e1mbitos m\u00e1s extra\u00f1os y maravillosos de las culturas y las sociedades sudamericanas. Entrando en los hogares de sus habitantes y en las celdas de los prisioneros, meti\u00e9ndose en las pistas de baile o en las barricadas, Oliver Balch recupera historias no contadas desde el frente mismo de la lucha contempor\u00e1nea de Sudam\u00e9rica por la liberaci\u00f3n.<\/p>\n","protected":false},"excerpt":{"rendered":"<p>\u00bfEs justo decir que una tierra ha sido \u00abliberada\u00bb cuando la pobreza a\u00fan esclaviza a millones de sus habitantes, cuando la violencia acecha en las sombras y cuando la ilegalidad corroe toda posibilidad de progreso? \u00bfFracasaron los libertadores? \u00bfO los nuevos l\u00edderes, como Hugo Ch\u00e1vez en Venezuela y Evo Morales en Bolivia, est\u00e1n resucitando aquellos viejos ideales?Equipado con una libreta de reportero y una mente abierta, el autor se pone en marcha en busca de respuestas. Abri\u00e9ndose camino a trav\u00e9s del continente por carreteras y sendas, quita el velo que cubre el legado de los libertadores y husmea detr\u00e1s de sus estatuas y su memoria. Con el fantasma de Bol\u00edvar como gu\u00eda, la traves\u00eda aparta al lector de los trillados caminos del turista y lo introduce en los \u00e1mbitos m\u00e1s extra\u00f1os y maravillosos de las culturas y las sociedades sudamericanas. Entrando en los hogares de sus habitantes y en las celdas de los prisioneros, meti\u00e9ndose en las pistas de baile o en las barricadas, Oliver Balch recupera historias no contadas desde el frente mismo de la lucha contempor\u00e1nea de Sudam\u00e9rica por la liberaci\u00f3n.<\/p>\n","protected":false},"featured_media":4558,"comment_status":"closed","ping_status":"open","template":"","meta":{"_acf_changed":false},"materia_nivel_3":[2605],"subtema_nivel_2":[2561,2576],"tema_nivel_1":[2570],"product_brand":[],"product_cat":[15],"product_tag":[],"product_author":[4381],"product_collection":[],"class_list":{"0":"post-16344","1":"product","2":"type-product","3":"status-publish","4":"has-post-thumbnail","6":"materia_nivel_3-america","7":"subtema_nivel_2-historia","8":"subtema_nivel_2-politica","9":"tema_nivel_1-ciencias-sociales","10":"product_cat-uncategorized","11":"product_author-balch-oliver","13":"first","14":"instock","15":"purchasable","16":"product-type-simple"},"acf":[],"_links":{"self":[{"href":"https:\/\/dev2.cantalupe.net\/sigloxxi\/wp-json\/wp\/v2\/product\/16344","targetHints":{"allow":["GET"]}}],"collection":[{"href":"https:\/\/dev2.cantalupe.net\/sigloxxi\/wp-json\/wp\/v2\/product"}],"about":[{"href":"https:\/\/dev2.cantalupe.net\/sigloxxi\/wp-json\/wp\/v2\/types\/product"}],"replies":[{"embeddable":true,"href":"https:\/\/dev2.cantalupe.net\/sigloxxi\/wp-json\/wp\/v2\/comments?post=16344"}],"version-history":[{"count":1,"href":"https:\/\/dev2.cantalupe.net\/sigloxxi\/wp-json\/wp\/v2\/product\/16344\/revisions"}],"predecessor-version":[{"id":16345,"href":"https:\/\/dev2.cantalupe.net\/sigloxxi\/wp-json\/wp\/v2\/product\/16344\/revisions\/16345"}],"wp:featuredmedia":[{"embeddable":true,"href":"https:\/\/dev2.cantalupe.net\/sigloxxi\/wp-json\/wp\/v2\/media\/4558"}],"wp:attachment":[{"href":"https:\/\/dev2.cantalupe.net\/sigloxxi\/wp-json\/wp\/v2\/media?parent=16344"}],"wp:term":[{"taxonomy":"materia_nivel_3","embeddable":true,"href":"https:\/\/dev2.cantalupe.net\/sigloxxi\/wp-json\/wp\/v2\/materia_nivel_3?post=16344"},{"taxonomy":"subtema_nivel_2","embeddable":true,"href":"https:\/\/dev2.cantalupe.net\/sigloxxi\/wp-json\/wp\/v2\/subtema_nivel_2?post=16344"},{"taxonomy":"tema_nivel_1","embeddable":true,"href":"https:\/\/dev2.cantalupe.net\/sigloxxi\/wp-json\/wp\/v2\/tema_nivel_1?post=16344"},{"taxonomy":"product_brand","embeddable":true,"href":"https:\/\/dev2.cantalupe.net\/sigloxxi\/wp-json\/wp\/v2\/product_brand?post=16344"},{"taxonomy":"product_cat","embeddable":true,"href":"https:\/\/dev2.cantalupe.net\/sigloxxi\/wp-json\/wp\/v2\/product_cat?post=16344"},{"taxonomy":"product_tag","embeddable":true,"href":"https:\/\/dev2.cantalupe.net\/sigloxxi\/wp-json\/wp\/v2\/product_tag?post=16344"},{"taxonomy":"product_author","embeddable":true,"href":"https:\/\/dev2.cantalupe.net\/sigloxxi\/wp-json\/wp\/v2\/product_author?post=16344"},{"taxonomy":"product_collection","embeddable":true,"href":"https:\/\/dev2.cantalupe.net\/sigloxxi\/wp-json\/wp\/v2\/product_collection?post=16344"}],"curies":[{"name":"wp","href":"https:\/\/api.w.org\/{rel}","templated":true}]}}