{"id":16354,"date":"2025-11-04T15:00:10","date_gmt":"2025-11-04T15:00:10","guid":{"rendered":"https:\/\/dev2.cantalupe.net\/sigloxxi\/libro\/tribunal-russell\/"},"modified":"2025-11-04T15:00:19","modified_gmt":"2025-11-04T15:00:19","slug":"tribunal-russell","status":"publish","type":"product","link":"https:\/\/dev2.cantalupe.net\/sigloxxi\/libro\/tribunal-russell\/","title":{"rendered":"Tribunal Russell"},"content":{"rendered":"<p>Todo el mundo sabe que en Vietnam muere poblaci\u00f3n civil; pero del hecho de que los bombardeos sean masivos y sistem\u00e1ticos, de que est\u00e9n destinados a quebrantar la moral de la poblaci\u00f3n y de que la pol\u00edtica del gobierno americano respecto a Vietnam constituya lo que en Derecho Internacional se conoce con el nombre de agresi\u00f3n, se ha ido convenciendo el Tribunal poco a poco, mediante la audici\u00f3n de los informes minuciosos de expertos de todos los pa\u00edses y de las comisiones de investigaci\u00f3n que hab\u00eda designado, as\u00ed como por las declaclaraci\u00f3n de los testigos y los interrogatorios a las v\u00edctimas vietnamitas, quemadas por el napalm o heridas por esas armas nuevas de car\u00e1cter antipersonal: las bombas de bolas. Esto es lo esencial de los trabajos, testimonios y documentos aqu\u00ed recogidos, tal y como fueron presentados, d\u00eda tras d\u00eda, al Tribunal, que hoy se ponen en conocimiento del lector para que \u00e9l, a su vez, juzgue. No es suficiente la intenci\u00f3n de imparcialidad y de universalidad para legitimar el Tribunal Internacional contra los cr\u00edmenes de guerra. Los lectores, al aprobar este juicio, deben contribuir a su legitimaci\u00f3n.<\/p>\n","protected":false},"excerpt":{"rendered":"<p>Todo el mundo sabe que en Vietnam muere poblaci\u00f3n civil; pero del hecho de que los bombardeos sean masivos y sistem\u00e1ticos, de que est\u00e9n destinados a quebrantar la moral de la poblaci\u00f3n y de que la pol\u00edtica del gobierno americano respecto a Vietnam constituya lo que en Derecho Internacional se conoce con el nombre de agresi\u00f3n, se ha ido convenciendo el Tribunal poco a poco, mediante la audici\u00f3n de los informes minuciosos de expertos de todos los pa\u00edses y de las comisiones de investigaci\u00f3n que hab\u00eda designado, as\u00ed como por las declaclaraci\u00f3n de los testigos y los interrogatorios a las v\u00edctimas vietnamitas, quemadas por el napalm o heridas por esas armas nuevas de car\u00e1cter antipersonal: las bombas de bolas. Esto es lo esencial de los trabajos, testimonios y documentos aqu\u00ed recogidos, tal y como fueron presentados, d\u00eda tras d\u00eda, al Tribunal, que hoy se ponen en conocimiento del lector para que \u00e9l, a su vez, juzgue. No es suficiente la intenci\u00f3n de imparcialidad y de universalidad para legitimar el Tribunal Internacional contra los cr\u00edmenes de guerra. Los lectores, al aprobar este juicio, deben contribuir a su legitimaci\u00f3n.<\/p>\n","protected":false},"featured_media":4567,"comment_status":"closed","ping_status":"open","template":"","meta":{"_acf_changed":false},"materia_nivel_3":[2565],"subtema_nivel_2":[],"tema_nivel_1":[2567],"product_brand":[],"product_cat":[15],"product_tag":[],"product_author":[4000],"product_collection":[],"class_list":{"0":"post-16354","1":"product","2":"type-product","3":"status-publish","4":"has-post-thumbnail","6":"materia_nivel_3-contemporanea","7":"tema_nivel_1-historia","8":"product_cat-uncategorized","9":"product_author-aa-vv","11":"first","12":"instock","13":"purchasable","14":"product-type-simple"},"acf":[],"_links":{"self":[{"href":"https:\/\/dev2.cantalupe.net\/sigloxxi\/wp-json\/wp\/v2\/product\/16354","targetHints":{"allow":["GET"]}}],"collection":[{"href":"https:\/\/dev2.cantalupe.net\/sigloxxi\/wp-json\/wp\/v2\/product"}],"about":[{"href":"https:\/\/dev2.cantalupe.net\/sigloxxi\/wp-json\/wp\/v2\/types\/product"}],"replies":[{"embeddable":true,"href":"https:\/\/dev2.cantalupe.net\/sigloxxi\/wp-json\/wp\/v2\/comments?post=16354"}],"version-history":[{"count":1,"href":"https:\/\/dev2.cantalupe.net\/sigloxxi\/wp-json\/wp\/v2\/product\/16354\/revisions"}],"predecessor-version":[{"id":16355,"href":"https:\/\/dev2.cantalupe.net\/sigloxxi\/wp-json\/wp\/v2\/product\/16354\/revisions\/16355"}],"wp:featuredmedia":[{"embeddable":true,"href":"https:\/\/dev2.cantalupe.net\/sigloxxi\/wp-json\/wp\/v2\/media\/4567"}],"wp:attachment":[{"href":"https:\/\/dev2.cantalupe.net\/sigloxxi\/wp-json\/wp\/v2\/media?parent=16354"}],"wp:term":[{"taxonomy":"materia_nivel_3","embeddable":true,"href":"https:\/\/dev2.cantalupe.net\/sigloxxi\/wp-json\/wp\/v2\/materia_nivel_3?post=16354"},{"taxonomy":"subtema_nivel_2","embeddable":true,"href":"https:\/\/dev2.cantalupe.net\/sigloxxi\/wp-json\/wp\/v2\/subtema_nivel_2?post=16354"},{"taxonomy":"tema_nivel_1","embeddable":true,"href":"https:\/\/dev2.cantalupe.net\/sigloxxi\/wp-json\/wp\/v2\/tema_nivel_1?post=16354"},{"taxonomy":"product_brand","embeddable":true,"href":"https:\/\/dev2.cantalupe.net\/sigloxxi\/wp-json\/wp\/v2\/product_brand?post=16354"},{"taxonomy":"product_cat","embeddable":true,"href":"https:\/\/dev2.cantalupe.net\/sigloxxi\/wp-json\/wp\/v2\/product_cat?post=16354"},{"taxonomy":"product_tag","embeddable":true,"href":"https:\/\/dev2.cantalupe.net\/sigloxxi\/wp-json\/wp\/v2\/product_tag?post=16354"},{"taxonomy":"product_author","embeddable":true,"href":"https:\/\/dev2.cantalupe.net\/sigloxxi\/wp-json\/wp\/v2\/product_author?post=16354"},{"taxonomy":"product_collection","embeddable":true,"href":"https:\/\/dev2.cantalupe.net\/sigloxxi\/wp-json\/wp\/v2\/product_collection?post=16354"}],"curies":[{"name":"wp","href":"https:\/\/api.w.org\/{rel}","templated":true}]}}