{"id":16390,"date":"2025-11-04T15:00:22","date_gmt":"2025-11-04T15:00:22","guid":{"rendered":"https:\/\/dev2.cantalupe.net\/sigloxxi\/libro\/una-introduccion-a-las-fuentes-de-la-historia-economica-europea-1500-1800\/"},"modified":"2025-11-04T15:00:27","modified_gmt":"2025-11-04T15:00:27","slug":"una-introduccion-a-las-fuentes-de-la-historia-economica-europea-1500-1800","status":"publish","type":"product","link":"https:\/\/dev2.cantalupe.net\/sigloxxi\/libro\/una-introduccion-a-las-fuentes-de-la-historia-economica-europea-1500-1800\/","title":{"rendered":"Una introducci\u00f3n a las fuentes de la historia econ\u00f3mica Europea, 1500-1800"},"content":{"rendered":"<p>Al proyectar la serie de obras que componen la Historia econ\u00f3mica mundial que est\u00e1 publicando en castellano Siglo XXI se tom\u00f3 la decisi\u00f3n de a\u00f1adir a los estudios referentes a per\u00edodos, \u00e1reas y temas concretos uno o m\u00e1s vol\u00famenes dedicados a analizar las fuentes hist\u00f3ricas -particularmente las cuantitativas- de las distintas zonas geogr\u00e1ficas. Este es el primero de dichos vol\u00famenes, y se refiere a Italia, Espa\u00f1a, Portugal, los Pa\u00edses Bajos, las islas Brit\u00e1nicas, Francia y Alemania. Est\u00e1 previsto un segundo volumen dedicado a la Europa septentrional, central y oriental. Aun cuando el presente libro se concibi\u00f3 inicialmente como obra de consulta, esperamos que pueda servir tambi\u00e9n de introducci\u00f3n al conocimiento de los materiales de que se dispone para el estudio de la referida tem\u00e1tica, tanto para estudiantes como para el p\u00fablico en general que se interesa por la historia social y econ\u00f3mica.<\/p>\n","protected":false},"excerpt":{"rendered":"<p>Al proyectar la serie de obras que componen la Historia econ\u00f3mica mundial que est\u00e1 publicando en castellano Siglo XXI se tom\u00f3 la decisi\u00f3n de a\u00f1adir a los estudios referentes a per\u00edodos, \u00e1reas y temas concretos uno o m\u00e1s vol\u00famenes dedicados a analizar las fuentes hist\u00f3ricas -particularmente las cuantitativas- de las distintas zonas geogr\u00e1ficas. Este es el primero de dichos vol\u00famenes, y se refiere a Italia, Espa\u00f1a, Portugal, los Pa\u00edses Bajos, las islas Brit\u00e1nicas, Francia y Alemania. Est\u00e1 previsto un segundo volumen dedicado a la Europa septentrional, central y oriental. Aun cuando el presente libro se concibi\u00f3 inicialmente como obra de consulta, esperamos que pueda servir tambi\u00e9n de introducci\u00f3n al conocimiento de los materiales de que se dispone para el estudio de la referida tem\u00e1tica, tanto para estudiantes como para el p\u00fablico en general que se interesa por la historia social y econ\u00f3mica.<\/p>\n","protected":false},"featured_media":4599,"comment_status":"closed","ping_status":"open","template":"","meta":{"_acf_changed":false},"materia_nivel_3":[],"subtema_nivel_2":[2598],"tema_nivel_1":[2570],"product_brand":[],"product_cat":[15],"product_tag":[],"product_author":[3778,4389],"product_collection":[],"class_list":{"0":"post-16390","1":"product","2":"type-product","3":"status-publish","4":"has-post-thumbnail","6":"subtema_nivel_2-economia","7":"tema_nivel_1-ciencias-sociales","8":"product_cat-uncategorized","9":"product_author-parker-geoffrey","10":"product_author-wilson-charles","12":"first","13":"instock","14":"purchasable","15":"product-type-simple"},"acf":[],"_links":{"self":[{"href":"https:\/\/dev2.cantalupe.net\/sigloxxi\/wp-json\/wp\/v2\/product\/16390","targetHints":{"allow":["GET"]}}],"collection":[{"href":"https:\/\/dev2.cantalupe.net\/sigloxxi\/wp-json\/wp\/v2\/product"}],"about":[{"href":"https:\/\/dev2.cantalupe.net\/sigloxxi\/wp-json\/wp\/v2\/types\/product"}],"replies":[{"embeddable":true,"href":"https:\/\/dev2.cantalupe.net\/sigloxxi\/wp-json\/wp\/v2\/comments?post=16390"}],"version-history":[{"count":1,"href":"https:\/\/dev2.cantalupe.net\/sigloxxi\/wp-json\/wp\/v2\/product\/16390\/revisions"}],"predecessor-version":[{"id":16391,"href":"https:\/\/dev2.cantalupe.net\/sigloxxi\/wp-json\/wp\/v2\/product\/16390\/revisions\/16391"}],"wp:featuredmedia":[{"embeddable":true,"href":"https:\/\/dev2.cantalupe.net\/sigloxxi\/wp-json\/wp\/v2\/media\/4599"}],"wp:attachment":[{"href":"https:\/\/dev2.cantalupe.net\/sigloxxi\/wp-json\/wp\/v2\/media?parent=16390"}],"wp:term":[{"taxonomy":"materia_nivel_3","embeddable":true,"href":"https:\/\/dev2.cantalupe.net\/sigloxxi\/wp-json\/wp\/v2\/materia_nivel_3?post=16390"},{"taxonomy":"subtema_nivel_2","embeddable":true,"href":"https:\/\/dev2.cantalupe.net\/sigloxxi\/wp-json\/wp\/v2\/subtema_nivel_2?post=16390"},{"taxonomy":"tema_nivel_1","embeddable":true,"href":"https:\/\/dev2.cantalupe.net\/sigloxxi\/wp-json\/wp\/v2\/tema_nivel_1?post=16390"},{"taxonomy":"product_brand","embeddable":true,"href":"https:\/\/dev2.cantalupe.net\/sigloxxi\/wp-json\/wp\/v2\/product_brand?post=16390"},{"taxonomy":"product_cat","embeddable":true,"href":"https:\/\/dev2.cantalupe.net\/sigloxxi\/wp-json\/wp\/v2\/product_cat?post=16390"},{"taxonomy":"product_tag","embeddable":true,"href":"https:\/\/dev2.cantalupe.net\/sigloxxi\/wp-json\/wp\/v2\/product_tag?post=16390"},{"taxonomy":"product_author","embeddable":true,"href":"https:\/\/dev2.cantalupe.net\/sigloxxi\/wp-json\/wp\/v2\/product_author?post=16390"},{"taxonomy":"product_collection","embeddable":true,"href":"https:\/\/dev2.cantalupe.net\/sigloxxi\/wp-json\/wp\/v2\/product_collection?post=16390"}],"curies":[{"name":"wp","href":"https:\/\/api.w.org\/{rel}","templated":true}]}}