{"id":16404,"date":"2025-11-04T15:00:31","date_gmt":"2025-11-04T15:00:31","guid":{"rendered":"https:\/\/dev2.cantalupe.net\/sigloxxi\/libro\/un-festin-para-don-giovanni\/"},"modified":"2025-11-04T15:00:31","modified_gmt":"2025-11-04T15:00:31","slug":"un-festin-para-don-giovanni","status":"publish","type":"product","link":"https:\/\/dev2.cantalupe.net\/sigloxxi\/libro\/un-festin-para-don-giovanni\/","title":{"rendered":"Un fest\u00edn para Don Giovanni"},"content":{"rendered":"<p>Solapa: \u00bfQu\u00e9 otra \u00f3pera sabe celebrar con la misma alegr\u00eda las delicias del amor y de la buena mesa como lo hace el c\u00e9lebre ?Don Giovanni? de Mozart? Con este libro pretendemos introducirle en los secretos de aquella cocina donde el gran epic\u00fareo se acercaba a probar los platos y dar \u00f3rdenes a sus cocineros. Desde el primer acto al segundo, hay una continua sucesi\u00f3n de festines y banquetes con sabrosos platos: bocados de gigante, asado al marzimino, monte de Venus, farfalloni amorosi? Platos italianos, turcos, espa\u00f1oles? Pero atenci\u00f3n, dado el alto poder afrodis\u00edaco de estas recetas, deg\u00fastelas en dulce compa\u00f1\u00eda.<\/p>\n","protected":false},"excerpt":{"rendered":"<p>Solapa: \u00bfQu\u00e9 otra \u00f3pera sabe celebrar con la misma alegr\u00eda las delicias del amor y de la buena mesa como lo hace el c\u00e9lebre ?Don Giovanni? de Mozart? Con este libro pretendemos introducirle en los secretos de aquella cocina donde el gran epic\u00fareo se acercaba a probar los platos y dar \u00f3rdenes a sus cocineros. Desde el primer acto al segundo, hay una continua sucesi\u00f3n de festines y banquetes con sabrosos platos: bocados de gigante, asado al marzimino, monte de Venus, farfalloni amorosi? Platos italianos, turcos, espa\u00f1oles? Pero atenci\u00f3n, dado el alto poder afrodis\u00edaco de estas recetas, deg\u00fastelas en dulce compa\u00f1\u00eda.<\/p>\n","protected":false},"featured_media":4613,"comment_status":"closed","ping_status":"open","template":"","meta":{"_acf_changed":false},"materia_nivel_3":[],"subtema_nivel_2":[2650],"tema_nivel_1":[2563],"product_brand":[],"product_cat":[15],"product_tag":[],"product_author":[],"product_collection":[],"class_list":{"0":"post-16404","1":"product","2":"type-product","3":"status-publish","4":"has-post-thumbnail","6":"subtema_nivel_2-musica","7":"tema_nivel_1-siglo-xxi-de-espana-general","8":"product_cat-uncategorized","10":"first","11":"instock","12":"purchasable","13":"product-type-simple"},"acf":[],"_links":{"self":[{"href":"https:\/\/dev2.cantalupe.net\/sigloxxi\/wp-json\/wp\/v2\/product\/16404","targetHints":{"allow":["GET"]}}],"collection":[{"href":"https:\/\/dev2.cantalupe.net\/sigloxxi\/wp-json\/wp\/v2\/product"}],"about":[{"href":"https:\/\/dev2.cantalupe.net\/sigloxxi\/wp-json\/wp\/v2\/types\/product"}],"replies":[{"embeddable":true,"href":"https:\/\/dev2.cantalupe.net\/sigloxxi\/wp-json\/wp\/v2\/comments?post=16404"}],"version-history":[{"count":1,"href":"https:\/\/dev2.cantalupe.net\/sigloxxi\/wp-json\/wp\/v2\/product\/16404\/revisions"}],"predecessor-version":[{"id":16405,"href":"https:\/\/dev2.cantalupe.net\/sigloxxi\/wp-json\/wp\/v2\/product\/16404\/revisions\/16405"}],"wp:featuredmedia":[{"embeddable":true,"href":"https:\/\/dev2.cantalupe.net\/sigloxxi\/wp-json\/wp\/v2\/media\/4613"}],"wp:attachment":[{"href":"https:\/\/dev2.cantalupe.net\/sigloxxi\/wp-json\/wp\/v2\/media?parent=16404"}],"wp:term":[{"taxonomy":"materia_nivel_3","embeddable":true,"href":"https:\/\/dev2.cantalupe.net\/sigloxxi\/wp-json\/wp\/v2\/materia_nivel_3?post=16404"},{"taxonomy":"subtema_nivel_2","embeddable":true,"href":"https:\/\/dev2.cantalupe.net\/sigloxxi\/wp-json\/wp\/v2\/subtema_nivel_2?post=16404"},{"taxonomy":"tema_nivel_1","embeddable":true,"href":"https:\/\/dev2.cantalupe.net\/sigloxxi\/wp-json\/wp\/v2\/tema_nivel_1?post=16404"},{"taxonomy":"product_brand","embeddable":true,"href":"https:\/\/dev2.cantalupe.net\/sigloxxi\/wp-json\/wp\/v2\/product_brand?post=16404"},{"taxonomy":"product_cat","embeddable":true,"href":"https:\/\/dev2.cantalupe.net\/sigloxxi\/wp-json\/wp\/v2\/product_cat?post=16404"},{"taxonomy":"product_tag","embeddable":true,"href":"https:\/\/dev2.cantalupe.net\/sigloxxi\/wp-json\/wp\/v2\/product_tag?post=16404"},{"taxonomy":"product_author","embeddable":true,"href":"https:\/\/dev2.cantalupe.net\/sigloxxi\/wp-json\/wp\/v2\/product_author?post=16404"},{"taxonomy":"product_collection","embeddable":true,"href":"https:\/\/dev2.cantalupe.net\/sigloxxi\/wp-json\/wp\/v2\/product_collection?post=16404"}],"curies":[{"name":"wp","href":"https:\/\/api.w.org\/{rel}","templated":true}]}}