{"id":16416,"date":"2025-11-04T15:00:31","date_gmt":"2025-11-04T15:00:31","guid":{"rendered":"https:\/\/dev2.cantalupe.net\/sigloxxi\/libro\/un-mar-de-fueguitos\/"},"modified":"2025-11-04T15:00:35","modified_gmt":"2025-11-04T15:00:35","slug":"un-mar-de-fueguitos","status":"publish","type":"product","link":"https:\/\/dev2.cantalupe.net\/sigloxxi\/libro\/un-mar-de-fueguitos\/","title":{"rendered":"Un mar de fueguitos"},"content":{"rendered":"<p>Las tres historias incluidas en este libro impactaron (y siguen haci\u00e9ndolo) a miles de lectores de diferentes partes del mundo. Algunos ni saben que fueron escritas por Eduardo Galeano. Eso es lo que sucede cuando un texto se vuelve popular: las palabras del autor viajan m\u00e1s lejos y m\u00e1s veloces que su propio nombre.\u00a0Nos encantar\u00eda que este libro, genialmente ilustrado por Poly Bernatene, fuera un primer acercamiento sensible de muchos ni\u00f1os y ni\u00f1as a este mar de fueguitos que es nuestro mundo. Y nos gustar\u00eda todav\u00eda m\u00e1s que, cuando lo lean, se enciendan<\/p>\n","protected":false},"excerpt":{"rendered":"<p>Las tres historias incluidas en este libro impactaron (y siguen haci\u00e9ndolo) a miles de lectores de diferentes partes del mundo. Algunos ni saben que fueron escritas por Eduardo Galeano. Eso es lo que sucede cuando un texto se vuelve popular: las palabras del autor viajan m\u00e1s lejos y m\u00e1s veloces que su propio nombre.\u00a0Nos encantar\u00eda que este libro, genialmente ilustrado por Poly Bernatene, fuera un primer acercamiento sensible de muchos ni\u00f1os y ni\u00f1as a este mar de fueguitos que es nuestro mundo. Y nos gustar\u00eda todav\u00eda m\u00e1s que, cuando lo lean, se enciendan<\/p>\n","protected":false},"featured_media":4624,"comment_status":"closed","ping_status":"open","template":"","meta":{"_acf_changed":false},"materia_nivel_3":[],"subtema_nivel_2":[],"tema_nivel_1":[4394],"product_brand":[],"product_cat":[15],"product_tag":[],"product_author":[2868],"product_collection":[],"class_list":{"0":"post-16416","1":"product","2":"type-product","3":"status-publish","4":"has-post-thumbnail","6":"tema_nivel_1-siglo-para-chicos","7":"product_cat-uncategorized","8":"product_author-galeano-eduardo","10":"first","11":"instock","12":"purchasable","13":"product-type-simple"},"acf":[],"_links":{"self":[{"href":"https:\/\/dev2.cantalupe.net\/sigloxxi\/wp-json\/wp\/v2\/product\/16416","targetHints":{"allow":["GET"]}}],"collection":[{"href":"https:\/\/dev2.cantalupe.net\/sigloxxi\/wp-json\/wp\/v2\/product"}],"about":[{"href":"https:\/\/dev2.cantalupe.net\/sigloxxi\/wp-json\/wp\/v2\/types\/product"}],"replies":[{"embeddable":true,"href":"https:\/\/dev2.cantalupe.net\/sigloxxi\/wp-json\/wp\/v2\/comments?post=16416"}],"version-history":[{"count":1,"href":"https:\/\/dev2.cantalupe.net\/sigloxxi\/wp-json\/wp\/v2\/product\/16416\/revisions"}],"predecessor-version":[{"id":16417,"href":"https:\/\/dev2.cantalupe.net\/sigloxxi\/wp-json\/wp\/v2\/product\/16416\/revisions\/16417"}],"wp:featuredmedia":[{"embeddable":true,"href":"https:\/\/dev2.cantalupe.net\/sigloxxi\/wp-json\/wp\/v2\/media\/4624"}],"wp:attachment":[{"href":"https:\/\/dev2.cantalupe.net\/sigloxxi\/wp-json\/wp\/v2\/media?parent=16416"}],"wp:term":[{"taxonomy":"materia_nivel_3","embeddable":true,"href":"https:\/\/dev2.cantalupe.net\/sigloxxi\/wp-json\/wp\/v2\/materia_nivel_3?post=16416"},{"taxonomy":"subtema_nivel_2","embeddable":true,"href":"https:\/\/dev2.cantalupe.net\/sigloxxi\/wp-json\/wp\/v2\/subtema_nivel_2?post=16416"},{"taxonomy":"tema_nivel_1","embeddable":true,"href":"https:\/\/dev2.cantalupe.net\/sigloxxi\/wp-json\/wp\/v2\/tema_nivel_1?post=16416"},{"taxonomy":"product_brand","embeddable":true,"href":"https:\/\/dev2.cantalupe.net\/sigloxxi\/wp-json\/wp\/v2\/product_brand?post=16416"},{"taxonomy":"product_cat","embeddable":true,"href":"https:\/\/dev2.cantalupe.net\/sigloxxi\/wp-json\/wp\/v2\/product_cat?post=16416"},{"taxonomy":"product_tag","embeddable":true,"href":"https:\/\/dev2.cantalupe.net\/sigloxxi\/wp-json\/wp\/v2\/product_tag?post=16416"},{"taxonomy":"product_author","embeddable":true,"href":"https:\/\/dev2.cantalupe.net\/sigloxxi\/wp-json\/wp\/v2\/product_author?post=16416"},{"taxonomy":"product_collection","embeddable":true,"href":"https:\/\/dev2.cantalupe.net\/sigloxxi\/wp-json\/wp\/v2\/product_collection?post=16416"}],"curies":[{"name":"wp","href":"https:\/\/api.w.org\/{rel}","templated":true}]}}