{"id":16422,"date":"2025-11-04T15:00:31","date_gmt":"2025-11-04T15:00:31","guid":{"rendered":"https:\/\/dev2.cantalupe.net\/sigloxxi\/libro\/un-realismo-del-siglo-xx\/"},"modified":"2025-11-04T15:00:36","modified_gmt":"2025-11-04T15:00:36","slug":"un-realismo-del-siglo-xx","status":"publish","type":"product","link":"https:\/\/dev2.cantalupe.net\/sigloxxi\/libro\/un-realismo-del-siglo-xx\/","title":{"rendered":"Un realismo del siglo XX"},"content":{"rendered":"<p>Solapa: En el transcurso de su di\u00e1logo p\u00f3stumo con Fernand L\u00e9ger -uno de los pintores m\u00e1s representativos y conscientes de nuestro siglo- Roger Garaudy descifra el lenguaje de la pintura moderna en sus elementos fundamentales. El dibujo es cada vez menos el contorno de una imagen y cada vez m\u00e1s el signo o el equivalente pl\u00e1stico de un sentimiento, o el rasgo de un movimiento, de un acto. El color no es obligatoriamente el tono local de los objetos, o el juego impresionista del sol y de la vida; el color es, o bien un s\u00edmbolo con valor emotivo, o un valor constructivo capaz de crear un espacio no ?dado? sino ?construido?. La composici\u00f3n no es una variante de la escenograf\u00eda, que deba obedecer a las leyes geom\u00e9tricas o f\u00edsicas de las cosas, sino, a veces, simple ordenaci\u00f3n musical, y otras una construcci\u00f3n de un ?modelo? expresando la estructura de un acto. El cuadro se transforma en un objeto, del que no se mide el valor con relaci\u00f3n a una cosa que parece tener que representar. Tiene valor en s\u00ed, se propone simplemente ofrecer a nuestra \u00e9poca un ?modelo? que exprese nuestro poder de creaci\u00f3n y de transformaci\u00f3n del mundo. Roger Garaudy -autor de esta meditaci\u00f3n est\u00e9tica- es catedr\u00e1tico de Filosof\u00eda. En 1933 ingres\u00f3 en el Partido Comunista Franc\u00e9s, siendo miembro de su direcci\u00f3n pol\u00edtica durante muchos a\u00f1os. A ra\u00edz de la intervenci\u00f3n sovi\u00e9tica en Checoslovaquia, que desaprob\u00f3 y conden\u00f3 en\u00e9rgicamente, fue expulsado del Partido Comunista.<\/p>\n","protected":false},"excerpt":{"rendered":"<p>Solapa: En el transcurso de su di\u00e1logo p\u00f3stumo con Fernand L\u00e9ger -uno de los pintores m\u00e1s representativos y conscientes de nuestro siglo- Roger Garaudy descifra el lenguaje de la pintura moderna en sus elementos fundamentales. El dibujo es cada vez menos el contorno de una imagen y cada vez m\u00e1s el signo o el equivalente pl\u00e1stico de un sentimiento, o el rasgo de un movimiento, de un acto. El color no es obligatoriamente el tono local de los objetos, o el juego impresionista del sol y de la vida; el color es, o bien un s\u00edmbolo con valor emotivo, o un valor constructivo capaz de crear un espacio no ?dado? sino ?construido?. La composici\u00f3n no es una variante de la escenograf\u00eda, que deba obedecer a las leyes geom\u00e9tricas o f\u00edsicas de las cosas, sino, a veces, simple ordenaci\u00f3n musical, y otras una construcci\u00f3n de un ?modelo? expresando la estructura de un acto. El cuadro se transforma en un objeto, del que no se mide el valor con relaci\u00f3n a una cosa que parece tener que representar. Tiene valor en s\u00ed, se propone simplemente ofrecer a nuestra \u00e9poca un ?modelo? que exprese nuestro poder de creaci\u00f3n y de transformaci\u00f3n del mundo. Roger Garaudy -autor de esta meditaci\u00f3n est\u00e9tica- es catedr\u00e1tico de Filosof\u00eda. En 1933 ingres\u00f3 en el Partido Comunista Franc\u00e9s, siendo miembro de su direcci\u00f3n pol\u00edtica durante muchos a\u00f1os. A ra\u00edz de la intervenci\u00f3n sovi\u00e9tica en Checoslovaquia, que desaprob\u00f3 y conden\u00f3 en\u00e9rgicamente, fue expulsado del Partido Comunista.<\/p>\n","protected":false},"featured_media":4630,"comment_status":"closed","ping_status":"open","template":"","meta":{"_acf_changed":false},"materia_nivel_3":[2565,3586],"subtema_nivel_2":[],"tema_nivel_1":[2563],"product_brand":[],"product_cat":[15],"product_tag":[],"product_author":[],"product_collection":[],"class_list":{"0":"post-16422","1":"product","2":"type-product","3":"status-publish","4":"has-post-thumbnail","6":"materia_nivel_3-contemporanea","7":"materia_nivel_3-pintura","8":"tema_nivel_1-siglo-xxi-de-espana-general","9":"product_cat-uncategorized","11":"first","12":"instock","13":"purchasable","14":"product-type-simple"},"acf":[],"_links":{"self":[{"href":"https:\/\/dev2.cantalupe.net\/sigloxxi\/wp-json\/wp\/v2\/product\/16422","targetHints":{"allow":["GET"]}}],"collection":[{"href":"https:\/\/dev2.cantalupe.net\/sigloxxi\/wp-json\/wp\/v2\/product"}],"about":[{"href":"https:\/\/dev2.cantalupe.net\/sigloxxi\/wp-json\/wp\/v2\/types\/product"}],"replies":[{"embeddable":true,"href":"https:\/\/dev2.cantalupe.net\/sigloxxi\/wp-json\/wp\/v2\/comments?post=16422"}],"version-history":[{"count":1,"href":"https:\/\/dev2.cantalupe.net\/sigloxxi\/wp-json\/wp\/v2\/product\/16422\/revisions"}],"predecessor-version":[{"id":16423,"href":"https:\/\/dev2.cantalupe.net\/sigloxxi\/wp-json\/wp\/v2\/product\/16422\/revisions\/16423"}],"wp:featuredmedia":[{"embeddable":true,"href":"https:\/\/dev2.cantalupe.net\/sigloxxi\/wp-json\/wp\/v2\/media\/4630"}],"wp:attachment":[{"href":"https:\/\/dev2.cantalupe.net\/sigloxxi\/wp-json\/wp\/v2\/media?parent=16422"}],"wp:term":[{"taxonomy":"materia_nivel_3","embeddable":true,"href":"https:\/\/dev2.cantalupe.net\/sigloxxi\/wp-json\/wp\/v2\/materia_nivel_3?post=16422"},{"taxonomy":"subtema_nivel_2","embeddable":true,"href":"https:\/\/dev2.cantalupe.net\/sigloxxi\/wp-json\/wp\/v2\/subtema_nivel_2?post=16422"},{"taxonomy":"tema_nivel_1","embeddable":true,"href":"https:\/\/dev2.cantalupe.net\/sigloxxi\/wp-json\/wp\/v2\/tema_nivel_1?post=16422"},{"taxonomy":"product_brand","embeddable":true,"href":"https:\/\/dev2.cantalupe.net\/sigloxxi\/wp-json\/wp\/v2\/product_brand?post=16422"},{"taxonomy":"product_cat","embeddable":true,"href":"https:\/\/dev2.cantalupe.net\/sigloxxi\/wp-json\/wp\/v2\/product_cat?post=16422"},{"taxonomy":"product_tag","embeddable":true,"href":"https:\/\/dev2.cantalupe.net\/sigloxxi\/wp-json\/wp\/v2\/product_tag?post=16422"},{"taxonomy":"product_author","embeddable":true,"href":"https:\/\/dev2.cantalupe.net\/sigloxxi\/wp-json\/wp\/v2\/product_author?post=16422"},{"taxonomy":"product_collection","embeddable":true,"href":"https:\/\/dev2.cantalupe.net\/sigloxxi\/wp-json\/wp\/v2\/product_collection?post=16422"}],"curies":[{"name":"wp","href":"https:\/\/api.w.org\/{rel}","templated":true}]}}