{"id":16438,"date":"2025-11-04T15:00:40","date_gmt":"2025-11-04T15:00:40","guid":{"rendered":"https:\/\/dev2.cantalupe.net\/sigloxxi\/libro\/uso-y-abuso-de-la-biologia\/"},"modified":"2025-11-04T15:00:40","modified_gmt":"2025-11-04T15:00:40","slug":"uso-y-abuso-de-la-biologia","status":"publish","type":"product","link":"https:\/\/dev2.cantalupe.net\/sigloxxi\/libro\/uso-y-abuso-de-la-biologia\/","title":{"rendered":"Uso y abuso de la biolog\u00eda"},"content":{"rendered":"<p>La publicaci\u00f3n de la obra Sociobiolog\u00eda: la nueva s\u00edntesis, de Edward O. Wilson, ha provocado una controversia de proporciones hist\u00f3ricas. Wilson no es el primer sociobi\u00f3logo, pero s\u00ed el m\u00e1s globalizador y eficaz en la presentaci\u00f3n de lo que pretende ser una nueva disciplina cient\u00edfica. La obra de Wilson ha dado origen, por ello, a una crisis del conocimiento y de la conciencia p\u00fablica, crisis que tiene connotaciones tanto pol\u00edticas o ideol\u00f3gicas como acad\u00e9micas.En Uso y abuso de la biolog\u00eda, Marshall Sahlins se propone realizar una cr\u00edtica de la sociobiolog\u00eda desde el punto de vista antropol\u00f3gico, es decir, desde el punto de vista tradicional de lo que es la cultura. Sahlins concluye que las ciencias sociales no pueden ser reducidas a una base biol\u00f3gica, ya que \u00e9sta, aun siendo una condici\u00f3n absolutamente necesaria para la cultura, es completamente incapaz de especificar las propiedades del comportamiento humano o las variaciones que experimentan \u00e9stas de un grupo humano a otro.<\/p>\n","protected":false},"excerpt":{"rendered":"<p>La publicaci\u00f3n de la obra Sociobiolog\u00eda: la nueva s\u00edntesis, de Edward O. Wilson, ha provocado una controversia de proporciones hist\u00f3ricas. Wilson no es el primer sociobi\u00f3logo, pero s\u00ed el m\u00e1s globalizador y eficaz en la presentaci\u00f3n de lo que pretende ser una nueva disciplina cient\u00edfica. La obra de Wilson ha dado origen, por ello, a una crisis del conocimiento y de la conciencia p\u00fablica, crisis que tiene connotaciones tanto pol\u00edticas o ideol\u00f3gicas como acad\u00e9micas.En Uso y abuso de la biolog\u00eda, Marshall Sahlins se propone realizar una cr\u00edtica de la sociobiolog\u00eda desde el punto de vista antropol\u00f3gico, es decir, desde el punto de vista tradicional de lo que es la cultura. Sahlins concluye que las ciencias sociales no pueden ser reducidas a una base biol\u00f3gica, ya que \u00e9sta, aun siendo una condici\u00f3n absolutamente necesaria para la cultura, es completamente incapaz de especificar las propiedades del comportamiento humano o las variaciones que experimentan \u00e9stas de un grupo humano a otro.<\/p>\n","protected":false},"featured_media":4646,"comment_status":"closed","ping_status":"open","template":"","meta":{"_acf_changed":false},"materia_nivel_3":[],"subtema_nivel_2":[],"tema_nivel_1":[2563],"product_brand":[],"product_cat":[15],"product_tag":[],"product_author":[4401],"product_collection":[],"class_list":{"0":"post-16438","1":"product","2":"type-product","3":"status-publish","4":"has-post-thumbnail","6":"tema_nivel_1-siglo-xxi-de-espana-general","7":"product_cat-uncategorized","8":"product_author-sahlins-marshall","10":"first","11":"instock","12":"purchasable","13":"product-type-simple"},"acf":[],"_links":{"self":[{"href":"https:\/\/dev2.cantalupe.net\/sigloxxi\/wp-json\/wp\/v2\/product\/16438","targetHints":{"allow":["GET"]}}],"collection":[{"href":"https:\/\/dev2.cantalupe.net\/sigloxxi\/wp-json\/wp\/v2\/product"}],"about":[{"href":"https:\/\/dev2.cantalupe.net\/sigloxxi\/wp-json\/wp\/v2\/types\/product"}],"replies":[{"embeddable":true,"href":"https:\/\/dev2.cantalupe.net\/sigloxxi\/wp-json\/wp\/v2\/comments?post=16438"}],"version-history":[{"count":1,"href":"https:\/\/dev2.cantalupe.net\/sigloxxi\/wp-json\/wp\/v2\/product\/16438\/revisions"}],"predecessor-version":[{"id":16439,"href":"https:\/\/dev2.cantalupe.net\/sigloxxi\/wp-json\/wp\/v2\/product\/16438\/revisions\/16439"}],"wp:featuredmedia":[{"embeddable":true,"href":"https:\/\/dev2.cantalupe.net\/sigloxxi\/wp-json\/wp\/v2\/media\/4646"}],"wp:attachment":[{"href":"https:\/\/dev2.cantalupe.net\/sigloxxi\/wp-json\/wp\/v2\/media?parent=16438"}],"wp:term":[{"taxonomy":"materia_nivel_3","embeddable":true,"href":"https:\/\/dev2.cantalupe.net\/sigloxxi\/wp-json\/wp\/v2\/materia_nivel_3?post=16438"},{"taxonomy":"subtema_nivel_2","embeddable":true,"href":"https:\/\/dev2.cantalupe.net\/sigloxxi\/wp-json\/wp\/v2\/subtema_nivel_2?post=16438"},{"taxonomy":"tema_nivel_1","embeddable":true,"href":"https:\/\/dev2.cantalupe.net\/sigloxxi\/wp-json\/wp\/v2\/tema_nivel_1?post=16438"},{"taxonomy":"product_brand","embeddable":true,"href":"https:\/\/dev2.cantalupe.net\/sigloxxi\/wp-json\/wp\/v2\/product_brand?post=16438"},{"taxonomy":"product_cat","embeddable":true,"href":"https:\/\/dev2.cantalupe.net\/sigloxxi\/wp-json\/wp\/v2\/product_cat?post=16438"},{"taxonomy":"product_tag","embeddable":true,"href":"https:\/\/dev2.cantalupe.net\/sigloxxi\/wp-json\/wp\/v2\/product_tag?post=16438"},{"taxonomy":"product_author","embeddable":true,"href":"https:\/\/dev2.cantalupe.net\/sigloxxi\/wp-json\/wp\/v2\/product_author?post=16438"},{"taxonomy":"product_collection","embeddable":true,"href":"https:\/\/dev2.cantalupe.net\/sigloxxi\/wp-json\/wp\/v2\/product_collection?post=16438"}],"curies":[{"name":"wp","href":"https:\/\/api.w.org\/{rel}","templated":true}]}}