{"id":16482,"date":"2025-11-04T15:00:45","date_gmt":"2025-11-04T15:00:45","guid":{"rendered":"https:\/\/dev2.cantalupe.net\/sigloxxi\/libro\/virus-soberano-2\/"},"modified":"2025-11-04T15:00:46","modified_gmt":"2025-11-04T15:00:46","slug":"virus-soberano-2","status":"publish","type":"product","link":"https:\/\/dev2.cantalupe.net\/sigloxxi\/libro\/virus-soberano-2\/","title":{"rendered":"\u00bfVirus soberano?"},"content":{"rendered":"<p>El coronavirus es un virus soberano que traspasa los muros<br \/>\npatri\u00f3ticos, las arrogantes fronteras de los soberanistas. Y revela con toda su<br \/>\nterrible crudeza la l\u00f3gica inmunitaria que excluye a los m\u00e1s d\u00e9biles. La<br \/>\ndiferencia entre protegidos e indefensos, que desaf\u00eda toda idea de justicia, no<br \/>\nha sido nunca tan evidente. El virus ha puesto al descubierto la crueldad del<br \/>\ncapitalismo y muestra la imposibilidad de salvarse si no es con ayuda mutua,<br \/>\nobligando a pensar una nueva forma de vivir juntos.Un incisivo an\u00e1lisis del acontecimiento hist\u00f3rico que ya ha<br \/>\nmarcado el siglo XXI. Desde la<br \/>\ncuesti\u00f3n ecol\u00f3gica hasta el gobierno de expertos, desde el estado de alarma<br \/>\nhasta la democracia inmunitaria, desde el dominio del miedo hasta el contagio<br \/>\nde la conspiraci\u00f3n, desde la distancia impuesta hasta el control digital: c\u00f3mo<br \/>\nest\u00e1 cambiando la existencia, cu\u00e1les pueden ser los efectos pol\u00edticos en el<br \/>\nfuturo.Questo libro \u00e8 stato tradotto grazie a un contributo del<br \/>\nMinistero degli Affari Esteri e della Cooperazione italianoEste<br \/>\nlibro ha sido traducido gracias a la Ayuda a la traducci\u00f3n del Ministerio de<br \/>\nAsuntos Exteriores y de la Cooperaci\u00f3n italiano<\/p>\n","protected":false},"excerpt":{"rendered":"<p>El coronavirus es un virus soberano que traspasa los muros<br \/>\npatri\u00f3ticos, las arrogantes fronteras de los soberanistas. Y revela con toda su<br \/>\nterrible crudeza la l\u00f3gica inmunitaria que excluye a los m\u00e1s d\u00e9biles. La<br \/>\ndiferencia entre protegidos e indefensos, que desaf\u00eda toda idea de justicia, no<br \/>\nha sido nunca tan evidente. El virus ha puesto al descubierto la crueldad del<br \/>\ncapitalismo y muestra la imposibilidad de salvarse si no es con ayuda mutua,<br \/>\nobligando a pensar una nueva forma de vivir juntos.Un incisivo an\u00e1lisis del acontecimiento hist\u00f3rico que ya ha<br \/>\nmarcado el siglo XXI. Desde la<br \/>\ncuesti\u00f3n ecol\u00f3gica hasta el gobierno de expertos, desde el estado de alarma<br \/>\nhasta la democracia inmunitaria, desde el dominio del miedo hasta el contagio<br \/>\nde la conspiraci\u00f3n, desde la distancia impuesta hasta el control digital: c\u00f3mo<br \/>\nest\u00e1 cambiando la existencia, cu\u00e1les pueden ser los efectos pol\u00edticos en el<br \/>\nfuturo.Questo libro \u00e8 stato tradotto grazie a un contributo del<br \/>\nMinistero degli Affari Esteri e della Cooperazione italianoEste<br \/>\nlibro ha sido traducido gracias a la Ayuda a la traducci\u00f3n del Ministerio de<br \/>\nAsuntos Exteriores y de la Cooperaci\u00f3n italiano<\/p>\n","protected":false},"featured_media":4686,"comment_status":"closed","ping_status":"open","template":"","meta":{"_acf_changed":false},"materia_nivel_3":[],"subtema_nivel_2":[2586,2576,2583],"tema_nivel_1":[2587],"product_brand":[],"product_cat":[15],"product_tag":[],"product_author":[3717],"product_collection":[],"class_list":{"0":"post-16482","1":"product","2":"type-product","3":"status-publish","4":"has-post-thumbnail","6":"subtema_nivel_2-filosofia","7":"subtema_nivel_2-politica","8":"subtema_nivel_2-sociologia","9":"tema_nivel_1-filosofia-y-pensamiento","10":"product_cat-uncategorized","11":"product_author-di-cesare-donatella","13":"first","14":"instock","15":"purchasable","16":"product-type-simple"},"acf":[],"_links":{"self":[{"href":"https:\/\/dev2.cantalupe.net\/sigloxxi\/wp-json\/wp\/v2\/product\/16482","targetHints":{"allow":["GET"]}}],"collection":[{"href":"https:\/\/dev2.cantalupe.net\/sigloxxi\/wp-json\/wp\/v2\/product"}],"about":[{"href":"https:\/\/dev2.cantalupe.net\/sigloxxi\/wp-json\/wp\/v2\/types\/product"}],"replies":[{"embeddable":true,"href":"https:\/\/dev2.cantalupe.net\/sigloxxi\/wp-json\/wp\/v2\/comments?post=16482"}],"version-history":[{"count":1,"href":"https:\/\/dev2.cantalupe.net\/sigloxxi\/wp-json\/wp\/v2\/product\/16482\/revisions"}],"predecessor-version":[{"id":16483,"href":"https:\/\/dev2.cantalupe.net\/sigloxxi\/wp-json\/wp\/v2\/product\/16482\/revisions\/16483"}],"wp:featuredmedia":[{"embeddable":true,"href":"https:\/\/dev2.cantalupe.net\/sigloxxi\/wp-json\/wp\/v2\/media\/4686"}],"wp:attachment":[{"href":"https:\/\/dev2.cantalupe.net\/sigloxxi\/wp-json\/wp\/v2\/media?parent=16482"}],"wp:term":[{"taxonomy":"materia_nivel_3","embeddable":true,"href":"https:\/\/dev2.cantalupe.net\/sigloxxi\/wp-json\/wp\/v2\/materia_nivel_3?post=16482"},{"taxonomy":"subtema_nivel_2","embeddable":true,"href":"https:\/\/dev2.cantalupe.net\/sigloxxi\/wp-json\/wp\/v2\/subtema_nivel_2?post=16482"},{"taxonomy":"tema_nivel_1","embeddable":true,"href":"https:\/\/dev2.cantalupe.net\/sigloxxi\/wp-json\/wp\/v2\/tema_nivel_1?post=16482"},{"taxonomy":"product_brand","embeddable":true,"href":"https:\/\/dev2.cantalupe.net\/sigloxxi\/wp-json\/wp\/v2\/product_brand?post=16482"},{"taxonomy":"product_cat","embeddable":true,"href":"https:\/\/dev2.cantalupe.net\/sigloxxi\/wp-json\/wp\/v2\/product_cat?post=16482"},{"taxonomy":"product_tag","embeddable":true,"href":"https:\/\/dev2.cantalupe.net\/sigloxxi\/wp-json\/wp\/v2\/product_tag?post=16482"},{"taxonomy":"product_author","embeddable":true,"href":"https:\/\/dev2.cantalupe.net\/sigloxxi\/wp-json\/wp\/v2\/product_author?post=16482"},{"taxonomy":"product_collection","embeddable":true,"href":"https:\/\/dev2.cantalupe.net\/sigloxxi\/wp-json\/wp\/v2\/product_collection?post=16482"}],"curies":[{"name":"wp","href":"https:\/\/api.w.org\/{rel}","templated":true}]}}