{"id":16516,"date":"2025-11-04T15:00:45","date_gmt":"2025-11-04T15:00:45","guid":{"rendered":"https:\/\/dev2.cantalupe.net\/sigloxxi\/libro\/yo-memorias-inmorales\/"},"modified":"2025-11-04T15:00:58","modified_gmt":"2025-11-04T15:00:58","slug":"yo-memorias-inmorales","status":"publish","type":"product","link":"https:\/\/dev2.cantalupe.net\/sigloxxi\/libro\/yo-memorias-inmorales\/","title":{"rendered":"Yo, memorias inmorales"},"content":{"rendered":"<p>Solapa: El 2 de febrero de 1946, Sergei Mijailovich Eisenstein sufre un infarto y considera que la vida ha llegado a su fin. Sergei Prokofiev le convence, en la misma cl\u00ednica del Kremlin, de que escriba sus memorias. Pocos d\u00edas despu\u00e9s, Eisenstein empieza un texto sobre su infancia, esboza los planes de otros cap\u00edtulos y de los ?bloques? te\u00f3ricos&#8230; todo en un estilo ya definido: una completa libertad para que ?corra el pensamiento? y la pluma. En esos d\u00edas, de paso, encuentra el t\u00edtulo para su historia: Yo. Es posible que el castellano le diera una distancia ir\u00f3nica, quit\u00e1ndole su ?egocentrismo absoluto? y se hiciera presente tambi\u00e9n su nostalgia por M\u00e9xico y su cercan\u00eda con Mayakovski. En las primeras p\u00e1ginas, Eisenstein se pregunta ?si hubo en realidad una vida? y su respuesta es que ?Resulta que s\u00ed la hubo y fue vivida intensa, alegre y atormentadamente, fue incluso brillante en algunos momentos, indudablemente fue original y fue tal que con seguridad no la cambiara por otra. Con locura quise atrapar, detener y afianzar por escrito esos instantes de ?tiempo perdido?. Instantes que s\u00f3lo hab\u00edan conocido la espera, su recuerdo no s\u00e9 qu\u00e9 impaciente falta de perseverancia al ser vividos. He transitado por una \u00e9poca extraordinaria. Pero no quiero escribir sobre ella. Quiero escribir acerca del hombre medio que atraviesa como un contrapunto imprevisto por una gran \u00e9poca.? De Sergei Eisenstein Siglo XXI ha publish El sentido del cine y La forma del cine.<\/p>\n","protected":false},"excerpt":{"rendered":"<p>Solapa: El 2 de febrero de 1946, Sergei Mijailovich Eisenstein sufre un infarto y considera que la vida ha llegado a su fin. Sergei Prokofiev le convence, en la misma cl\u00ednica del Kremlin, de que escriba sus memorias. Pocos d\u00edas despu\u00e9s, Eisenstein empieza un texto sobre su infancia, esboza los planes de otros cap\u00edtulos y de los ?bloques? te\u00f3ricos&#8230; todo en un estilo ya definido: una completa libertad para que ?corra el pensamiento? y la pluma. En esos d\u00edas, de paso, encuentra el t\u00edtulo para su historia: Yo. Es posible que el castellano le diera una distancia ir\u00f3nica, quit\u00e1ndole su ?egocentrismo absoluto? y se hiciera presente tambi\u00e9n su nostalgia por M\u00e9xico y su cercan\u00eda con Mayakovski. En las primeras p\u00e1ginas, Eisenstein se pregunta ?si hubo en realidad una vida? y su respuesta es que ?Resulta que s\u00ed la hubo y fue vivida intensa, alegre y atormentadamente, fue incluso brillante en algunos momentos, indudablemente fue original y fue tal que con seguridad no la cambiara por otra. Con locura quise atrapar, detener y afianzar por escrito esos instantes de ?tiempo perdido?. Instantes que s\u00f3lo hab\u00edan conocido la espera, su recuerdo no s\u00e9 qu\u00e9 impaciente falta de perseverancia al ser vividos. He transitado por una \u00e9poca extraordinaria. Pero no quiero escribir sobre ella. Quiero escribir acerca del hombre medio que atraviesa como un contrapunto imprevisto por una gran \u00e9poca.? De Sergei Eisenstein Siglo XXI ha publish El sentido del cine y La forma del cine.<\/p>\n","protected":false},"featured_media":4716,"comment_status":"closed","ping_status":"open","template":"","meta":{"_acf_changed":false},"materia_nivel_3":[],"subtema_nivel_2":[3767],"tema_nivel_1":[2567],"product_brand":[],"product_cat":[15],"product_tag":[],"product_author":[],"product_collection":[],"class_list":{"0":"post-16516","1":"product","2":"type-product","3":"status-publish","4":"has-post-thumbnail","6":"subtema_nivel_2-cine","7":"tema_nivel_1-historia","8":"product_cat-uncategorized","10":"first","11":"instock","12":"purchasable","13":"product-type-simple"},"acf":[],"_links":{"self":[{"href":"https:\/\/dev2.cantalupe.net\/sigloxxi\/wp-json\/wp\/v2\/product\/16516","targetHints":{"allow":["GET"]}}],"collection":[{"href":"https:\/\/dev2.cantalupe.net\/sigloxxi\/wp-json\/wp\/v2\/product"}],"about":[{"href":"https:\/\/dev2.cantalupe.net\/sigloxxi\/wp-json\/wp\/v2\/types\/product"}],"replies":[{"embeddable":true,"href":"https:\/\/dev2.cantalupe.net\/sigloxxi\/wp-json\/wp\/v2\/comments?post=16516"}],"version-history":[{"count":1,"href":"https:\/\/dev2.cantalupe.net\/sigloxxi\/wp-json\/wp\/v2\/product\/16516\/revisions"}],"predecessor-version":[{"id":16517,"href":"https:\/\/dev2.cantalupe.net\/sigloxxi\/wp-json\/wp\/v2\/product\/16516\/revisions\/16517"}],"wp:featuredmedia":[{"embeddable":true,"href":"https:\/\/dev2.cantalupe.net\/sigloxxi\/wp-json\/wp\/v2\/media\/4716"}],"wp:attachment":[{"href":"https:\/\/dev2.cantalupe.net\/sigloxxi\/wp-json\/wp\/v2\/media?parent=16516"}],"wp:term":[{"taxonomy":"materia_nivel_3","embeddable":true,"href":"https:\/\/dev2.cantalupe.net\/sigloxxi\/wp-json\/wp\/v2\/materia_nivel_3?post=16516"},{"taxonomy":"subtema_nivel_2","embeddable":true,"href":"https:\/\/dev2.cantalupe.net\/sigloxxi\/wp-json\/wp\/v2\/subtema_nivel_2?post=16516"},{"taxonomy":"tema_nivel_1","embeddable":true,"href":"https:\/\/dev2.cantalupe.net\/sigloxxi\/wp-json\/wp\/v2\/tema_nivel_1?post=16516"},{"taxonomy":"product_brand","embeddable":true,"href":"https:\/\/dev2.cantalupe.net\/sigloxxi\/wp-json\/wp\/v2\/product_brand?post=16516"},{"taxonomy":"product_cat","embeddable":true,"href":"https:\/\/dev2.cantalupe.net\/sigloxxi\/wp-json\/wp\/v2\/product_cat?post=16516"},{"taxonomy":"product_tag","embeddable":true,"href":"https:\/\/dev2.cantalupe.net\/sigloxxi\/wp-json\/wp\/v2\/product_tag?post=16516"},{"taxonomy":"product_author","embeddable":true,"href":"https:\/\/dev2.cantalupe.net\/sigloxxi\/wp-json\/wp\/v2\/product_author?post=16516"},{"taxonomy":"product_collection","embeddable":true,"href":"https:\/\/dev2.cantalupe.net\/sigloxxi\/wp-json\/wp\/v2\/product_collection?post=16516"}],"curies":[{"name":"wp","href":"https:\/\/api.w.org\/{rel}","templated":true}]}}