{"id":16538,"date":"2025-11-04T15:51:42","date_gmt":"2025-11-04T15:51:42","guid":{"rendered":"https:\/\/dev2.cantalupe.net\/sigloxxi\/?post_type=product&#038;p=16538"},"modified":"2025-11-04T15:51:42","modified_gmt":"2025-11-04T15:51:42","slug":"la-educacion-como-practica-de-la-libertad-2","status":"publish","type":"product","link":"https:\/\/dev2.cantalupe.net\/sigloxxi\/libro\/la-educacion-como-practica-de-la-libertad-2\/","title":{"rendered":"La educaci\u00f3n como pr\u00e1ctica de la libertad"},"content":{"rendered":"<p>La educaci\u00f3n de las masas es el desaf\u00edo fundamental de los pa\u00edses en desarrollo, una educaci\u00f3n que, liberada de todos los rasgos alienantes, constituya el motor del cambio social. Por consiguiente, la opci\u00f3n se da entre una pedagog\u00eda \u00abpara la domesticaci\u00f3n\u00bb y una pedagog\u00eda \u00abpara la libertad\u00bb, entre \u00abuna educaci\u00f3n para el hombre-objeto\u00bb y \u00abuna educaci\u00f3n para el hombre-sujeto\u00bb. <\/p>\n<p>Paulo Freire considera que, dentro de las condiciones hist\u00f3ricas de la sociedad, es indispensable una amplia concienciaci\u00f3n de las masas a trav\u00e9s de una educaci\u00f3n que les permita reflexionar sobre su espacio y su tiempo. Est\u00e1 hondamente convencido de que la elevaci\u00f3n del pensamiento del individuo, \u00abque suele llamarse, apresuradamente, politizaci\u00f3n\u00bb, comienza exactamente con esta autorreflexi\u00f3n que lo lleva a profundizar su toma de conciencia y, sobre todo, a transformar su inserci\u00f3n en la historia, ya no como espectador, sino como actor y autor. <\/p>\n<p>La pedagog\u00eda de Paulo Freire es, por excelencia, una \u00abpedagog\u00eda del oprimido\u00bb, que no postula modelos de adaptaci\u00f3n ni de transici\u00f3n de nuestras sociedades, sino de ruptura, de cambio y de transformaci\u00f3n total. La alfabetizaci\u00f3n, y por consiguiente toda la tarea de educar, solo ser\u00e1 aut\u00e9nticamente humanista en la medida en que procure la integraci\u00f3n del individuo a su realidad nacional, en la medida en que pueda gestar en el educando un proceso de recreaci\u00f3n, de b\u00fasqueda, de independencia y, a la vez, de solidaridad.<\/p>\n","protected":false},"excerpt":{"rendered":"<p>La educaci\u00f3n de las masas es el desaf\u00edo fundamental de los pa\u00edses en desarrollo, una educaci\u00f3n que, liberada de todos<\/p>\n","protected":false},"featured_media":16539,"comment_status":"open","ping_status":"closed","template":"","meta":{"_acf_changed":false},"materia_nivel_3":[],"subtema_nivel_2":[4424,2649,2576],"tema_nivel_1":[3622],"product_brand":[],"product_cat":[15],"product_tag":[],"product_author":[4431,4432],"product_collection":[],"class_list":{"0":"post-16538","1":"product","2":"type-product","3":"status-publish","4":"has-post-thumbnail","6":"subtema_nivel_2-ciencias-humanas-y-sociales","7":"subtema_nivel_2-pedagogia","8":"subtema_nivel_2-politica","9":"tema_nivel_1-biblioteca-clasica-de-siglo-veintiuno","10":"product_cat-uncategorized","11":"product_author-freire","12":"product_author-paulo","14":"first","15":"instock","16":"shipping-taxable","17":"purchasable","18":"product-type-simple"},"acf":[],"_links":{"self":[{"href":"https:\/\/dev2.cantalupe.net\/sigloxxi\/wp-json\/wp\/v2\/product\/16538","targetHints":{"allow":["GET"]}}],"collection":[{"href":"https:\/\/dev2.cantalupe.net\/sigloxxi\/wp-json\/wp\/v2\/product"}],"about":[{"href":"https:\/\/dev2.cantalupe.net\/sigloxxi\/wp-json\/wp\/v2\/types\/product"}],"replies":[{"embeddable":true,"href":"https:\/\/dev2.cantalupe.net\/sigloxxi\/wp-json\/wp\/v2\/comments?post=16538"}],"version-history":[{"count":1,"href":"https:\/\/dev2.cantalupe.net\/sigloxxi\/wp-json\/wp\/v2\/product\/16538\/revisions"}],"predecessor-version":[{"id":16540,"href":"https:\/\/dev2.cantalupe.net\/sigloxxi\/wp-json\/wp\/v2\/product\/16538\/revisions\/16540"}],"wp:featuredmedia":[{"embeddable":true,"href":"https:\/\/dev2.cantalupe.net\/sigloxxi\/wp-json\/wp\/v2\/media\/16539"}],"wp:attachment":[{"href":"https:\/\/dev2.cantalupe.net\/sigloxxi\/wp-json\/wp\/v2\/media?parent=16538"}],"wp:term":[{"taxonomy":"materia_nivel_3","embeddable":true,"href":"https:\/\/dev2.cantalupe.net\/sigloxxi\/wp-json\/wp\/v2\/materia_nivel_3?post=16538"},{"taxonomy":"subtema_nivel_2","embeddable":true,"href":"https:\/\/dev2.cantalupe.net\/sigloxxi\/wp-json\/wp\/v2\/subtema_nivel_2?post=16538"},{"taxonomy":"tema_nivel_1","embeddable":true,"href":"https:\/\/dev2.cantalupe.net\/sigloxxi\/wp-json\/wp\/v2\/tema_nivel_1?post=16538"},{"taxonomy":"product_brand","embeddable":true,"href":"https:\/\/dev2.cantalupe.net\/sigloxxi\/wp-json\/wp\/v2\/product_brand?post=16538"},{"taxonomy":"product_cat","embeddable":true,"href":"https:\/\/dev2.cantalupe.net\/sigloxxi\/wp-json\/wp\/v2\/product_cat?post=16538"},{"taxonomy":"product_tag","embeddable":true,"href":"https:\/\/dev2.cantalupe.net\/sigloxxi\/wp-json\/wp\/v2\/product_tag?post=16538"},{"taxonomy":"product_author","embeddable":true,"href":"https:\/\/dev2.cantalupe.net\/sigloxxi\/wp-json\/wp\/v2\/product_author?post=16538"},{"taxonomy":"product_collection","embeddable":true,"href":"https:\/\/dev2.cantalupe.net\/sigloxxi\/wp-json\/wp\/v2\/product_collection?post=16538"}],"curies":[{"name":"wp","href":"https:\/\/api.w.org\/{rel}","templated":true}]}}