{"id":16550,"date":"2025-11-04T16:07:24","date_gmt":"2025-11-04T16:07:24","guid":{"rendered":"https:\/\/dev2.cantalupe.net\/sigloxxi\/?post_type=product&#038;p=16550"},"modified":"2025-11-04T16:07:24","modified_gmt":"2025-11-04T16:07:24","slug":"las-muchas-vidas-de-pier-paolo-pasolini","status":"publish","type":"product","link":"https:\/\/dev2.cantalupe.net\/sigloxxi\/libro\/las-muchas-vidas-de-pier-paolo-pasolini\/","title":{"rendered":"Las muchas vidas de Pier Paolo Pasolini"},"content":{"rendered":"<p>Poeta, homosexual, comunista, tradicionalista, revolucionario, cat\u00f3lico, cineasta, profesor, amante, egoc\u00e9ntrico, t\u00edmido, burgu\u00e9s. Pier Paolo Pasolini (1922 \u2013 1975) fue una figura contradictoria y pol\u00e9mica que desafi\u00f3 las categor\u00edas establecidas y se nutri\u00f3 de la tensi\u00f3n entre polos opuestos. <\/p>\n<p>En Las muchas vidas de Pier Paolo Pasolini, Jordi Corominas se aleja de la tradici\u00f3n biogr\u00e1fica que arranca con el tr\u00e1gico final y profundiza en esa vida de energ\u00eda desbordante. El autor hace un recorrido desde los a\u00f1os formativos en el Friuli y sus primeros versos en dialecto hasta su vida en las borgate romanas y el \u00e9xito cinematogr\u00e1fico en la capital italiana con pel\u00edculas como Accattone, Teorema y Sal\u00f3. El resultado es un retrato multidimensional en que se entrelaza vida y obra sin fisuras. <\/p>\n<p>Este libro desvela al visionario que diagnostic\u00f3 el \u00abgenocidio cultural\u00bb perpetrado por el neocapitalismo y la sociedad de consumo. A trav\u00e9s de su b\u00fasqueda incesante de lo sagrado en los m\u00e1rgenes, Pasolini se erige como un intelectual inc\u00f3modo que utiliz\u00f3 todas las formas del arte para provocar y desafiar al poder. Esta obra de referencia fundamental restituye su figura, que sigue interpelando nuestro presente con la misma urgencia que marc\u00f3 su tiempo<\/p>\n","protected":false},"excerpt":{"rendered":"<p>Poeta, homosexual, comunista, tradicionalista, revolucionario, cat\u00f3lico, cineasta, profesor, amante, egoc\u00e9ntrico, t\u00edmido, burgu\u00e9s. Pier Paolo Pasolini (1922 \u2013 1975) fue una<\/p>\n","protected":false},"featured_media":16551,"comment_status":"open","ping_status":"closed","template":"","meta":{"_acf_changed":false},"materia_nivel_3":[],"subtema_nivel_2":[2675,4424,3767],"tema_nivel_1":[2676],"product_brand":[],"product_cat":[15],"product_tag":[],"product_author":[4435],"product_collection":[],"class_list":{"0":"post-16550","1":"product","2":"type-product","3":"status-publish","4":"has-post-thumbnail","6":"subtema_nivel_2-biografias-y-memorias","7":"subtema_nivel_2-ciencias-humanas-y-sociales","8":"subtema_nivel_2-cine","9":"tema_nivel_1-vidas-para-leerlas","10":"product_cat-uncategorized","11":"product_author-jordi-corominas","13":"first","14":"instock","15":"shipping-taxable","16":"purchasable","17":"product-type-simple"},"acf":[],"_links":{"self":[{"href":"https:\/\/dev2.cantalupe.net\/sigloxxi\/wp-json\/wp\/v2\/product\/16550","targetHints":{"allow":["GET"]}}],"collection":[{"href":"https:\/\/dev2.cantalupe.net\/sigloxxi\/wp-json\/wp\/v2\/product"}],"about":[{"href":"https:\/\/dev2.cantalupe.net\/sigloxxi\/wp-json\/wp\/v2\/types\/product"}],"replies":[{"embeddable":true,"href":"https:\/\/dev2.cantalupe.net\/sigloxxi\/wp-json\/wp\/v2\/comments?post=16550"}],"version-history":[{"count":1,"href":"https:\/\/dev2.cantalupe.net\/sigloxxi\/wp-json\/wp\/v2\/product\/16550\/revisions"}],"predecessor-version":[{"id":16552,"href":"https:\/\/dev2.cantalupe.net\/sigloxxi\/wp-json\/wp\/v2\/product\/16550\/revisions\/16552"}],"wp:featuredmedia":[{"embeddable":true,"href":"https:\/\/dev2.cantalupe.net\/sigloxxi\/wp-json\/wp\/v2\/media\/16551"}],"wp:attachment":[{"href":"https:\/\/dev2.cantalupe.net\/sigloxxi\/wp-json\/wp\/v2\/media?parent=16550"}],"wp:term":[{"taxonomy":"materia_nivel_3","embeddable":true,"href":"https:\/\/dev2.cantalupe.net\/sigloxxi\/wp-json\/wp\/v2\/materia_nivel_3?post=16550"},{"taxonomy":"subtema_nivel_2","embeddable":true,"href":"https:\/\/dev2.cantalupe.net\/sigloxxi\/wp-json\/wp\/v2\/subtema_nivel_2?post=16550"},{"taxonomy":"tema_nivel_1","embeddable":true,"href":"https:\/\/dev2.cantalupe.net\/sigloxxi\/wp-json\/wp\/v2\/tema_nivel_1?post=16550"},{"taxonomy":"product_brand","embeddable":true,"href":"https:\/\/dev2.cantalupe.net\/sigloxxi\/wp-json\/wp\/v2\/product_brand?post=16550"},{"taxonomy":"product_cat","embeddable":true,"href":"https:\/\/dev2.cantalupe.net\/sigloxxi\/wp-json\/wp\/v2\/product_cat?post=16550"},{"taxonomy":"product_tag","embeddable":true,"href":"https:\/\/dev2.cantalupe.net\/sigloxxi\/wp-json\/wp\/v2\/product_tag?post=16550"},{"taxonomy":"product_author","embeddable":true,"href":"https:\/\/dev2.cantalupe.net\/sigloxxi\/wp-json\/wp\/v2\/product_author?post=16550"},{"taxonomy":"product_collection","embeddable":true,"href":"https:\/\/dev2.cantalupe.net\/sigloxxi\/wp-json\/wp\/v2\/product_collection?post=16550"}],"curies":[{"name":"wp","href":"https:\/\/api.w.org\/{rel}","templated":true}]}}