{"id":16553,"date":"2025-11-04T16:09:47","date_gmt":"2025-11-04T16:09:47","guid":{"rendered":"https:\/\/dev2.cantalupe.net\/sigloxxi\/?post_type=product&#038;p=16553"},"modified":"2025-11-04T16:11:36","modified_gmt":"2025-11-04T16:11:36","slug":"la-rabia-es-nuestra","status":"publish","type":"product","link":"https:\/\/dev2.cantalupe.net\/sigloxxi\/libro\/la-rabia-es-nuestra\/","title":{"rendered":"La rabia es nuestra"},"content":{"rendered":"<p>Vivimos tiempos de rabia. De comida y alquileres impagables, de crisis clim\u00e1tica, incendios y desastres como la DANA, de tantas otras cat\u00e1strofes b\u00e9licas, econ\u00f3micas y sanitarias. En este estado de permanente crisis y precariedad, de falta de sentido y de futuro, emerge un magma rabioso que amenaza con estallar. La derecha lo sabe bien y su estrategia es canalizar esta emoci\u00f3n contra los de abajo. Mientras tanto, parte de la izquierda renuncia a disputar la rabia, y la retrata como inmadura, peligrosa, contraproducente. Pero la rabia est\u00e1 brotando y alguien la adoptar\u00e1 y dar\u00e1 nombre. <\/p>\n<p>Con un pulso incisivo, Oriol Erausquin defiende la importancia de politizar la rabia y cuestionar sus usos y l\u00edmites. Este ensayo la reivindica como una emoci\u00f3n leg\u00edtima y movilizadora. Una rabia que no nace del odio sino de reconocer una injusticia. Que no quiere destruirlo todo sino romper lo que nos da\u00f1a. Que no se alimenta del asco, sino que sostiene la lucha contra el poder que nos asfixia. Porque si el futuro a\u00fan es posible, ser\u00e1 gracias a quienes se atrevan a organizar la rabia<\/p>\n","protected":false},"excerpt":{"rendered":"<p>Vivimos tiempos de rabia. De comida y alquileres impagables, de crisis clim\u00e1tica, incendios y desastres como la DANA, de tantas<\/p>\n","protected":false},"featured_media":16554,"comment_status":"open","ping_status":"closed","template":"","meta":{"_acf_changed":false},"materia_nivel_3":[],"subtema_nivel_2":[4436,4424,2576],"tema_nivel_1":[2697],"product_brand":[],"product_cat":[15],"product_tag":[],"product_author":[4437],"product_collection":[],"class_list":{"0":"post-16553","1":"product","2":"type-product","3":"status-publish","4":"has-post-thumbnail","6":"subtema_nivel_2-actualidad","7":"subtema_nivel_2-ciencias-humanas-y-sociales","8":"subtema_nivel_2-politica","9":"tema_nivel_1-singular","10":"product_cat-uncategorized","11":"product_author-oriol-erausquin","13":"first","14":"instock","15":"shipping-taxable","16":"purchasable","17":"product-type-simple"},"acf":[],"_links":{"self":[{"href":"https:\/\/dev2.cantalupe.net\/sigloxxi\/wp-json\/wp\/v2\/product\/16553","targetHints":{"allow":["GET"]}}],"collection":[{"href":"https:\/\/dev2.cantalupe.net\/sigloxxi\/wp-json\/wp\/v2\/product"}],"about":[{"href":"https:\/\/dev2.cantalupe.net\/sigloxxi\/wp-json\/wp\/v2\/types\/product"}],"replies":[{"embeddable":true,"href":"https:\/\/dev2.cantalupe.net\/sigloxxi\/wp-json\/wp\/v2\/comments?post=16553"}],"version-history":[{"count":1,"href":"https:\/\/dev2.cantalupe.net\/sigloxxi\/wp-json\/wp\/v2\/product\/16553\/revisions"}],"predecessor-version":[{"id":16555,"href":"https:\/\/dev2.cantalupe.net\/sigloxxi\/wp-json\/wp\/v2\/product\/16553\/revisions\/16555"}],"wp:featuredmedia":[{"embeddable":true,"href":"https:\/\/dev2.cantalupe.net\/sigloxxi\/wp-json\/wp\/v2\/media\/16554"}],"wp:attachment":[{"href":"https:\/\/dev2.cantalupe.net\/sigloxxi\/wp-json\/wp\/v2\/media?parent=16553"}],"wp:term":[{"taxonomy":"materia_nivel_3","embeddable":true,"href":"https:\/\/dev2.cantalupe.net\/sigloxxi\/wp-json\/wp\/v2\/materia_nivel_3?post=16553"},{"taxonomy":"subtema_nivel_2","embeddable":true,"href":"https:\/\/dev2.cantalupe.net\/sigloxxi\/wp-json\/wp\/v2\/subtema_nivel_2?post=16553"},{"taxonomy":"tema_nivel_1","embeddable":true,"href":"https:\/\/dev2.cantalupe.net\/sigloxxi\/wp-json\/wp\/v2\/tema_nivel_1?post=16553"},{"taxonomy":"product_brand","embeddable":true,"href":"https:\/\/dev2.cantalupe.net\/sigloxxi\/wp-json\/wp\/v2\/product_brand?post=16553"},{"taxonomy":"product_cat","embeddable":true,"href":"https:\/\/dev2.cantalupe.net\/sigloxxi\/wp-json\/wp\/v2\/product_cat?post=16553"},{"taxonomy":"product_tag","embeddable":true,"href":"https:\/\/dev2.cantalupe.net\/sigloxxi\/wp-json\/wp\/v2\/product_tag?post=16553"},{"taxonomy":"product_author","embeddable":true,"href":"https:\/\/dev2.cantalupe.net\/sigloxxi\/wp-json\/wp\/v2\/product_author?post=16553"},{"taxonomy":"product_collection","embeddable":true,"href":"https:\/\/dev2.cantalupe.net\/sigloxxi\/wp-json\/wp\/v2\/product_collection?post=16553"}],"curies":[{"name":"wp","href":"https:\/\/api.w.org\/{rel}","templated":true}]}}